{"id":2482,"date":"2019-05-23T09:25:43","date_gmt":"2019-05-23T09:25:43","guid":{"rendered":"https:\/\/rcrcconference.org\/previous-conferences\/"},"modified":"2019-11-13T14:09:51","modified_gmt":"2019-11-13T14:09:51","slug":"previous-conferences","status":"publish","type":"page","link":"https:\/\/rcrcconference.org\/es\/about\/previous-conferences\/","title":{"rendered":"Conferencias Internacionales previas"},"content":{"rendered":"<section class=\"events\">\n    <div class=\"container\">\n        <ul class=\"events__list\">\n                                                <li class=\"event\">\n                        <div class=\"event__pic\">\n                            <img decoding=\"async\" src=\"https:\/\/rcrcconference.org\/app\/uploads\/2019\/05\/15795597040_a95d86bdb4_o.jpg\" alt=\"\">\n                        <\/div>\n                                                    <span class=\"event__subtitle\">\n                                            2015                                        <\/span>\n                                                                            <div class=\"event__title\">\n                                <h2>XXXII Conferencia Internacional<\/h2>\n                            <\/div>\n                                                                            <a href=\"https:\/\/rcrcconference.org\/es\/about\/previous-conferences\/32nd-international-conference\/\" class=\"button secondary\">\n                                Visitar la p\u00e1gina                            <\/a>\n                                            <\/li>\n                                                                <li class=\"event\">\n                        <div class=\"event__pic\">\n                            <img decoding=\"async\" src=\"https:\/\/rcrcconference.org\/app\/uploads\/2019\/05\/V-P-LB-E-01496.png\" alt=\"\">\n                        <\/div>\n                                                    <span class=\"event__subtitle\">\n                                            2011                                        <\/span>\n                                                                            <div class=\"event__title\">\n                                <h2>XXXI Conferencia Internacional<\/h2>\n                            <\/div>\n                                                                            <a href=\"https:\/\/rcrcconference.org\/es\/about\/previous-conferences\/31st-international-conference\/\" class=\"button secondary\">\n                                Visitar la p\u00e1gina                            <\/a>\n                                            <\/li>\n                                    <\/ul>\n    <\/div>\n<\/section>\n\n\n<section class=\"accordion-block\" style=\"background-color: #ffffff; color: #000000\" role=\"region\" aria-label=\"Pedges accordion block\">\n\t\t\t<div class=\"accordion-block__title\" role=\"heading\" aria-level=\"3\">\n\t\t\t<h3>Reuniones estatutarias previas \u2013 Documentos disponibles en l\u00ednea <\/h3>\n\t\t<\/div>\n\t\t\t\t<ul class=\"accordion\">\n\t\t\t\t\t\t\t<li class=\"accordion__item\">\n\t\t\t\t\t<div class=\"accordion__title\" role=\"button\" aria-expanded=\"false\" aria-label=\"Reuniones estatutarias previas \u2013 Documentos disponibles en l\u00ednea \">\n\t\t\t\t\t\t<h3 class=\"accordion__title-h4\">Reuniones estatutarias previas \u2013 Documentos disponibles en l\u00ednea <\/h3>\n\t\t\t\t\t<\/div>\n\t\t\t\t\t<div class=\"accordion__content\" role=\"region\" hidden>\n\t\t\t\t\t\tLas actas, los informes y las resoluciones de las Conferencias Internacionales y de los Consejos de Delegados celebrados desde 1863 est\u00e1n disponibles en <a rel=\"noreferrer noopener\" aria-label=\"www.icrc.org\/international-conferences (opens in a new tab)\" href=\"http:\/\/www.icrc.org\/international-conferences\" target=\"_blank\"><strong>www.icrc.org\/international-conferences<\/strong><\/a>. <br> Para m\u00e1s informaci\u00f3n sobre la importante contribuci\u00f3n de las reuniones estatutarias a la historia del Movimiento y a la acci\u00f3n humanitaria, <a href=\"https:\/\/cdn.knightlab.com\/libs\/timeline3\/latest\/embed\/index.html?source=1G3644RrKN4e6n9T2XWetSXYtFz2gGLiGKeJcANfP9Gw&amp;font=Default&amp;lang=en&amp;initial_zoom=2&amp;height=650\" target=\"_blank\" rel=\"noreferrer noopener\" aria-label=\"consulte esta cronolog\u00eda interactiva. (opens in a new tab)\"><strong>consulte esta cronolog\u00eda interactiva<\/strong>.<\/a> \t\t\t\t\t<\/div>\n\t\t\t\t<\/li>\n\t\t\t\t\t<\/ul>\n\t<\/section>\n","protected":false},"excerpt":{"rendered":"","protected":false},"author":1,"featured_media":256,"parent":2017,"menu_order":0,"comment_status":"closed","ping_status":"closed","template":"","meta":{"_acf_changed":false,"footnotes":""},"class_list":["post-2482","page","type-page","status-publish","has-post-thumbnail","hentry"],"acf":[],"_links":{"self":[{"href":"https:\/\/rcrcconference.org\/es\/wp-json\/wp\/v2\/pages\/2482"}],"collection":[{"href":"https:\/\/rcrcconference.org\/es\/wp-json\/wp\/v2\/pages"}],"about":[{"href":"https:\/\/rcrcconference.org\/es\/wp-json\/wp\/v2\/types\/page"}],"author":[{"embeddable":true,"href":"https:\/\/rcrcconference.org\/es\/wp-json\/wp\/v2\/users\/1"}],"replies":[{"embeddable":true,"href":"https:\/\/rcrcconference.org\/es\/wp-json\/wp\/v2\/comments?post=2482"}],"version-history":[{"count":4,"href":"https:\/\/rcrcconference.org\/es\/wp-json\/wp\/v2\/pages\/2482\/revisions"}],"predecessor-version":[{"id":11391,"href":"https:\/\/rcrcconference.org\/es\/wp-json\/wp\/v2\/pages\/2482\/revisions\/11391"}],"up":[{"embeddable":true,"href":"https:\/\/rcrcconference.org\/es\/wp-json\/wp\/v2\/pages\/2017"}],"wp:featuredmedia":[{"embeddable":true,"href":"https:\/\/rcrcconference.org\/es\/wp-json\/wp\/v2\/media\/256"}],"wp:attachment":[{"href":"https:\/\/rcrcconference.org\/es\/wp-json\/wp\/v2\/media?parent=2482"}],"curies":[{"name":"wp","href":"https:\/\/api.w.org\/{rel}","templated":true}]}}