{"id":2452,"date":"2019-05-23T06:13:08","date_gmt":"2019-05-23T06:13:08","guid":{"rendered":"https:\/\/rcrcconference.org\/33rd-international-conference\/32nd-international-conference\/"},"modified":"2023-06-08T16:26:55","modified_gmt":"2023-06-08T16:26:55","slug":"32nd-international-conference","status":"publish","type":"page","link":"https:\/\/rcrcconference.org\/es\/about\/previous-conferences\/32nd-international-conference\/","title":{"rendered":"XXXII Conferencia Internacional"},"content":{"rendered":"<section class=\"accordion-block\" style=\"background-color: #8C8C8C; color: #E5E5E5\" role=\"region\" aria-label=\"Pedges accordion block\">\n\t\t\t<div class=\"accordion-block__title\" role=\"heading\" aria-level=\"3\">\n\t\t\t<h3>Resoluciones e informes<\/h3>\n\t\t<\/div>\n\t\t\t\t<ul class=\"accordion\">\n\t\t\t\t\t\t\t<li class=\"accordion__item\">\n\t\t\t\t\t<div class=\"accordion__title\" role=\"button\" aria-expanded=\"false\" aria-label=\"Orden del d\u00eda y programa\">\n\t\t\t\t\t\t<h3 class=\"accordion__title-h4\">Orden del d\u00eda y programa<\/h3>\n\t\t\t\t\t<\/div>\n\t\t\t\t\t<div class=\"accordion__content\" role=\"region\" hidden>\n\t\t\t\t\t\t<a rel=\"noreferrer noopener\" href=\"http:\/\/rcrcconference.org\/wp-content\/uploads\/2015\/04\/32IC-AR-agenda-and-programme_ES.pdf\" target=\"_blank\">Orden del d\u00eda y programa\u00a0<\/a>(CD\/15\/R8 y 32IC\/15\/6)<br><a rel=\"noreferrer noopener\" href=\"http:\/\/rcrcconference.org\/wp-content\/uploads\/2015\/10\/ICCD_Prog_2015_esp.pdf\" target=\"_blank\">Estructura de la Conferencia<\/a><br><a rel=\"noreferrer noopener\" href=\"http:\/\/rcrcconference.org\/calendar\/?lang=es\" target=\"_blank\">Lista de eventos paralelos<\/a><br><a rel=\"noreferrer noopener\" href=\"http:\/\/rcrcconference.org\/wp-content\/uploads\/2015\/10\/IC32_Humanitarian-Dialogue-concept-note-ES.pdf\" target=\"_blank\">Nota conceptual para el Di\u00e1logo Humanitario: laboratorio visionario de s\u00edntesis<\/a><br><a rel=\"noreferrer noopener\" href=\"http:\/\/rcrcconference.org\/wp-content\/uploads\/2015\/03\/IC32_-Concept-paper_final_ES.pdf\" target=\"_blank\">Nota conceptual para la XXXII Conferencia Internacional<\/a> \t\t\t\t\t<\/div>\n\t\t\t\t<\/li>\n\t\t\t\t\t\t\t<li class=\"accordion__item\">\n\t\t\t\t\t<div class=\"accordion__title\" role=\"button\" aria-expanded=\"false\" aria-label=\"Resoluciones\">\n\t\t\t\t\t\t<h3 class=\"accordion__title-h4\">Resoluciones<\/h3>\n\t\t\t\t\t<\/div>\n\t\t\t\t\t<div class=\"accordion__content\" role=\"region\" hidden>\n\t\t\t\t\t\t Resoluci\u00f3n 1:\u00a0<a rel=\"noreferrer noopener\" href=\"http:\/\/rcrcconference.org\/wp-content\/uploads\/2015\/04\/32IC-AR-Persons-deprived-of-liberty_ES.pdf\" target=\"_blank\">Fortalecimiento del derecho internacional humanitario que protege a las personas privadas de libertad<\/a>\u00a0(32IC\/15\/R1)<br><a rel=\"noreferrer noopener\" href=\"http:\/\/rcrcconference.org\/wp-content\/uploads\/2015\/04\/32IC-Concluding-report-on-persons-deprived-of-their-liberty_ES.pdf\" target=\"_blank\">Informe final\u00a0<\/a>(2015, 32IC\/15\/19.1)<br><br>Resoluci\u00f3n 2:\u00a0<a rel=\"noreferrer noopener\" href=\"http:\/\/rcrcconference.org\/wp-content\/uploads\/2015\/04\/32IC-AR-Compliance_ES.pdf\" target=\"_blank\">Fortalecimiento del cumplimiento del derecho internacional humanitario<\/a>\u00a0(32IC\/15\/R2)<br><a rel=\"noreferrer noopener\" href=\"http:\/\/rcrcconference.org\/wp-content\/uploads\/2015\/04\/32IC-Concluding-Report-Strengthening-Compliance-with-IHL_ES.pdf\" target=\"_blank\">Informe final<\/a>\u00a0(2015, 32IC\/15\/19.2)<br><br>Resoluci\u00f3n 3:\u00a0<a rel=\"noreferrer noopener\" href=\"http:\/\/rcrcconference.org\/wp-content\/uploads\/2015\/04\/32IC-AR-on-Sexual-and-gender-based-violence_ES.pdf\" target=\"_blank\">Violencia sexual y por motivos de g\u00e9nero: acci\u00f3n conjunta sobre la prevenci\u00f3n y la intervenci\u00f3n<\/a>\u00a0(32IC\/15\/R3)<br><a rel=\"noreferrer noopener\" href=\"http:\/\/rcrcconference.org\/wp-content\/uploads\/2015\/04\/32IC-Background-report-on-Sexual-and-gender-based-violence_ES.pdf\" target=\"_blank\">Informe de antecedentes<\/a>\u00a0(2015, 32IC\/15\/19.3)<br><br>Resoluci\u00f3n 4:\u00a0<a rel=\"noreferrer noopener\" href=\"http:\/\/rcrcconference.org\/wp-content\/uploads\/2015\/04\/32IC-AR-HCiD-_ES.pdf\" target=\"_blank\">Asistencia de salud en peligro: seguir protegiendo juntos la prestaci\u00f3n de la asistencia de salud<\/a>\u00a0(32IC\/15\/R4)<br><a rel=\"noreferrer noopener\" href=\"http:\/\/rcrcconference.org\/wp-content\/uploads\/2015\/04\/32IC-HCiD-Background-Report_ES.pdf\" target=\"_blank\">Informe de antecedentes<\/a>\u00a0(2015, 32IC\/15\/19.4)<br><br>Resoluci\u00f3n 5:\u00a0<a rel=\"noreferrer noopener\" href=\"http:\/\/rcrcconference.org\/wp-content\/uploads\/2015\/04\/IC32-AR5-Safety-security-volunteers_ES.pdf\" target=\"_blank\">La protecci\u00f3n y la seguridad de los voluntarios humanitarios<\/a> (32IC\/15\/R5)<br><a rel=\"noreferrer noopener\" href=\"http:\/\/rcrcconference.org\/wp-content\/uploads\/2015\/04\/IC32-19_5-safety-security-volunteers-background-report-FINAL-ES.pdf\" target=\"_blank\">Informe de antecedentes<\/a>\u00a0(2015, 32IC\/15\/19.5)<br> <br>Resoluci\u00f3n 6:\u00a0<a rel=\"noreferrer noopener\" href=\"http:\/\/rcrcconference.org\/wp-content\/uploads\/2015\/04\/32IC-AR6-Legal-frameworks-for-disaster_ES.pdf\" target=\"_blank\">Fortalecimiento de los marcos normativos aplicables en casos de desastre, actividades de reducci\u00f3n de riesgos y primeros auxilios<\/a> (32IC\/15\/R6)<br><a rel=\"noreferrer noopener\" href=\"http:\/\/rcrcconference.org\/wp-content\/uploads\/2015\/04\/IC32-19_6-Disaster-Law-report-FINAL-ES.pdf\" target=\"_blank\">Informe de antecedentes<\/a>\u00a0(2015, 32IC\/15\/19.6)<br><br>Resoluci\u00f3n 7:\u00a0<a rel=\"noreferrer noopener\" href=\"http:\/\/rcrcconference.org\/wp-content\/uploads\/2015\/04\/32IC-AR-Movement-matters-_ES.pdf\" target=\"_blank\">Fortalecimiento de la intervenci\u00f3n del Movimiento Internacional de la Cruz Roja y de la Media Luna Roja ante las crecientes necesidades humanitarias<\/a>\u00a0(32IC\/15\/R7)<br><a rel=\"noreferrer noopener\" href=\"http:\/\/rcrcconference.org\/wp-content\/uploads\/2015\/04\/32IC-Report-Omnibus-RCRC-Mvt-response_ES.pdf\" target=\"_blank\">Informe de antecedentes<\/a>\u00a0(2015, 32IC\/15\/19.7)<br><br>Resoluci\u00f3n 8:\u00a0<a rel=\"noreferrer noopener\" href=\"http:\/\/rcrcconference.org\/wp-content\/uploads\/2015\/04\/32IC-Res-8-MoU_ES.pdf\" target=\"_blank\">Aplicaci\u00f3n del Memorando de entendimiento y del Acuerdo de disposiciones operativas suscritos el 28 de noviembre de 2005 entre la Media Luna Roja Palestina y el Magen David Adom en Israel<\/a> (32IC\/15\/R8)<br><a rel=\"noreferrer noopener\" href=\"http:\/\/rcrcconference.org\/wp-content\/uploads\/2015\/04\/32IC-MoU-Report_ES.pdf\" target=\"_blank\">Informe\u00a0<\/a>(2015, 32IC\/15\/17.2)<br><br>Resoluci\u00f3n 9:\u00a0<a rel=\"noreferrer noopener\" href=\"http:\/\/rcrcconference.org\/wp-content\/uploads\/2015\/04\/32IC-AR-Fonds-Augusta_es.pdf\" target=\"_blank\">Disoluci\u00f3n del Fondo Augusta y transferencia de su capital al Fondo de la Medalla Florence Nightingale. Revisi\u00f3n del Reglamento de la Medalla Florence Nightingale<\/a>\u00a0(32IC\/15\/R9)<br><a rel=\"noreferrer noopener\" href=\"http:\/\/rcrcconference.org\/wp-content\/uploads\/2015\/04\/32IC-Rapport-Fonds-Augusta_ES.pdf\" target=\"_blank\">Informe<\/a>\u00a0(2015, 32IC\/15\/19.9)<br><br>Resoluci\u00f3n 10:\u00a0<a rel=\"noreferrer noopener\" href=\"http:\/\/rcrcconference.org\/wp-content\/uploads\/2015\/04\/32IC-AR10-Power-of-Humanity_ES.pdf\" target=\"_blank\">El Poder de la Humanidad<\/a>\u00a0(32IC\/15\/R10) \t\t\t\t\t<\/div>\n\t\t\t\t<\/li>\n\t\t\t\t\t\t\t<li class=\"accordion__item\">\n\t\t\t\t\t<div class=\"accordion__title\" role=\"button\" aria-expanded=\"false\" aria-label=\"Informes oficiales de la Conferencia internacional\">\n\t\t\t\t\t\t<h3 class=\"accordion__title-h4\">Informes oficiales de la Conferencia internacional<\/h3>\n\t\t\t\t\t<\/div>\n\t\t\t\t\t<div class=\"accordion__content\" role=\"region\" hidden>\n\t\t\t\t\t\t  <a rel=\"noreferrer noopener\" href=\"http:\/\/rcrcconference.org\/wp-content\/uploads\/2015\/04\/32IC-Conference-rapporteur-report_ES.pdf\" target=\"_blank\">Informe sobre las labores de la Conferencia Internacional<\/a><br><a rel=\"noreferrer noopener\" href=\"http:\/\/rcrcconference.org\/wp-content\/uploads\/2015\/04\/Closing-speech_humanitarian-dialogue_ES.pdf\" target=\"_blank\">Informe sobre el evento \u201cDi\u00e1logo Humanitario: laboratorio visionario de s\u00edntesis\u201d, presentado durante la reuni\u00f3n de clausura de la XXXII Conferencia Internacional<\/a> \t\t\t\t\t<\/div>\n\t\t\t\t<\/li>\n\t\t\t\t\t\t\t<li class=\"accordion__item\">\n\t\t\t\t\t<div class=\"accordion__title\" role=\"button\" aria-expanded=\"false\" aria-label=\"Comisiones\">\n\t\t\t\t\t\t<h3 class=\"accordion__title-h4\">Comisiones<\/h3>\n\t\t\t\t\t<\/div>\n\t\t\t\t\t<div class=\"accordion__content\" role=\"region\" hidden>\n\t\t\t\t\t\t <strong>Comisi\u00f3n A: Los Principios Fundamentales en acci\u00f3n<\/strong><br><a rel=\"noreferrer noopener\" href=\"http:\/\/rcrcconference.org\/wp-content\/uploads\/2015\/10\/32IC-Report-on-the-Fundamental-Principles_ES.pdf\" target=\"_blank\">Informe de antecedentes sobre los Principios Fundamentales en acci\u00f3n: un marco institucional operacional \u00e9tico y \u00fanico<\/a>\u00a0(32IC\/15\/10)<br><a rel=\"noreferrer noopener\" href=\"http:\/\/rcrcconference.org\/wp-content\/uploads\/2015\/04\/32IC-Fundamental-Principles-commission-oultine_ES.pdf\" target=\"_blank\">Resumen<\/a><br><a rel=\"noreferrer noopener\" href=\"http:\/\/rcrcconference.org\/wp-content\/uploads\/2015\/04\/32IC-Commission-A-report_ES.pdf\" target=\"_blank\">Informe<\/a><br><br><strong>Comisi\u00f3n B:\u00a0Los desaf\u00edos contempor\u00e1neos relativos al derecho internacional humanitario<\/strong>\u00a0(<em>Nota: Debido a modificaciones en la versi\u00f3n en idioma espa\u00f1ol, este documento reemplaza al informe publicado el 23 de octubre<\/em>)<br><a rel=\"noreferrer noopener\" href=\"http:\/\/rcrcconference.org\/wp-content\/uploads\/2015\/04\/32IC-Report-on-IHL-and-the-challenges-of-contemporary-armed-conflicts_ES.pdf\" target=\"_blank\">Resumen<\/a><br><a rel=\"noreferrer noopener\" href=\"http:\/\/rcrcconference.org\/wp-content\/uploads\/2015\/04\/32IC-IHL-Commission-B-report_ES.pdf\" target=\"_blank\">Informe<\/a><br><br><strong>Comisi\u00f3n C: Violencia sexual y por motivos de g\u00e9nero: acci\u00f3n conjunta sobre la prevenci\u00f3n y la intervenci\u00f3n<\/strong><br><a rel=\"noreferrer noopener\" href=\"http:\/\/rcrcconference.org\/wp-content\/uploads\/2015\/04\/32IC-Commission-SGBV_ES.pdf\" target=\"_blank\">Resumen<\/a><br><a rel=\"noreferrer noopener\" href=\"http:\/\/rcrcconference.org\/wp-content\/uploads\/2015\/04\/32IC-SGBV-Commission-C-report_ES.pdf\" target=\"_blank\">Informe<\/a><br><br><strong>Comisi\u00f3n D: Asistencia de salud en peligro: seguir protegiendo juntos la prestaci\u00f3n de asistencia de salud<\/strong><br><a rel=\"noreferrer noopener\" href=\"http:\/\/rcrcconference.org\/wp-content\/uploads\/2015\/04\/32IC-HCiD-Commission-outline_ES.pdf\" target=\"_blank\">Resumen<\/a><br><a rel=\"noreferrer noopener\" href=\"http:\/\/rcrcconference.org\/wp-content\/uploads\/2015\/04\/32IC-HCiD-Commission-D-report_ES.pdf\" target=\"_blank\">Informe<\/a><br><br><strong>Comisi\u00f3n E: Fomento de la capacidad de resistencia y recuperaci\u00f3n mediante la intervenci\u00f3n local y el fortalecimiento de los marcos jur\u00eddicos<\/strong><br><a rel=\"noreferrer noopener\" href=\"http:\/\/rcrcconference.org\/wp-content\/uploads\/2015\/04\/IC32-Commission-E-outline_ES.pdf\" target=\"_blank\">Resumen<\/a><br><a rel=\"noreferrer noopener\" href=\"http:\/\/rcrcconference.org\/wp-content\/uploads\/2015\/04\/32IC-Commission-E-report-Resilience_ES.pdf\" target=\"_blank\">Informe<\/a> \t\t\t\t\t<\/div>\n\t\t\t\t<\/li>\n\t\t\t\t\t\t\t<li class=\"accordion__item\">\n\t\t\t\t\t<div class=\"accordion__title\" role=\"button\" aria-expanded=\"false\" aria-label=\"Seguimiento de la XXXI Conferencia Internacional de la Cruz Roja y de la Media Luna Roja\">\n\t\t\t\t\t\t<h3 class=\"accordion__title-h4\">Seguimiento de la XXXI Conferencia Internacional de la Cruz Roja y de la Media Luna Roja<\/h3>\n\t\t\t\t\t<\/div>\n\t\t\t\t\t<div class=\"accordion__content\" role=\"region\" hidden>\n\t\t\t\t\t\t <a rel=\"noreferrer noopener\" href=\"http:\/\/rcrcconference.org\/wp-content\/uploads\/2015\/04\/IC32_follow-up-report-31st-IC-ES.pdf\" target=\"_blank\">Informe sobre la aplicaci\u00f3n de las resoluciones y las promesas de la XXXI Conferencia Internacional<\/a> (32IC\/15\/9)<br><a rel=\"noreferrer noopener\" href=\"http:\/\/rcrcconference.org\/wp-content\/uploads\/2015\/10\/32IC-Progress-report-4-year-action-plan-on-IHL_ES.pdf\" target=\"_blank\">Informe sobre los progresos alcanzados en relaci\u00f3n con el plan de acci\u00f3n cuatrienal para la aplicaci\u00f3n del derecho internacional humanitario<\/a>\u00a0(32IC\/15\/17.1)<br><a rel=\"noreferrer noopener\" href=\"http:\/\/rcrcconference.org\/wp-content\/uploads\/2015\/10\/IC32_Migration-report-ES.pdf\" target=\"_blank\">Informe sobre los progresos alcanzados en relaci\u00f3n con la aplicaci\u00f3n de la resoluci\u00f3n 3 de la XXXI Conferencia Internacional \u201cMigraci\u00f3n: acceso, dignidad, respeto por la diversidad e inclusi\u00f3n social\u201d 2011-2015<\/a>\u00a0(32IC\/15\/15)<br><a rel=\"noreferrer noopener\" href=\"http:\/\/rcrcconference.org\/wp-content\/uploads\/2015\/04\/32IC-MoU-Report_ES.pdf\" target=\"_blank\">Informe sobre la aplicaci\u00f3n del Memorando de entendimiento y del Acuerdo de disposiciones operativas suscrito el 28 de noviembre de 2005 entre la Media Luna Roja Palestina y el Magen David Adom en Israel\u201d<\/a>\u00a0(32IC\/15\/17.2) \t\t\t\t\t<\/div>\n\t\t\t\t<\/li>\n\t\t\t\t\t\t\t<li class=\"accordion__item\">\n\t\t\t\t\t<div class=\"accordion__title\" role=\"button\" aria-expanded=\"false\" aria-label=\"Material relacionado\">\n\t\t\t\t\t\t<h3 class=\"accordion__title-h4\">Material relacionado<\/h3>\n\t\t\t\t\t<\/div>\n\t\t\t\t\t<div class=\"accordion__content\" role=\"region\" hidden>\n\t\t\t\t\t\t <a rel=\"noreferrer noopener\" href=\"http:\/\/rcrcconference.org\/wp-content\/uploads\/2015\/04\/Voices-To-Action-Deliverable_ES.pdf\" target=\"_blank\">De la palabra a la acci\u00f3n<\/a> \t\t\t\t\t<\/div>\n\t\t\t\t<\/li>\n\t\t\t\t\t\t\t<li class=\"accordion__item\">\n\t\t\t\t\t<div class=\"accordion__title\" role=\"button\" aria-expanded=\"false\" aria-label=\"Instrucciones para presentar informes sobre los resultados de la XXXII Conferencia Internacional de la Cruz Roja y de la Media Luna Roja\">\n\t\t\t\t\t\t<h3 class=\"accordion__title-h4\">Instrucciones para presentar informes sobre los resultados de la XXXII Conferencia Internacional de la Cruz Roja y de la Media Luna Roja<\/h3>\n\t\t\t\t\t<\/div>\n\t\t\t\t\t<div class=\"accordion__content\" role=\"region\" hidden>\n\t\t\t\t\t\t haga clic <a rel=\"noreferrer noopener\" href=\"https:\/\/rcrcconference.org\/app\/uploads\/2019\/06\/191077_es-Reporting-guidelines_es.pdf\" target=\"_blank\">aqu\u00ed<\/a> \t\t\t\t\t<\/div>\n\t\t\t\t<\/li>\n\t\t\t\t\t<\/ul>\n\t<\/section>\n","protected":false},"excerpt":{"rendered":"","protected":false},"author":1,"featured_media":0,"parent":2482,"menu_order":0,"comment_status":"closed","ping_status":"closed","template":"front-page.php","meta":{"_acf_changed":false,"footnotes":""},"class_list":["post-2452","page","type-page","status-publish","hentry"],"acf":[],"_links":{"self":[{"href":"https:\/\/rcrcconference.org\/es\/wp-json\/wp\/v2\/pages\/2452"}],"collection":[{"href":"https:\/\/rcrcconference.org\/es\/wp-json\/wp\/v2\/pages"}],"about":[{"href":"https:\/\/rcrcconference.org\/es\/wp-json\/wp\/v2\/types\/page"}],"author":[{"embeddable":true,"href":"https:\/\/rcrcconference.org\/es\/wp-json\/wp\/v2\/users\/1"}],"replies":[{"embeddable":true,"href":"https:\/\/rcrcconference.org\/es\/wp-json\/wp\/v2\/comments?post=2452"}],"version-history":[{"count":17,"href":"https:\/\/rcrcconference.org\/es\/wp-json\/wp\/v2\/pages\/2452\/revisions"}],"predecessor-version":[{"id":24722,"href":"https:\/\/rcrcconference.org\/es\/wp-json\/wp\/v2\/pages\/2452\/revisions\/24722"}],"up":[{"embeddable":true,"href":"https:\/\/rcrcconference.org\/es\/wp-json\/wp\/v2\/pages\/2482"}],"wp:attachment":[{"href":"https:\/\/rcrcconference.org\/es\/wp-json\/wp\/v2\/media?parent=2452"}],"curies":[{"name":"wp","href":"https:\/\/api.w.org\/{rel}","templated":true}]}}