{"id":2417,"date":"2019-05-23T05:54:53","date_gmt":"2019-05-23T05:54:53","guid":{"rendered":"https:\/\/rcrcconference.org\/council-of-delegates\/2015-council-of-delegates\/"},"modified":"2024-08-25T15:07:07","modified_gmt":"2024-08-25T15:07:07","slug":"2015-council-of-delegates","status":"publish","type":"page","link":"https:\/\/rcrcconference.org\/es\/about-2\/previous-council-of-delegates\/2015-council-of-delegates\/","title":{"rendered":"Consejo de Delegados 2015"},"content":{"rendered":"\n<div style=\"height:100px\" aria-hidden=\"true\" class=\"wp-block-spacer\"><\/div>\n\n\n<div class=\"anchor__menu-title\" role=\"presentation\">\n\t<div class=\"container\">\t\t\t<h2 class=\"anchor__menu-h2\">Resoluciones e informes<\/h2>\n\t\t<\/div><\/div>\n\n\n<section class=\"accordion-block\" style=\"background-color: #ffffff; color: #4D4D4D\" role=\"region\" aria-label=\"Pedges accordion block\">\n\t\t\t\t<ul class=\"accordion\">\n\t\t\t\t\t\t\t<li class=\"accordion__item\">\n\t\t\t\t\t<div class=\"accordion__title\" role=\"button\" aria-expanded=\"false\" aria-label=\"Resoluci\u00f3n aprobada\">\n\t\t\t\t\t\t<h3 class=\"accordion__title-h4\">Resoluci\u00f3n aprobada<\/h3>\n\t\t\t\t\t<\/div>\n\t\t\t\t\t<div class=\"accordion__content\" role=\"region\" hidden>\n\t\t\t\t\t\t <a rel=\"noreferrer noopener\" href=\"http:\/\/rcrcconference.org\/wp-content\/uploads\/2015\/09\/CoD15-R1-SMCC_ES.pdf\" target=\"_blank\">Resoluci\u00f3n 1: Fortalecimiento del marco de coordinaci\u00f3n y cooperaci\u00f3n en el Movimiento<\/a>\u00a0(CD\/15\/R1).<a rel=\"noreferrer noopener\" href=\"http:\/\/rcrcconference.org\/wp-content\/uploads\/2015\/09\/CoD15_SMCC_report-FINAL-ES.pdf\" target=\"_blank\">Informe de referencia 2015<\/a>\u00a0(CD\/15\/5)<br><br><a rel=\"noreferrer noopener\" href=\"http:\/\/rcrcconference.org\/wp-content\/uploads\/2015\/09\/CD15-AR-MBI-adoption-of-the-Mvt-logo_ES.pdf\" target=\"_blank\">Resoluci\u00f3n 2: Iniciativa sobre el posicionamiento de la marca distintiva del Movimiento Internacional de la Cruz Roja y de la Media Luna Roja: adopci\u00f3n del logotipo del Movimiento Internacional de la Cruz Roja y de la Media Luna Roja<\/a>\u00a0(CD\/15\/R2).<br><a rel=\"noreferrer noopener\" href=\"http:\/\/rcrcconference.org\/wp-content\/uploads\/2015\/09\/CD15-Report-Movement-Branding-Initiative-adoption-of-the-Mvt-logo_ES.pdf\" target=\"_blank\">Informe de antecedentes y sobre los progresos alcanzados 2015<\/a>\u00a0(CD\/15\/6)<br><br><a rel=\"noreferrer noopener\" href=\"http:\/\/rcrcconference.org\/wp-content\/uploads\/2015\/09\/CoD15-R3-message-to-WHS_ES.pdf\" target=\"_blank\">Resoluci\u00f3n 3: Mensaje del Movimiento Internacional de la Cruz Roja y de la Media Luna Roja destinado a la Cumbre Humanitaria Mundia<\/a><a rel=\"noreferrer noopener\" href=\"http:\/\/rcconf.sbk3011.com\/wp-content\/uploads\/2015\/10\/CD15_WHS-Message-draft-resolution-ES.pdf\" target=\"_blank\">l<\/a>\u00a0(CD\/15\/R3).<br><br><a rel=\"noreferrer noopener\" href=\"http:\/\/rcrcconference.org\/wp-content\/uploads\/2015\/09\/CoD15_Res-4-disability_resolution-FINAL-ES.pdf\" target=\"_blank\">Resoluci\u00f3n 4: Aprobaci\u00f3n del marco estrat\u00e9gico para la inclusi\u00f3n de las personas con discapacidad en las actividades del Movimiento Internacional de la Cruz Roja y de la Media Luna Roja<\/a>\u00a0(CD\/15\/R4).<br><a rel=\"noreferrer noopener\" href=\"http:\/\/rcrcconference.org\/wp-content\/uploads\/2015\/09\/CoD15_disability_report-FINAL-ES.pdf\" target=\"_blank\">Informe de referencia 2015<\/a> (CD\/15\/9)<br><br><a rel=\"noreferrer noopener\" href=\"http:\/\/rcrcconference.org\/wp-content\/uploads\/2015\/09\/CoD15_Res-5-cultural-heritage-FINAL-ES.pdf\" target=\"_blank\">Resoluci\u00f3n 5: Conservaci\u00f3n del patrimonio hist\u00f3rico y cultural del Movimiento Internacional de al Cruz Roja de la Media Luna Roja<\/a>\u00a0(CD\/15\/R5).<br><a rel=\"noreferrer noopener\" href=\"http:\/\/rcrcconference.org\/wp-content\/uploads\/2015\/09\/CoD15_heritage-report-FINAL-ES.pdf\" target=\"_blank\">Informe de referencia 2015<\/a>\u00a0(CD\/15\/10)<br><br><a rel=\"noreferrer noopener\" href=\"http:\/\/rcrcconference.org\/wp-content\/uploads\/2015\/09\/CoD15_Res-6-Empress-Shoken-Fund-FINAL-ES.pdf\" target=\"_blank\">Resoluci\u00f3n 6: la Comisi\u00f3n Paritaria del Fondo de la Emperatriz Sh\u00f4ken \u2013 Enmienda del Reglamento de Fondo de la Emperatriz Sh\u00f4ken<\/a>\u00a0(CD\/15\/R6).<br><a rel=\"noreferrer noopener\" href=\"http:\/\/rcrcconference.org\/wp-content\/uploads\/2015\/09\/COD2015_ESF-Report-final_final-annex-ES.pdf\" target=\"_blank\">Informe 2015<\/a>\u00a0(CD\/15\/11)<br><br><a rel=\"noreferrer noopener\" href=\"http:\/\/rcrcconference.org\/wp-content\/uploads\/2015\/09\/CoD15-R7-migration_ES.pdf\" target=\"_blank\">Resoluci\u00f3n 7: Declaraci\u00f3n del Movimiento sobre la migraci\u00f3n: la protecci\u00f3n de los migrantes y la atenci\u00f3n de las necesidades y de las vulnerabilidades de estos mediante la acci\u00f3n colectiva<\/a>\u00a0(CD\/15\/R7).<br><br><a rel=\"noreferrer noopener\" href=\"http:\/\/rcrcconference.org\/wp-content\/uploads\/2015\/09\/32IC-AR-agenda-and-programme_ES.pdf\" target=\"_blank\">Resoluci\u00f3n 8: XXXII Conferencia Internacional de la Cruz Roja y de la Media Luna Roja \u2013 Orden del d\u00eda y programa<\/a>\u00a0(CD\/15\/R8).<br><br><a rel=\"noreferrer noopener\" href=\"http:\/\/rcrcconference.org\/wp-content\/uploads\/2015\/09\/CoD15-Res-9-32IC-officers_ES.pdf\" target=\"_blank\">Resoluci\u00f3n 9: Elecci\u00f3n de miembros de la Mesa y dem\u00e1s funcionarios de la XXXII Conferencia Internacional de la Cruz Roja y de la Media Luna Roja<\/a>\u00a0(CD\/15\/R9)<br><br><a rel=\"noreferrer noopener\" href=\"http:\/\/rcrcconference.org\/wp-content\/uploads\/2015\/09\/CD15-AR-on-the-MoU_ES.pdf\" target=\"_blank\">Resoluci\u00f3n 10: Aplicaci\u00f3n del Memorando de entendimiento y del Acuerdo de disposiciones operativas del 28 de noviembre de 2005 entre la Media Luna Roja Palestina y el Magen David Adom en Israel<\/a>(CD\/15\/R10).<br><a rel=\"noreferrer noopener\" href=\"http:\/\/rcrcconference.org\/wp-content\/uploads\/2015\/04\/32IC-MoU-Report_ES.pdf\" target=\"_blank\">Informe 2015<\/a>\u00a0(CD\/15\/8rev1)<br><br><a rel=\"noreferrer noopener\" href=\"http:\/\/rcrcconference.org\/wp-content\/uploads\/2015\/09\/CD15-AR-on-the-Vision-for-the-Movement_ES.pdf\" target=\"_blank\">Resoluci\u00f3n 11: Visi\u00f3n del Movimiento Internacional de la Cruz Roja y de la Media Luna Roja<\/a>\u00a0(CD\/15\/R11).<br><a rel=\"noreferrer noopener\" href=\"http:\/\/rcrcconference.org\/wp-content\/uploads\/2015\/09\/CD15-Report-on-the-Vision-for-the-Movement_ES.pdf\" target=\"_blank\">Informe de antecedents 2015\u00a0<\/a>(CD\/15\/4) \t\t\t\t\t<\/div>\n\t\t\t\t<\/li>\n\t\t\t\t\t\t\t<li class=\"accordion__item\">\n\t\t\t\t\t<div class=\"accordion__title\" role=\"button\" aria-expanded=\"false\" aria-label=\"Informes\">\n\t\t\t\t\t\t<h3 class=\"accordion__title-h4\">Informes<\/h3>\n\t\t\t\t\t<\/div>\n\t\t\t\t\t<div class=\"accordion__content\" role=\"region\" hidden>\n\t\t\t\t\t\t <a rel=\"noreferrer noopener\" href=\"http:\/\/rcrcconference.org\/wp-content\/uploads\/2015\/10\/CD15-Progress-report-on-Nuclear-weapons_ES.pdf\" target=\"_blank\">Informe sobre el progreso realizado con respecto a la aplicaci\u00f3n de la resoluci\u00f3n 1 del Consejo de Delegados (2013), \u00abHacia la eliminaci\u00f3n de las armas nucleares: Plan de acci\u00f3n de cuatro a\u00f1os\u00bb<\/a>(CD\/15\/13)<br><a rel=\"noreferrer noopener\" href=\"http:\/\/rcrcconference.org\/wp-content\/uploads\/2015\/10\/CD15-Progress-report-on-Weapons-and-IHL_ES.pdf\" target=\"_blank\">Armas y derecho internacional humanitario. Informe<\/a>\u00a0(CD\/15\/14)<br><a rel=\"noreferrer noopener\" href=\"http:\/\/rcrcconference.org\/wp-content\/uploads\/2015\/10\/CD15-Report-on-Sexual-and-gender-based-violence_ES.pdf\" target=\"_blank\">Informe sobre el progreso realizado con respecto a la violencia sexual y por motivos de g\u00e9nero en conflictos armados y desastres<\/a>\u00a0(CD\/15\/15)<br><a rel=\"noreferrer noopener\" href=\"http:\/\/rcrcconference.org\/wp-content\/uploads\/2015\/10\/CD15_JSC-report_FINAL-ES.pdf\" target=\"_blank\">Informe sobre el fortalecimiento de los estatutos y la base jur\u00eddica de las Sociedades Nacionales de la Cruz Roja y de la Media Luna Roja (progresos realizados entre agosto de 2013 a julio de 2015)<\/a>(CD\/15\/16)<br><a rel=\"noreferrer noopener\" href=\"http:\/\/rcrcconference.org\/wp-content\/uploads\/2015\/09\/CD15-Progress-report-Restoring-Family-Links-Strategy_ES.pdf\" target=\"_blank\">Informe sobre el progreso realizado con respecto a la aplicaci\u00f3n de la \u00abEstrategia para el Movimiento Internacional de la Cruz Roja y de la Media Luna Roja relativa al restablecimiento de contacto entre familiares\u00bb durante el periodo 2012-2015<\/a>\u00a0(CD\/15\/17)<br><a rel=\"noreferrer noopener\" href=\"http:\/\/rcrcconference.org\/wp-content\/uploads\/2015\/10\/CD15-Report-on-the-work-of-the-Standing-Commission-ES.pdf\" target=\"_blank\">Informe de la labor de la Comisi\u00f3n Permanente<\/a>\u00a0(CD\/15\/18) \t\t\t\t\t<\/div>\n\t\t\t\t<\/li>\n\t\t\t\t\t<\/ul>\n\t<\/section>\n","protected":false},"excerpt":{"rendered":"","protected":false},"author":1,"featured_media":1752,"parent":2503,"menu_order":0,"comment_status":"closed","ping_status":"closed","template":"","meta":{"_acf_changed":false,"footnotes":""},"class_list":["post-2417","page","type-page","status-publish","has-post-thumbnail","hentry"],"acf":[],"_links":{"self":[{"href":"https:\/\/rcrcconference.org\/es\/wp-json\/wp\/v2\/pages\/2417"}],"collection":[{"href":"https:\/\/rcrcconference.org\/es\/wp-json\/wp\/v2\/pages"}],"about":[{"href":"https:\/\/rcrcconference.org\/es\/wp-json\/wp\/v2\/types\/page"}],"author":[{"embeddable":true,"href":"https:\/\/rcrcconference.org\/es\/wp-json\/wp\/v2\/users\/1"}],"replies":[{"embeddable":true,"href":"https:\/\/rcrcconference.org\/es\/wp-json\/wp\/v2\/comments?post=2417"}],"version-history":[{"count":6,"href":"https:\/\/rcrcconference.org\/es\/wp-json\/wp\/v2\/pages\/2417\/revisions"}],"predecessor-version":[{"id":28232,"href":"https:\/\/rcrcconference.org\/es\/wp-json\/wp\/v2\/pages\/2417\/revisions\/28232"}],"up":[{"embeddable":true,"href":"https:\/\/rcrcconference.org\/es\/wp-json\/wp\/v2\/pages\/2503"}],"wp:featuredmedia":[{"embeddable":true,"href":"https:\/\/rcrcconference.org\/es\/wp-json\/wp\/v2\/media\/1752"}],"wp:attachment":[{"href":"https:\/\/rcrcconference.org\/es\/wp-json\/wp\/v2\/media?parent=2417"}],"curies":[{"name":"wp","href":"https:\/\/api.w.org\/{rel}","templated":true}]}}