{"id":23976,"date":"2023-04-24T13:09:09","date_gmt":"2023-04-24T13:09:09","guid":{"rendered":"https:\/\/rcrcconference.org\/engagement-guide-for-states-34th-international-conference\/"},"modified":"2024-08-27T09:28:03","modified_gmt":"2024-08-27T09:28:03","slug":"engagement-guide-for-states-34th-international-conference","status":"publish","type":"page","link":"https:\/\/rcrcconference.org\/es\/about\/34th-international-conference\/prepare-to-engage-34th-international-conference-for-conference-members-only\/engagement-guide-for-states-34th-international-conference\/","title":{"rendered":"Gu\u00eda de preparaci\u00f3n para los Estados &#8211; <br\/> XXXIV Conferencia Internacional"},"content":{"rendered":"\n<p>Al ser Estado Parte en los Convenios de Ginebra, su Gobierno es miembro de la Conferencia Internacional. Su lugar en este importante encuentro mundial es esencial para la sensibilizaci\u00f3n sobre las actividades humanitarias del Movimiento y el apoyo a ellas, as\u00ed como para el establecimiento de compromisos conjuntos en torno a prioridades humanitarias.<\/p>\n\n\n<div class=\"anchor__menu-title\" role=\"presentation\">\n\t\t\t\t<h2 class=\"anchor__menu-h2\">Gu\u00eda de preparaci\u00f3n para los Estados<\/h2>\n\t\t<\/div>\n\n\n\n<p>Esta gu\u00eda pr\u00e1ctica contiene las fechas principales que conviene agendarse y explica las etapas preparatorias. Asimismo, ofrece recomendaciones para una buena preparaci\u00f3n y una participaci\u00f3n completa.<\/p>\n\n\n\n<section class=\"download__button\">\n\t\t\t\t<a href=\"https:\/\/rcrcconference.org\/app\/uploads\/2024\/02\/ES_34th-IC-Engagement-Guide_States_A4.pdf\" target=\"_blank\" class=\"download__button-content\">\n\t\t\t<svg width=\"24\" height=\"25\" viewBox=\"0 0 24 25\" fill=\"#D00C08\" xmlns=\"http:\/\/www.w3.org\/2000\/svg\">\n\t\t\t\t\t<path d=\"M8 18.1558H16V16.1558H8V18.1558ZM8 14.1558H16V12.1558H8V14.1558ZM6 22.1558C5.45 22.1558 4.97917 21.9599 4.5875 21.5683C4.19583 21.1766 4 20.7058 4 20.1558V4.15576C4 3.60576 4.19583 3.13493 4.5875 2.74326C4.97917 2.3516 5.45 2.15576 6 2.15576H14L20 8.15576V20.1558C20 20.7058 19.8042 21.1766 19.4125 21.5683C19.0208 21.9599 18.55 22.1558 18 22.1558H6ZM13 9.15576V4.15576H6V20.1558H18V9.15576H13Z\"\/>\n\t\t\t\t<\/svg>Document download\t\t\t<svg width=\"24\" height=\"25\" viewBox=\"0 0 24 25\" fill=\"#D00C08\" xmlns=\"http:\/\/www.w3.org\/2000\/svg\">\n\t\t\t\t<path d=\"M12 16.1558L7 11.1558L8.4 9.70576L11 12.3058V4.15576H13V12.3058L15.6 9.70576L17 11.1558L12 16.1558ZM6 20.1558C5.45 20.1558 4.97917 19.9599 4.5875 19.5683C4.19583 19.1766 4 18.7058 4 18.1558V15.1558H6V18.1558H18V15.1558H20V18.1558C20 18.7058 19.8042 19.1766 19.4125 19.5683C19.0208 19.9599 18.55 20.1558 18 20.1558H6Z\"\/>\n\t\t\t<\/svg><\/a>\n\t\t<\/section>\n\n\n\n<section class=\"download__button\">\n\t\t\t\t<a href=\"https:\/\/rcrcconference.org\/app\/uploads\/2024\/02\/ES_34th-IC-Engagement-Guide_States_info_long.pdf\" target=\"_blank\" class=\"download__button-content\">\n\t\t\t<svg width=\"25\" height=\"25\" viewBox=\"0 0 25 25\" fill=\"#E32219\" xmlns=\"http:\/\/www.w3.org\/2000\/svg\">\n\t\t\t\t\t<path d=\"M13.9 0.355762C14.1 0.155762 14.4 0.155762 14.7 0.155762C19.7 1.05576 23.5 4.85576 24.4 9.85576C24.5 10.1558 24.4 10.4558 24.2 10.6558C24 10.8558 23.7 11.0558 23.4 11.0558H17.5C17.1 11.0558 16.7 10.7558 16.6 10.4558C16.2 9.35576 15.3 8.45576 14.2 8.05576C13.8 7.85576 13.5 7.45576 13.5 7.05576V1.15576C13.5 0.855762 13.6 0.555762 13.9 0.355762ZM15.5 2.45576V6.35576C16.7 6.95576 17.6 7.95576 18.2 9.05576H22.1C21.2 5.85576 18.7 3.35576 15.5 2.45576ZM11.2 0.355762C11.5 0.555762 11.6 0.855762 11.6 1.15576L11.5 7.05576C11.5 7.45576 11.3 7.85576 10.9 7.95576C9.3 8.65576 8.2 10.2558 8.2 12.0558C8.2 14.5558 10.2 16.4558 12.6 16.4558C14.5 16.4558 16.1 15.3558 16.7 13.6558C16.9 13.2558 17.2 13.0558 17.6 13.0558H23.5C23.8 13.0558 24.1 13.1558 24.3 13.4558C24.5 13.6558 24.6 13.9558 24.5 14.2558C23.4 19.8558 18.6 24.1558 12.6 24.1558C5.9 24.1558 0.5 18.7558 0.5 12.0558C0.5 6.15576 4.8 1.15576 10.4 0.155762C10.7 0.155762 11 0.155762 11.2 0.355762ZM9.6 2.45576C5.5 3.65576 2.5 7.55576 2.5 12.0558C2.5 17.6558 7 22.1558 12.6 22.1558C17.1 22.1558 20.9 19.1558 22.2 15.0558H18.3C17.2 17.0558 15.1 18.4558 12.6 18.4558C9 18.4558 6.2 15.5558 6.2 12.0558C6.2 9.65576 7.5 7.45576 9.5 6.35576L9.6 2.45576Z\"\/>\n\t\t\t\t<\/svg>Infographic download\t\t\t<svg width=\"24\" height=\"25\" viewBox=\"0 0 24 25\" fill=\"#D00C08\" xmlns=\"http:\/\/www.w3.org\/2000\/svg\">\n\t\t\t\t<path d=\"M12 16.1558L7 11.1558L8.4 9.70576L11 12.3058V4.15576H13V12.3058L15.6 9.70576L17 11.1558L12 16.1558ZM6 20.1558C5.45 20.1558 4.97917 19.9599 4.5875 19.5683C4.19583 19.1766 4 18.7058 4 18.1558V15.1558H6V18.1558H18V15.1558H20V18.1558C20 18.7058 19.8042 19.1766 19.4125 19.5683C19.0208 19.9599 18.55 20.1558 18 20.1558H6Z\"\/>\n\t\t\t<\/svg><\/a>\n\t\t<\/section>\n\n\n\n<div style=\"height:47px\" aria-hidden=\"true\" class=\"wp-block-spacer\"><\/div>\n\n\n<div class=\"anchor__menu-title\" role=\"presentation\">\n\t\t\t\t<h2 class=\"anchor__menu-h2\">Principales consultas y reuniones<\/h2>\n\t\t<\/div>\n\n\n<section class=\"accordion-block\" style=\"; \" role=\"region\" aria-label=\"Pedges accordion block\">\n\t\t\t\t<ul class=\"accordion\">\n\t\t\t\t\t\t\t<li class=\"accordion__item\">\n\t\t\t\t\t<div class=\"accordion__title\" role=\"button\" aria-expanded=\"false\" aria-label=\"Sesiones informativas para representantes estatales\">\n\t\t\t\t\t\t<h3 class=\"accordion__title-h4\">Sesiones informativas para representantes estatales<\/h3>\n\t\t\t\t\t<\/div>\n\t\t\t\t\t<div class=\"accordion__content\" role=\"region\" hidden>\n\t\t\t\t\t\tEstas reuniones permiten a los organizadores transmitir informaci\u00f3n acerca  de la Conferencia Internacional y a los participantes formular preguntas a  esos organizadores e intercambiar opiniones acerca de temas relacionados  con la conferencia.\t\t\t\t\t<\/div>\n\t\t\t\t<\/li>\n\t\t\t\t\t\t\t<li class=\"accordion__item\">\n\t\t\t\t\t<div class=\"accordion__title\" role=\"button\" aria-expanded=\"false\" aria-label=\"Reuniones preparatorias con los Estados y las Sociedades Nacionales\">\n\t\t\t\t\t\t<h3 class=\"accordion__title-h4\">Reuniones preparatorias con los Estados y las Sociedades Nacionales<\/h3>\n\t\t\t\t\t<\/div>\n\t\t\t\t\t<div class=\"accordion__content\" role=\"region\" hidden>\n\t\t\t\t\t\tLa reuni\u00f3n preparatoria suele realizarse unos cinco meses antes de la  conferencia. Permite a los Estados y a las Sociedades Nacionales debatir los  anteproyectos de resoluciones antes de la conferencia.\t\t\t\t\t<\/div>\n\t\t\t\t<\/li>\n\t\t\t\t\t\t\t<li class=\"accordion__item\">\n\t\t\t\t\t<div class=\"accordion__title\" role=\"button\" aria-expanded=\"false\" aria-label=\"Reuniones individuales y regionales\">\n\t\t\t\t\t\t<h3 class=\"accordion__title-h4\">Reuniones individuales y regionales<\/h3>\n\t\t\t\t\t<\/div>\n\t\t\t\t\t<div class=\"accordion__content\" role=\"region\" hidden>\n\t\t\t\t\t\tEstas reuniones entre los Estados, las Sociedades Nacionales y los  organizadores son una parte importante del proceso de preparaci\u00f3n, ya que  permiten conversar de manera detallada y espec\u00edfica.\t\t\t\t\t<\/div>\n\t\t\t\t<\/li>\n\t\t\t\t\t<\/ul>\n\t<\/section>\n\n\n\n<div style=\"height:50px\" aria-hidden=\"true\" class=\"wp-block-spacer\"><\/div>\n\n\n<div class=\"anchor__menu-title\" role=\"presentation\">\n\t\t\t\t<h2 class=\"anchor__menu-h2\">Las resoluciones y su importancia para los Estados<\/h2>\n\t\t<\/div>\n\n\n\n<p>Las resoluciones reflejan las decisiones formales de la Conferencia Internacional. Expresan compromisos claros asumidos por sus miembros.<\/p>\n\n\n\n<p>Se les consultar\u00e1 acerca de los proyectos de resoluciones durante los meses  previos a la Conferencia Internacional, seg\u00fan el cronograma establecido.  Tendr\u00e1n varias oportunidades para formular observaciones en el marco de su  elaboraci\u00f3n y de contribuir al proceso de redacci\u00f3n y negociaci\u00f3n como parte  del comit\u00e9 de redacci\u00f3n durante la conferencia en s\u00ed. <br><br>El comit\u00e9 en cuesti\u00f3n, en el marco del evento, tiene la tarea de negociar  y finalizar los textos de los proyectos de resoluciones, que luego son  presentados ante la Conferencia Internacional para su aprobaci\u00f3n en la  sesi\u00f3n plenaria final. Idealmente, las resoluciones deben aprobarse por  consenso, pero si este no se logra, pueden aprobarse por mayor\u00eda de quienes  est\u00e9n presentes y voten.  <\/p>\n\n\n\n<figure class=\"wp-block-image size-large\"><img loading=\"lazy\" decoding=\"async\" width=\"1024\" height=\"767\" src=\"https:\/\/rcrcconference.org\/app\/uploads\/2023\/05\/EG-State-resolution-ES-1024x767.jpg\" alt=\"\" class=\"wp-image-24365\" srcset=\"https:\/\/rcrcconference.org\/app\/uploads\/2023\/05\/EG-State-resolution-ES-1024x767.jpg 1024w, https:\/\/rcrcconference.org\/app\/uploads\/2023\/05\/EG-State-resolution-ES-300x225.jpg 300w, https:\/\/rcrcconference.org\/app\/uploads\/2023\/05\/EG-State-resolution-ES-768x575.jpg 768w, https:\/\/rcrcconference.org\/app\/uploads\/2023\/05\/EG-State-resolution-ES-1536x1151.jpg 1536w, https:\/\/rcrcconference.org\/app\/uploads\/2023\/05\/EG-State-resolution-ES-2048x1534.jpg 2048w\" sizes=\"(max-width: 1024px) 100vw, 1024px\" \/><\/figure>\n\n\n\n<section class=\"download__button\">\n\t\t\t\t<a href=\"https:\/\/rcrcconference.org\/app\/uploads\/2023\/05\/EG-State-resolution-ES-scaled.jpg\" target=\"_blank\" class=\"download__button-content\">\n\t\t\t<svg width=\"25\" height=\"25\" viewBox=\"0 0 25 25\" fill=\"#E32219\" xmlns=\"http:\/\/www.w3.org\/2000\/svg\">\n\t\t\t\t\t<path d=\"M13.9 0.355762C14.1 0.155762 14.4 0.155762 14.7 0.155762C19.7 1.05576 23.5 4.85576 24.4 9.85576C24.5 10.1558 24.4 10.4558 24.2 10.6558C24 10.8558 23.7 11.0558 23.4 11.0558H17.5C17.1 11.0558 16.7 10.7558 16.6 10.4558C16.2 9.35576 15.3 8.45576 14.2 8.05576C13.8 7.85576 13.5 7.45576 13.5 7.05576V1.15576C13.5 0.855762 13.6 0.555762 13.9 0.355762ZM15.5 2.45576V6.35576C16.7 6.95576 17.6 7.95576 18.2 9.05576H22.1C21.2 5.85576 18.7 3.35576 15.5 2.45576ZM11.2 0.355762C11.5 0.555762 11.6 0.855762 11.6 1.15576L11.5 7.05576C11.5 7.45576 11.3 7.85576 10.9 7.95576C9.3 8.65576 8.2 10.2558 8.2 12.0558C8.2 14.5558 10.2 16.4558 12.6 16.4558C14.5 16.4558 16.1 15.3558 16.7 13.6558C16.9 13.2558 17.2 13.0558 17.6 13.0558H23.5C23.8 13.0558 24.1 13.1558 24.3 13.4558C24.5 13.6558 24.6 13.9558 24.5 14.2558C23.4 19.8558 18.6 24.1558 12.6 24.1558C5.9 24.1558 0.5 18.7558 0.5 12.0558C0.5 6.15576 4.8 1.15576 10.4 0.155762C10.7 0.155762 11 0.155762 11.2 0.355762ZM9.6 2.45576C5.5 3.65576 2.5 7.55576 2.5 12.0558C2.5 17.6558 7 22.1558 12.6 22.1558C17.1 22.1558 20.9 19.1558 22.2 15.0558H18.3C17.2 17.0558 15.1 18.4558 12.6 18.4558C9 18.4558 6.2 15.5558 6.2 12.0558C6.2 9.65576 7.5 7.45576 9.5 6.35576L9.6 2.45576Z\"\/>\n\t\t\t\t<\/svg>Infographic download\t\t\t<svg width=\"24\" height=\"25\" viewBox=\"0 0 24 25\" fill=\"#D00C08\" xmlns=\"http:\/\/www.w3.org\/2000\/svg\">\n\t\t\t\t<path d=\"M12 16.1558L7 11.1558L8.4 9.70576L11 12.3058V4.15576H13V12.3058L15.6 9.70576L17 11.1558L12 16.1558ZM6 20.1558C5.45 20.1558 4.97917 19.9599 4.5875 19.5683C4.19583 19.1766 4 18.7058 4 18.1558V15.1558H6V18.1558H18V15.1558H20V18.1558C20 18.7058 19.8042 19.1766 19.4125 19.5683C19.0208 19.9599 18.55 20.1558 18 20.1558H6Z\"\/>\n\t\t\t<\/svg><\/a>\n\t\t<\/section>\n\n\n\n<div style=\"height:60px\" aria-hidden=\"true\" class=\"wp-block-spacer\"><\/div>\n\n\n<div class=\"anchor__menu-title\" role=\"presentation\">\n\t\t\t\t<h2 class=\"anchor__menu-h2\">Las promesas y su importancia para los Estados<\/h2>\n\t\t<\/div>\n\n\n\n<p>Las promesas son compromisos voluntarios \u2013no vinculantes\u2013 que reflejan una voluntad y disposici\u00f3n para actuar. Son una gran herramienta diplom\u00e1tica y pueden utilizarse para iniciar o promover el di\u00e1logo acerca de cuestiones de \u00edndole humanitaria.<\/p>\n\n\n\n<p>Se alienta a los Estados y a las Sociedades Nacionales a que formulen promesas conjuntas a fin de promover el di\u00e1logo y la cooperaci\u00f3n en torno a asuntos de inter\u00e9s com\u00fan, que a su vez pueden derivar en acciones humanitarias medibles. El di\u00e1logo y la cooperaci\u00f3n pueden iniciarse antes de la conferencia y continuar durante mucho tiempo tras su finalizaci\u00f3n. Los Estados y las Sociedades Nacionales pueden trabajar en conjunto para implementar una promesa en su pa\u00eds y analizar juntos c\u00f3mo avanza su aplicaci\u00f3n.<\/p>\n\n\n\n<figure class=\"wp-block-image size-large\"><img loading=\"lazy\" decoding=\"async\" width=\"1024\" height=\"783\" src=\"https:\/\/rcrcconference.org\/app\/uploads\/2023\/05\/EG-State-pledges-ES-1024x783.jpg\" alt=\"\" class=\"wp-image-24369\" srcset=\"https:\/\/rcrcconference.org\/app\/uploads\/2023\/05\/EG-State-pledges-ES-1024x783.jpg 1024w, https:\/\/rcrcconference.org\/app\/uploads\/2023\/05\/EG-State-pledges-ES-300x229.jpg 300w, https:\/\/rcrcconference.org\/app\/uploads\/2023\/05\/EG-State-pledges-ES-768x587.jpg 768w, https:\/\/rcrcconference.org\/app\/uploads\/2023\/05\/EG-State-pledges-ES-1536x1175.jpg 1536w, https:\/\/rcrcconference.org\/app\/uploads\/2023\/05\/EG-State-pledges-ES-2048x1566.jpg 2048w\" sizes=\"(max-width: 1024px) 100vw, 1024px\" \/><\/figure>\n\n\n\n<section class=\"download__button\">\n\t\t\t\t<a href=\"https:\/\/rcrcconference.org\/app\/uploads\/2023\/05\/EG-State-pledges-ES-scaled.jpg\" target=\"_blank\" class=\"download__button-content\">\n\t\t\t<svg width=\"25\" height=\"25\" viewBox=\"0 0 25 25\" fill=\"#E32219\" xmlns=\"http:\/\/www.w3.org\/2000\/svg\">\n\t\t\t\t\t<path d=\"M13.9 0.355762C14.1 0.155762 14.4 0.155762 14.7 0.155762C19.7 1.05576 23.5 4.85576 24.4 9.85576C24.5 10.1558 24.4 10.4558 24.2 10.6558C24 10.8558 23.7 11.0558 23.4 11.0558H17.5C17.1 11.0558 16.7 10.7558 16.6 10.4558C16.2 9.35576 15.3 8.45576 14.2 8.05576C13.8 7.85576 13.5 7.45576 13.5 7.05576V1.15576C13.5 0.855762 13.6 0.555762 13.9 0.355762ZM15.5 2.45576V6.35576C16.7 6.95576 17.6 7.95576 18.2 9.05576H22.1C21.2 5.85576 18.7 3.35576 15.5 2.45576ZM11.2 0.355762C11.5 0.555762 11.6 0.855762 11.6 1.15576L11.5 7.05576C11.5 7.45576 11.3 7.85576 10.9 7.95576C9.3 8.65576 8.2 10.2558 8.2 12.0558C8.2 14.5558 10.2 16.4558 12.6 16.4558C14.5 16.4558 16.1 15.3558 16.7 13.6558C16.9 13.2558 17.2 13.0558 17.6 13.0558H23.5C23.8 13.0558 24.1 13.1558 24.3 13.4558C24.5 13.6558 24.6 13.9558 24.5 14.2558C23.4 19.8558 18.6 24.1558 12.6 24.1558C5.9 24.1558 0.5 18.7558 0.5 12.0558C0.5 6.15576 4.8 1.15576 10.4 0.155762C10.7 0.155762 11 0.155762 11.2 0.355762ZM9.6 2.45576C5.5 3.65576 2.5 7.55576 2.5 12.0558C2.5 17.6558 7 22.1558 12.6 22.1558C17.1 22.1558 20.9 19.1558 22.2 15.0558H18.3C17.2 17.0558 15.1 18.4558 12.6 18.4558C9 18.4558 6.2 15.5558 6.2 12.0558C6.2 9.65576 7.5 7.45576 9.5 6.35576L9.6 2.45576Z\"\/>\n\t\t\t\t<\/svg>Infographic download\t\t\t<svg width=\"24\" height=\"25\" viewBox=\"0 0 24 25\" fill=\"#D00C08\" xmlns=\"http:\/\/www.w3.org\/2000\/svg\">\n\t\t\t\t<path d=\"M12 16.1558L7 11.1558L8.4 9.70576L11 12.3058V4.15576H13V12.3058L15.6 9.70576L17 11.1558L12 16.1558ZM6 20.1558C5.45 20.1558 4.97917 19.9599 4.5875 19.5683C4.19583 19.1766 4 18.7058 4 18.1558V15.1558H6V18.1558H18V15.1558H20V18.1558C20 18.7058 19.8042 19.1766 19.4125 19.5683C19.0208 19.9599 18.55 20.1558 18 20.1558H6Z\"\/>\n\t\t\t<\/svg><\/a>\n\t\t<\/section>\n\n\n\n<div style=\"height:47px\" aria-hidden=\"true\" class=\"wp-block-spacer\"><\/div>\n\n\n<div class=\"anchor__menu-title\" role=\"presentation\">\n\t\t\t\t<h2 class=\"anchor__menu-h2\">M\u00e1s ideas, m\u00e1s informaci\u00f3n<\/h2>\n\t\t<\/div>\n\n\n\n<p>Ante cualquier consulta, solicitud de ayuda o bien para proponer ideas, comun\u00edquense con los organizadores de la conferencia a trav\u00e9s de la direcci\u00f3n conferences@rcrcconference.org.<\/p>\n","protected":false},"excerpt":{"rendered":"<p>Al ser Estado Parte en los Convenios de Ginebra, su Gobierno es miembro de la Conferencia Internacional. Su lugar en este importante encuentro mundial es esencial para la sensibilizaci\u00f3n sobre las actividades humanitarias del Movimiento y el apoyo a ellas, as\u00ed como para el establecimiento de compromisos conjuntos en torno a prioridades humanitarias. Esta gu\u00eda [&hellip;]<\/p>\n","protected":false},"author":408,"featured_media":24432,"parent":24052,"menu_order":0,"comment_status":"closed","ping_status":"closed","template":"page-anchor-menu.php","meta":{"_acf_changed":false,"footnotes":""},"class_list":["post-23976","page","type-page","status-publish","has-post-thumbnail","hentry"],"acf":[],"_links":{"self":[{"href":"https:\/\/rcrcconference.org\/es\/wp-json\/wp\/v2\/pages\/23976"}],"collection":[{"href":"https:\/\/rcrcconference.org\/es\/wp-json\/wp\/v2\/pages"}],"about":[{"href":"https:\/\/rcrcconference.org\/es\/wp-json\/wp\/v2\/types\/page"}],"author":[{"embeddable":true,"href":"https:\/\/rcrcconference.org\/es\/wp-json\/wp\/v2\/users\/408"}],"replies":[{"embeddable":true,"href":"https:\/\/rcrcconference.org\/es\/wp-json\/wp\/v2\/comments?post=23976"}],"version-history":[{"count":6,"href":"https:\/\/rcrcconference.org\/es\/wp-json\/wp\/v2\/pages\/23976\/revisions"}],"predecessor-version":[{"id":28515,"href":"https:\/\/rcrcconference.org\/es\/wp-json\/wp\/v2\/pages\/23976\/revisions\/28515"}],"up":[{"embeddable":true,"href":"https:\/\/rcrcconference.org\/es\/wp-json\/wp\/v2\/pages\/24052"}],"wp:featuredmedia":[{"embeddable":true,"href":"https:\/\/rcrcconference.org\/es\/wp-json\/wp\/v2\/media\/24432"}],"wp:attachment":[{"href":"https:\/\/rcrcconference.org\/es\/wp-json\/wp\/v2\/media?parent=23976"}],"curies":[{"name":"wp","href":"https:\/\/api.w.org\/{rel}","templated":true}]}}