{"id":2379,"date":"2019-05-22T16:31:16","date_gmt":"2019-05-22T16:31:16","guid":{"rendered":"https:\/\/rcrcconference.org\/33rd-international-conference\/31st-international-conference\/"},"modified":"2019-05-23T05:32:34","modified_gmt":"2019-05-23T05:32:34","slug":"31st-international-conference","status":"publish","type":"page","link":"https:\/\/rcrcconference.org\/es\/about\/previous-conferences\/31st-international-conference\/","title":{"rendered":"31a Conferencia Internacional"},"content":{"rendered":"\n<section class=\"wp-block-red-cross-block-red-cross-text-block about\"><div class=\"container\"><div class=\"about__inner\"><div class=\"about__title\"><h3>Nuestro mundo. Tu acci\u00f3n \u2013 Por la humanidad<\/h3><\/div><div class=\"about__content\">La Conferencia Internacional de la Cruz Roja y de la Media Luna Roja (la Conferencia Internacional), es la mayor conferencia del mundo sobre el \u00e1mbito humanitario. Celebr\u00f3 su trig\u00e9sima primera reuni\u00f3n en Ginebra (Suiza), del 28 de noviembre al 1 de diciembre de 2011, con miras a fortalecer el derecho internacional humanitario y la acci\u00f3n humanitaria. La Conferencia Internacional, bajo el lema \u00abNuestro mundo. Tu acci\u00f3n \u2013 Por la humanidad\u00bb, congreg\u00f3 a representantes de 164 Estados, 183 Sociedades Nacionales, 56 observadores, el CICR y la Federaci\u00f3n Internacional.<\/div><\/div><\/div><\/section>\n\n\n\n<section class=\"wp-block-red-cross-block-red-cross-text-block about\"><div class=\"container\"><div class=\"about__inner\"><div class=\"about__title\"><h3>Resoluciones e informes<\/h3><\/div><div class=\"about__content\"><strong>Resoluciones<\/strong><br\/><a rel=\"noreferrer noopener\" href=\"http:\/\/rcrcconference.org\/wp-content\/uploads\/2019\/03\/31-International-Conference-Resolution_booklet_ES.pdf\" target=\"_blank\">Compendio de resoluciones<\/a><br\/><br\/><a rel=\"noreferrer noopener\" href=\"http:\/\/rcrcconference.org\/wp-content\/uploads\/2019\/03\/31-International-Conference-Resolution-1_Strengthening_IHL_ES.pdf\" target=\"_blank\">Resoluci\u00f3n 1 \u2013 Fortalecimiento de la protecci\u00f3n jur\u00eddica de las v\u00edctimas de los conflictos armados<\/a><br\/><a rel=\"noreferrer noopener\" href=\"http:\/\/rcrcconference.org\/wp-content\/uploads\/2019\/03\/31-International-Conference-Resolution-2_4-Year_Action_Plan_ES.pdf\" target=\"_blank\">Resoluci\u00f3n 2 \u2013 Plan de Acci\u00f3n cuatrienal para la aplicaci\u00f3n del derecho internacional humanitario<\/a><br\/><a rel=\"noreferrer noopener\" href=\"http:\/\/rcrcconference.org\/wp-content\/uploads\/2019\/03\/31-International-Conference-Resolution-3_Migration_ES.pdf\" target=\"_blank\">Resoluci\u00f3n 3 \u2013 Migraci\u00f3n: acceso, dignidad, respeto por la diversidad e inclusi\u00f3n social<\/a><br\/><a rel=\"noreferrer noopener\" href=\"http:\/\/rcrcconference.org\/wp-content\/uploads\/2019\/03\/31-International-Conference-Resolution-4_Auxiliary_Role_NS_ES.pdf\" target=\"_blank\">Resoluci\u00f3n 4 \u2013 Afianzar la funci\u00f3n de auxiliares de los poderes p\u00fablicos: establecer asociaciones para el fomento del desarrollo de Sociedades Nacionales s\u00f3lidas y del servicio voluntario<\/a><br\/><a rel=\"noreferrer noopener\" href=\"http:\/\/rcrcconference.org\/wp-content\/uploads\/2019\/03\/31-International-Conference-Resolution-5_HCiD_ES.pdf\" target=\"_blank\">Resoluci\u00f3n 5 \u2013 La asistencia de salud en peligro: respetar y proteger la asistencia de salud<\/a><br\/><a rel=\"noreferrer noopener\" href=\"http:\/\/rcrcconference.org\/wp-content\/uploads\/2019\/03\/31-International-Conference-Resolution-6_Health_Inequities_ES.pdf\" target=\"_blank\">Resoluci\u00f3n 6 \u2013 Reducir la falta de equidad sanitaria, en particular con respecto a las mujeres y los ni\u00f1os<\/a><br\/><a rel=\"noreferrer noopener\" href=\"http:\/\/rcrcconference.org\/wp-content\/uploads\/2019\/03\/31-International-Conference-Resolution-7_Disaster_Laws_ES.pdf\" target=\"_blank\">Resoluci\u00f3n 7 \u2013 Fortalecimiento de los marcos normativos y superaci\u00f3n de las barreras regulatorias en la mitigaci\u00f3n, la intervenci\u00f3n y la recuperaci\u00f3n a ra\u00edz de desastres<\/a><br\/><a rel=\"noreferrer noopener\" href=\"http:\/\/rcrcconference.org\/wp-content\/uploads\/2019\/03\/31-International-Conference-Resolution-8_MoU_Implementation_ES.pdf\" target=\"_blank\">Resoluci\u00f3n 8 \u2013 Aplicaci\u00f3n del Memorando de entendimiento y del Acuerdo de disposiciones operativas del 28 de noviembre de 2005 entre la Media Luna Roja Palestina y el Magen David Adom de Israel<\/a><br\/><a rel=\"noreferrer noopener\" href=\"http:\/\/rcrcconference.org\/wp-content\/uploads\/2019\/03\/31-International-Conference-Resolution-9_Other_ES.pdf\" target=\"_blank\">Resoluci\u00f3n 9 \u2013 Nuestro mundo. Tu acci\u00f3n \u2013 Por la humanidad<\/a><br\/><br\/><strong>Informes<\/strong><br\/>Informes generales<br\/><a rel=\"noreferrer noopener\" href=\"http:\/\/rcrcconference.org\/wp-content\/uploads\/2015\/04\/31-International-Conference-Report_Rapporteur_ES.pdf\" target=\"_blank\">Informe del relator de la Conferencia Internacional<\/a><br\/><a rel=\"noreferrer noopener\" href=\"http:\/\/rcrcconference.org\/wp-content\/uploads\/2015\/04\/31-International-Conference-Report_Chair_Drafting_Committee_ES.pdf\" target=\"_blank\">Informe de la presidenta del Comit\u00e9 de Redacci\u00f3n<\/a><br\/><a rel=\"noreferrer noopener\" href=\"http:\/\/rcrcconference.org\/wp-content\/uploads\/2015\/04\/31-International-Conference_Report_on_pledges_SPA.pdf\" target=\"_blank\">Informe sobre las promesas<\/a><br\/><br\/>Informes de las Comisiones<br\/><a rel=\"noreferrer noopener\" href=\"http:\/\/rcrcconference.org\/wp-content\/uploads\/2015\/04\/31-International-Conference-Resolution-committee_A_report_-_Migration_-_a.m._session_SP.pdf\" target=\"_blank\">Comisi\u00f3n A \u2013 Migraci\u00f3n, ma\u00f1ana<\/a>,\u00a0<a href=\"http:\/\/rcconf.sbk3011.com\/wp-content\/uploads\/2015\/04\/31-International-Conference-Resolution-committee-A_report_-_Migration_-_p.m._session_SP.pdf\">Comisi\u00f3n A \u2013 Migraci\u00f3n, tarde<\/a><br\/><a rel=\"noreferrer noopener\" href=\"http:\/\/rcrcconference.org\/wp-content\/uploads\/2015\/04\/31-International-Conference-Resolution-committee_B_report_-_Auxiliary_Role_and_Volunteering_-_a.m_session_SP.pdf\" target=\"_blank\">Comisi\u00f3n B \u2013 Funci\u00f3n de auxiliar de los poderes p\u00fablicos y servicio voluntario, ma\u00f1ana<\/a>\u00a0,\u00a0<a href=\"http:\/\/rcconf.sbk3011.com\/wp-content\/uploads\/2015\/04\/31-International-Conference-Resolution-committee_B_report_-_Auxiliary_Role_and_Volunteering_-_p.m_session_SP.pdf\">Comisi\u00f3n B \u2013 Funci\u00f3n de auxiliar de los poderes p\u00fablicos y servicio voluntario, tarde<\/a><br\/><a rel=\"noreferrer noopener\" href=\"http:\/\/rcrcconference.org\/wp-content\/uploads\/2015\/05\/31-International-Conference-Report_Commission_C-health-care-in-danger_ES.pdf\" target=\"_blank\">Comisi\u00f3n C \u2013 Asistencia de salud en peligro<\/a><br\/><a rel=\"noreferrer noopener\" href=\"http:\/\/rcrcconference.org\/wp-content\/uploads\/2015\/04\/31-International-Conference-Resolution-committee_D_report_-_Health_inequities_-_a.m_session_SP.pdf\" target=\"_blank\">Comisi\u00f3n D \u2013 Inequidades sanitarias, ma\u00f1ana<\/a>\u00a0|\u00a0<a href=\"http:\/\/rcconf.sbk3011.com\/wp-content\/uploads\/2015\/04\/31-International-Conference-Resolution-committee_D_report_-_Health_inequities_-_p.m_session_SP.pdf\">Comisi\u00f3n D \u2013 Inequidades sanitarias, tarde<\/a><br\/><a rel=\"noreferrer noopener\" href=\"http:\/\/rcrcconference.org\/wp-content\/uploads\/2015\/05\/31-International-Conference-Report_Commission_E_Humanitarian_Access_IHL_ES.pdf\" target=\"_blank\">Comisi\u00f3n E \u2013 Asistencia y acceso con fines humanitarios<\/a><br\/><br\/>Informes de los seminarios pr\u00e1cticos<br\/><a rel=\"noreferrer noopener\" href=\"http:\/\/rcrcconference.org\/wp-content\/uploads\/2015\/04\/31-International-Conference-Resolution-workshop_Report_Child_Protection_ES.pdf\" target=\"_blank\">Pr\u00e1cticas recomendadas para reforzar la protecci\u00f3n de los ni\u00f1os<\/a><br\/><a rel=\"noreferrer noopener\" href=\"http:\/\/rcrcconference.org\/wp-content\/uploads\/2015\/04\/31-International-Conference-Resolution-workshop_Report_HCiD_New_technology_ES.pdf\" target=\"_blank\">Asistencia de salud en peligro \u2013 \u00bfC\u00f3mo pueden ayudar las nuevas tecnolog\u00edas?<\/a><br\/><a rel=\"noreferrer noopener\" href=\"http:\/\/rcrcconference.org\/wp-content\/uploads\/2015\/04\/31-International-Conference_NS_Preparedness_and_Response_workshop_es.pdf\" target=\"_blank\">Preparaci\u00f3n y respuesta para casos de conflicto armado y otras situaciones de violencia<\/a><br\/><a rel=\"noreferrer noopener\" href=\"http:\/\/rcrcconference.org\/wp-content\/uploads\/2015\/04\/31-International-Conference-Resolution-workshop_Report_IHL_and_Gender_ES.pdf\" target=\"_blank\">\u00bfC\u00f3mo puede una perspectiva de g\u00e9nero marcar una diferencia en el derecho internacional humanitario?<\/a><br\/><a rel=\"noreferrer noopener\" href=\"http:\/\/rcrcconference.org\/wp-content\/uploads\/2015\/04\/31-International-Conference-Resolution-workshop_report_-_partnerships_SP.pdf\" target=\"_blank\">Fortalecimiento de las asociaciones para hacer frente a los retos humanitarios<\/a><br\/><a rel=\"noreferrer noopener\" href=\"http:\/\/rcrcconference.org\/wp-content\/uploads\/2015\/04\/31-International-Conference-Resolution-workshop_report_-_migration_SP.pdf\" target=\"_blank\">Intervenci\u00f3n humanitaria adecuada y oportuna ante las necesidades y vulnerabilidades de los migrantes \u2013 Desaf\u00edos relacionados con el acceso<\/a><br\/><a rel=\"noreferrer noopener\" href=\"http:\/\/rcrcconference.org\/wp-content\/uploads\/2015\/04\/31-International-Conference-Resolution-workshop_report_-_climate_change_SP.pdf\" target=\"_blank\">Cambio clim\u00e1tico: prioridad a las personas vulnerables<\/a><br\/><\/div><\/div><\/div><\/section>\n","protected":false},"excerpt":{"rendered":"","protected":false},"author":1,"featured_media":0,"parent":2482,"menu_order":0,"comment_status":"closed","ping_status":"closed","template":"front-page.php","meta":{"_acf_changed":false,"footnotes":""},"class_list":["post-2379","page","type-page","status-publish","hentry"],"acf":[],"_links":{"self":[{"href":"https:\/\/rcrcconference.org\/es\/wp-json\/wp\/v2\/pages\/2379"}],"collection":[{"href":"https:\/\/rcrcconference.org\/es\/wp-json\/wp\/v2\/pages"}],"about":[{"href":"https:\/\/rcrcconference.org\/es\/wp-json\/wp\/v2\/types\/page"}],"author":[{"embeddable":true,"href":"https:\/\/rcrcconference.org\/es\/wp-json\/wp\/v2\/users\/1"}],"replies":[{"embeddable":true,"href":"https:\/\/rcrcconference.org\/es\/wp-json\/wp\/v2\/comments?post=2379"}],"version-history":[{"count":1,"href":"https:\/\/rcrcconference.org\/es\/wp-json\/wp\/v2\/pages\/2379\/revisions"}],"predecessor-version":[{"id":2384,"href":"https:\/\/rcrcconference.org\/es\/wp-json\/wp\/v2\/pages\/2379\/revisions\/2384"}],"up":[{"embeddable":true,"href":"https:\/\/rcrcconference.org\/es\/wp-json\/wp\/v2\/pages\/2482"}],"wp:attachment":[{"href":"https:\/\/rcrcconference.org\/es\/wp-json\/wp\/v2\/media?parent=2379"}],"curies":[{"name":"wp","href":"https:\/\/api.w.org\/{rel}","templated":true}]}}