{"id":23577,"date":"2023-04-12T13:36:21","date_gmt":"2023-04-12T13:36:21","guid":{"rendered":"https:\/\/rcrcconference.org\/?page_id=23577"},"modified":"2024-08-25T19:07:56","modified_gmt":"2024-08-25T19:07:56","slug":"informes-sobre-las-promesas-xxxiii-conferencia-internacional-de-la-cruz-roja-y-de-la-media-luna-roja","status":"publish","type":"page","link":"https:\/\/rcrcconference.org\/es\/about\/reporting\/informes-sobre-las-promesas-xxxiii-conferencia-internacional-de-la-cruz-roja-y-de-la-media-luna-roja\/","title":{"rendered":"Informes sobre las promesas  &#8211; XXXIII Conferencia Internacional"},"content":{"rendered":"\n<section class=\"wp-block-red-cross-block-red-cross-text-block about\"><div class=\"container\"><div class=\"about__inner\"><div class=\"about__title\"><h3>Introducci\u00f3n<\/h3><\/div><div class=\"about__content\">Se espera que los signatarios de promesas sigan de cerca el cumplimiento de los compromisos asumidos bajo estas e informen al respecto. Aunque se trata de informes voluntarios, se los exhorta a ilustrar la labor realizada y el progreso alcanzado mediante el cumplimiento de sus promesas.  <br\/><br\/>Si desea rendir informe sobre una promesa formulada o firmada durante la XXXIII Conferencia Internacional, inscriba el t\u00edtulo de esta el el campo de b\u00fasqueda o utilice los filtros de selecci\u00f3n en la base de datos de promesas<\/div><\/div><\/div><\/section>\n\n\n<div class=\"pledges-btn\" aria-label=\"Pledges button container\">\n\t<div class=\"container\">\n\t\t<div class=\"pledges-btn__inner\" role=\"button\">\n\t\t\t\t\t\t\t\t\t\t\t\t<a href=\"https:\/\/rcrcconference.org\/es\/about\/pledges\/search\/\" class=\"button primary\">Ir a la base de datos de promesas e informes<\/a>\n\t\t\t\t\t\t\t\t\t<\/div>\n\t<\/div>\n<\/div>\n\n\n<section class=\"accordion-block\" style=\"background-color: #ffffff; color: #4D4D4D\" role=\"region\" aria-label=\"Pedges accordion block\">\n\t\t\t<div class=\"accordion-block__title\" role=\"heading\" aria-level=\"3\">\n\t\t\t<h3>Instrucciones para remitir informes sobre promesas <\/h3>\n\t\t<\/div>\n\t\t\t\t<ul class=\"accordion\">\n\t\t\t\t\t\t\t<li class=\"accordion__item\">\n\t\t\t\t\t<div class=\"accordion__title\" role=\"button\" aria-expanded=\"false\" aria-label=\"Procedimiento para remitir informes sobre una promesa \">\n\t\t\t\t\t\t<h3 class=\"accordion__title-h4\">Procedimiento para remitir informes sobre una promesa <\/h3>\n\t\t\t\t\t<\/div>\n\t\t\t\t\t<div class=\"accordion__content\" role=\"region\" hidden>\n\t\t\t\t\t\t<em>Se recomienda enf\u00e1ticamente el env\u00edo de informes sobre las promesas formuladas y suscritas.  <br><\/em><br><div class=\"redcross_list-block\"><ul><li>Vaya a la p\u00e1gina \u201cB\u00fasqueda de promesas e informes\u201d y observe la columna \u201cFiltros\u201d: <a rel=\"noreferrer noopener\" aria-label=\" (opens in a new tab)\" href=\"https:\/\/rcrcconference.org\/es\/about\/pledges\/search\/\" target=\"_blank\">https:\/\/rcrcconference.org\/about\/pledges\/search\/<\/a>. <\/li><li>Inicie la sesi\u00f3n con su cuenta de usuario seg\u00fan las instrucciones al respecto que figuran en la Gu\u00eda del usuario. <\/li><li>Podr\u00e1 ver la lista de promesas que su Sociedad Nacional, Estado u organizaci\u00f3n ha presentado y ha suscrito bajo \u201cMis promesas e informes\u201d:  1. seleccione las opciones \u201cPromesas e informes presentados\u201d y \u201cPromesas firmadas\u201d que figuran en la secci\u00f3n inferior de la columna de filtros;  2. pulse \u201cEnviar\u201d;  3. obtendr\u00e1 una lista de las promesas presentadas por su Sociedad Nacional,\u00a0 Estado u organizaci\u00f3n y de las promesas abiertas que haya suscrito;  4. puede refinar la b\u00fasqueda mediante la selecci\u00f3n de la edici\u00f3n de la conferencia. <\/li><li>Seleccione la promesa sobre la que aportar\u00e1 informaci\u00f3n y pulse sobre el t\u00edtulo de esta para abrir la secci\u00f3n correspondiente. <\/li><li>Pulse el bot\u00f3n \u201cInforme sobre esta promesa\u201d que figura en la parte inferior de la columna derecha. Se abrir\u00e1 una p\u00e1gina para rendir informes sobre promesas. <\/li><li>Cumplimente los campos obligatorios: \u201cT\u00edtulo\u201d, \u201cPersona que rinde informe\u201d, \u201cNombre y correo electr\u00f3nico de la persona responsable de la coordinaci\u00f3n\u201d, etc. <\/li><li>Describa las actividades realizadas (incluidas eventuales dificultades) y proporcione ejemplos concretos.<\/li><li>Es posible adjuntar documentos de respaldo, incluidos folletos, im\u00e1genes, archivos en PowerPoint y videos. <\/li><li>Una vez cumplimentado el formulario, agradeceremos que lea detenidamente la cl\u00e1usula relativa a responsabilidad y pulse sobre <strong>\u201cEnviar\u201d<\/strong>.<\/li><li>Tenga presente que el administrador de promesas recibir\u00e1 una notificaci\u00f3n para validar la promesa enviada antes de su publicaci\u00f3n en l\u00ednea.<\/li><\/ul><br><em> ***Se recomienda enf\u00e1ticamente el env\u00edo de informes sobre las promesas formuladas. Los miembros y observadores de la Conferencia deber\u00e1n proporcionar informes individuales sobre las promesas abiertas que hayan suscrito.*** <\/em>\t\t\t\t\t<\/div>\n\t\t\t\t<\/li>\n\t\t\t\t\t\t\t<li class=\"accordion__item\">\n\t\t\t\t\t<div class=\"accordion__title\" role=\"button\" aria-expanded=\"false\" aria-label=\"Responsabilidad de rendici\u00f3n de informes\">\n\t\t\t\t\t\t<h3 class=\"accordion__title-h4\">Responsabilidad de rendici\u00f3n de informes<\/h3>\n\t\t\t\t\t<\/div>\n\t\t\t\t\t<div class=\"accordion__content\" role=\"region\" hidden>\n\t\t\t\t\t\tLa responsabilidad de rendici\u00f3n de informes sobre promesas depende de la \u00edndole de estas. <br><div class=\"redcross_list-block\"><ul><li><strong>Promesas espec\u00edficas individuales:<\/strong> presentar\u00e1 el informe la parte que haya formulado la promesa y est\u00e9 versar\u00e1 sobre el compromiso espec\u00edfico contra\u00eddo y el respectivo plan de acci\u00f3n individual. <\/li><li><strong>Promesas espec\u00edficas conjuntas:<\/strong> presentar\u00e1n un informe conjunto \u00a0todas las partes que hayan formulado la promesa pues se trata de la descripci\u00f3n de su colaboraci\u00f3n sobre un tema espec\u00edfico.<\/li><li><strong>Promesas abiertas:<\/strong>  similares a las peticiones, cada una de las partes que hayan formulado la promesa pueden presentar un informe individual donde den cuenta de su respectivo progreso, o bien varias de las partes pueden presentar un informe conjunto.\u00a0  <\/li><\/ul> \t\t\t\t\t<\/div>\n\t\t\t\t<\/li>\n\t\t\t\t\t\t\t<li class=\"accordion__item\">\n\t\t\t\t\t<div class=\"accordion__title\" role=\"button\" aria-expanded=\"false\" aria-label=\"Posibilidad de presentar informes conjuntos sobre promesas     \">\n\t\t\t\t\t\t<h3 class=\"accordion__title-h4\">Posibilidad de presentar informes conjuntos sobre promesas     <\/h3>\n\t\t\t\t\t<\/div>\n\t\t\t\t\t<div class=\"accordion__content\" role=\"region\" hidden>\n\t\t\t\t\t\tLos miembros y observadores de la conferencia pueden presentar un informe conjunto sobre promesas espec\u00edficas y promesas abiertas. Para ello, se debe designar un miembro u observador de la conferencia para que cumplimente el formulario en l\u00ednea relativo a informes sobre promesas, en el que incluya los nombres de los dem\u00e1s miembros u observadores de la conferencia que presentan el informe conjunto sobre la promesa. \t\t\t\t\t<\/div>\n\t\t\t\t<\/li>\n\t\t\t\t\t\t\t<li class=\"accordion__item\">\n\t\t\t\t\t<div class=\"accordion__title\" role=\"button\" aria-expanded=\"false\" aria-label=\"Plazos para rendir informes sobre las promesas derivadas de la XXXIII Conferencia Internacional\">\n\t\t\t\t\t\t<h3 class=\"accordion__title-h4\">Plazos para rendir informes sobre las promesas derivadas de la XXXIII Conferencia Internacional<\/h3>\n\t\t\t\t\t<\/div>\n\t\t\t\t\t<div class=\"accordion__content\" role=\"region\" hidden>\n\t\t\t\t\t\tEl sistema para rendici\u00f3n de informes estar\u00e1 abierto <strong>entre julio de 2021 y 30 de<\/strong> <strong>junio de 2024 <\/strong>con el fin de facilitar la fluidez de esta tarea. Los miembros de la conferencia podr\u00e1n aportar informaci\u00f3n actualizada sobre el cumplimiento de las promesas en cualquier momento que estimen conveniente durante ese periodo. <br><br>Habida cuenta del largo plazo establecido, los miembros de la conferencia podr\u00e1n remitir m\u00e1s de un informe sobre el progreso alcanzado en el cumplimiento de las distintas promesas. Los informes quedar\u00e1n diferenciados por fecha. As\u00ed, en 2022-2023, un miembro de la conferencia podr\u00eda remitir un informe para dar a conocer el avance alcanzado hasta una determinada fecha y remitir luego un informe definitivo y completo de sus logros en 2024. <br><br>La informaci\u00f3n que se reciba ser\u00e1 recopilada y publicada en el sitio web para informar del progreso obtenido y, en particular, de la incidencia de los resultados de la conferencia en la labor humanitaria cotidiana. Adem\u00e1s, a la luz de esta informaci\u00f3n se redactar\u00e1 un informe resumido general sobre los resultados de la XXXIII Conferencia Internacional destinado a la XXXIV Conferencia Internacional, en 2024.  \t\t\t\t\t<\/div>\n\t\t\t\t<\/li>\n\t\t\t\t\t\t\t<li class=\"accordion__item\">\n\t\t\t\t\t<div class=\"accordion__title\" role=\"button\" aria-expanded=\"false\" aria-label=\"Difusi\u00f3n e intercambio de historias de \u00e9xito o de experiencias complejas sobre la aplicaci\u00f3n de las promesas por parte de las Sociedades Nacionales, los Estados o las instituciones\">\n\t\t\t\t\t\t<h3 class=\"accordion__title-h4\">Difusi\u00f3n e intercambio de historias de \u00e9xito o de experiencias complejas sobre la aplicaci\u00f3n de las promesas por parte de las Sociedades Nacionales, los Estados o las instituciones<\/h3>\n\t\t\t\t\t<\/div>\n\t\t\t\t\t<div class=\"accordion__content\" role=\"region\" hidden>\n\t\t\t\t\t\tCon el fin de fomentar el intercambio de conocimientos y el apoyo entre pares, adem\u00e1s de cumplimentar los formularios en l\u00ednea sobre la presentaci\u00f3n de informes, se invita a los miembros y observadores de la conferencia a plasmar sus resultados en art\u00edculos publicados en la <a href=\"https:\/\/rcrcconference.org\/es\/bitacora-digital\/\">Bit\u00e1cora digital de las reuniones estatutarias<\/a>. Se puede hacer un hiperv\u00ednculo de esa publicaci\u00f3n al formulario en l\u00ednea sobre el informe. Si est\u00e1 interesado en esta opci\u00f3n, le agradecemos se ponga en contacto a trav\u00e9s de <a href=\"mailto:conferences@rcrcconference.org\">conferences@rcrcconference.org<\/a>.  \t\t\t\t\t<\/div>\n\t\t\t\t<\/li>\n\t\t\t\t\t\t\t<li class=\"accordion__item\">\n\t\t\t\t\t<div class=\"accordion__title\" role=\"button\" aria-expanded=\"false\" aria-label=\"Visualizaci\u00f3n y b\u00fasqueda de informes en l\u00ednea\">\n\t\t\t\t\t\t<h3 class=\"accordion__title-h4\">Visualizaci\u00f3n y b\u00fasqueda de informes en l\u00ednea<\/h3>\n\t\t\t\t\t<\/div>\n\t\t\t\t\t<div class=\"accordion__content\" role=\"region\" hidden>\n\t\t\t\t\t\t<div class=\"redcross_list-block\"><ul><li>Vaya a la p\u00e1gina \u201cBuscar promesas e informes\u201d y observa la columna \u201cFiltros\u201d <a rel=\"noreferrer noopener\" href=\"https:\/\/rcrcconference.org\/es\/about\/pledges\/search\/\" target=\"_blank\">https:\/\/rcrcconference.org\/about\/pledges\/search\/<\/a>.<\/li><li>Seleccione\u00a0 \u201cInforme\u201d en la columna a la derecha. Puede refinar la b\u00fasqueda mediante la selecci\u00f3n de \u201cEdici\u00f3n de la conferencia\u201d, \u201cPalabras clave\u201d, \u201cTipo de entidad\u201d, etc. <\/li><\/ul>  \t\t\t\t\t<\/div>\n\t\t\t\t<\/li>\n\t\t\t\t\t\t\t<li class=\"accordion__item\">\n\t\t\t\t\t<div class=\"accordion__title\" role=\"button\" aria-expanded=\"false\" aria-label=\"Contacto para solicitar asistencia en la presentaci\u00f3n de informes sobre promesas\">\n\t\t\t\t\t\t<h3 class=\"accordion__title-h4\">Contacto para solicitar asistencia en la presentaci\u00f3n de informes sobre promesas<\/h3>\n\t\t\t\t\t<\/div>\n\t\t\t\t\t<div class=\"accordion__content\" role=\"region\" hidden>\n\t\t\t\t\t\tEnv\u00ede un mensaje a <a href=\"mailto:conferences@rcrcconference.org\">conferences@rcrcconference.org<\/a>. Le prestaremos la debida asistencia. \t\t\t\t\t<\/div>\n\t\t\t\t<\/li>\n\t\t\t\t\t\t\t<li class=\"accordion__item\">\n\t\t\t\t\t<div class=\"accordion__title\" role=\"button\" aria-expanded=\"false\" aria-label=\"Instrucciones para presentar informes sobre los resultados de la XXXII Conferencia Internacional de la Cruz Roja y de la Media Luna Roja (versi\u00f3n PDF)\">\n\t\t\t\t\t\t<h3 class=\"accordion__title-h4\">Instrucciones para presentar informes sobre los resultados de la XXXII Conferencia Internacional de la Cruz Roja y de la Media Luna Roja (versi\u00f3n PDF)<\/h3>\n\t\t\t\t\t<\/div>\n\t\t\t\t\t<div class=\"accordion__content\" role=\"region\" hidden>\n\t\t\t\t\t\tPulse <a href=\"https:\/\/rcrcconference.org\/app\/uploads\/2023\/02\/Reporting-guide-on-resolutions-and-pledges-Rev1-ES.pdf\" target=\"_blank\" rel=\"noreferrer noopener\" aria-label=\" (opens in a new tab)\">aqu\u00ed <\/a>para abrir y descargar la versi\u00f3n PDF.    \t\t\t\t\t<\/div>\n\t\t\t\t<\/li>\n\t\t\t\t\t<\/ul>\n\t<\/section>\n\n\n\n<div style=\"height:100px\" aria-hidden=\"true\" class=\"wp-block-spacer\"><\/div>\n\n\n<section class=\"accordion-block\" style=\"background-color: #ffffff; color: #4D4D4D\" role=\"region\" aria-label=\"Pedges accordion block\">\n\t\t\t<div class=\"accordion-block__title\" role=\"heading\" aria-level=\"3\">\n\t\t\t<h3>Gu\u00eda del usuario\u2013 base de datos de promesas e informes<\/h3>\n\t\t<\/div>\n\t\t\t\t<ul class=\"accordion\">\n\t\t\t\t\t\t\t<li class=\"accordion__item\">\n\t\t\t\t\t<div class=\"accordion__title\" role=\"button\" aria-expanded=\"false\" aria-label=\"Cuenta de usuario\">\n\t\t\t\t\t\t<h3 class=\"accordion__title-h4\">Cuenta de usuario<\/h3>\n\t\t\t\t\t<\/div>\n\t\t\t\t\t<div class=\"accordion__content\" role=\"region\" hidden>\n\t\t\t\t\t\t<strong>Miembros de la Conferencia Internacional <br><\/strong>Se crea una cuenta de usuario para cada miembro de la Conferencia Internacional. <br><br>Si no puede recordar la informaci\u00f3n para el inicio de una sesi\u00f3n, por favor, dir\u00edjase a <a href=\"mailto:conferences@rcrcconference.org\">conferences@rcrcconference.org<\/a>.<br><br><strong>Observadores de la Conferencia Internacional <br><\/strong>Los observadores de la Conferencia Internacional que desean plantear una promesa pueden solicitar la creaci\u00f3n de una cuenta de usuario, dirigi\u00e9ndose a: <a href=\"mailto:conferences@rcrcconference.org\">conferences@rcrcconference.org<\/a>. Una vez \u00a0iniciada la sesi\u00f3n, agradeceremos actualicen los respectivos datos de usuario e indiquen el nombre y la direcci\u00f3n de correo electr\u00f3nico de la persona que coordina este tema, ya todas las comunicaciones futuras relativas a las promesas le ser\u00e1n remitidas por correo electr\u00f3nico. Tambi\u00e9n es posible cambiar la contrase\u00f1a en la secci\u00f3n del perfil de usuario (v\u00e9ase, m\u00e1s abajo, las instrucciones para cambiar una \u00a0contrase\u00f1a). \t\t\t\t\t<\/div>\n\t\t\t\t<\/li>\n\t\t\t\t\t\t\t<li class=\"accordion__item\">\n\t\t\t\t\t<div class=\"accordion__title\" role=\"button\" aria-expanded=\"false\" aria-label=\"Inicio de la sesi\u00f3n\">\n\t\t\t\t\t\t<h3 class=\"accordion__title-h4\">Inicio de la sesi\u00f3n<\/h3>\n\t\t\t\t\t<\/div>\n\t\t\t\t\t<div class=\"accordion__content\" role=\"region\" hidden>\n\t\t\t\t\t\t<div class=\"redcross_list-block\"><ul><li>Dir\u00edjase al\u00a0<strong>sitio web de la Conferencia<\/strong> <a href=\"https:\/\/rcrcconference.org\/es\/\" target=\"_blank\" rel=\"noreferrer noopener\" aria-label=\" (opens in a new tab)\">https:\/\/rcrcconference.org\/<\/a>.<\/li><li>Pulse sobre el bot\u00f3n <strong>\u201cIniciar sesi\u00f3n\u201d, <\/strong>situado en la esquina superior derecha. <\/li><li>Aparecer\u00e1 una peque\u00f1a ventana de Iniciar sesi\u00f3n. En el campo \u201cIniciar sesi\u00f3n\u201d, inscriba el nombre de usuario o la direcci\u00f3n electr\u00f3nica de la persona coordinadora del tema que haya sido se\u00f1alada y la contrase\u00f1a personal en el campo \u201cContrase\u00f1a\u201d; luego, puse el bot\u00f3n \u201cIniciar sesi\u00f3n\u201d.  <\/li><\/ul> \t\t\t\t\t<\/div>\n\t\t\t\t<\/li>\n\t\t\t\t\t\t\t<li class=\"accordion__item\">\n\t\t\t\t\t<div class=\"accordion__title\" role=\"button\" aria-expanded=\"false\" aria-label=\"Procedimiento si no tiene contrase\u00f1a \">\n\t\t\t\t\t\t<h3 class=\"accordion__title-h4\">Procedimiento si no tiene contrase\u00f1a <\/h3>\n\t\t\t\t\t<\/div>\n\t\t\t\t\t<div class=\"accordion__content\" role=\"region\" hidden>\n\t\t\t\t\t\t<div class=\"redcross_list-block\"><ul><li>Pulse el bot\u00f3n de <strong>\u201cIniciar sesi\u00f3n\u201d, <\/strong>ubicado en la esquina superior derecha. <\/li><li>Aparecer\u00e1 una peque\u00f1a ventana de Iniciar sesi\u00f3n. Pulse el bot\u00f3n \u201cIniciar sesi\u00f3n\u201d\u00a0<strong>sin inscribir ning\u00fan nombre ni contrase\u00f1a, <\/strong>y ser\u00e1 dirigido a otra ventana. Pulse sobre <strong>\u201c\u00bfPerdi\u00f3 su contrase\u00f1a?\u201d <\/strong><em>(Lost your password?)<\/em> e inscriba la direcci\u00f3n de correo electr\u00f3nico de la persona coordinadora del tema que haya sido se\u00f1alada. El sistema enviar\u00e1 autom\u00e1ticamente una contrase\u00f1a a la direcci\u00f3n de correo electr\u00f3nico de esa persona.  <\/li><\/ul>\t\t\t\t\t<\/div>\n\t\t\t\t<\/li>\n\t\t\t\t\t\t\t<li class=\"accordion__item\">\n\t\t\t\t\t<div class=\"accordion__title\" role=\"button\" aria-expanded=\"false\" aria-label=\"Reconfiguraci\u00f3n de una cuenta de usuario\">\n\t\t\t\t\t\t<h3 class=\"accordion__title-h4\">Reconfiguraci\u00f3n de una cuenta de usuario<\/h3>\n\t\t\t\t\t<\/div>\n\t\t\t\t\t<div class=\"accordion__content\" role=\"region\" hidden>\n\t\t\t\t\t\tPor favor, env\u00ede un mensaje con el nombre y la direcci\u00f3n de correo electr\u00f3nico de la persona coordinadora a <a href=\"mailto:conferences@rcrcconference.org\">conferences@rcrcconference.org<\/a> para que su cuenta sea reiniciada.  \t\t\t\t\t<\/div>\n\t\t\t\t<\/li>\n\t\t\t\t\t\t\t<li class=\"accordion__item\">\n\t\t\t\t\t<div class=\"accordion__title\" role=\"button\" aria-expanded=\"false\" aria-label=\"Modificaci\u00f3n de contrase\u00f1a\">\n\t\t\t\t\t\t<h3 class=\"accordion__title-h4\">Modificaci\u00f3n de contrase\u00f1a<\/h3>\n\t\t\t\t\t<\/div>\n\t\t\t\t\t<div class=\"accordion__content\" role=\"region\" hidden>\n\t\t\t\t\t\t<div class=\"redcross_list-block\"><ul><li>Una vez iniciada sesi\u00f3n, pulse sobre el bot\u00f3n \u201cBienvenido, XXX\u201d, situado en la esquina superior derecha para acceder al perfil de usuario. <\/li><li>Seleccione \u201cEditar mi perfil\u201d (<em>Edit my profile<\/em>) en el men\u00fa desplegable.  <\/li><li>En la secci\u00f3n de perfil de usuario, podr\u00e1 solicitar que el sistema genere una nueva contrase\u00f1a (<em>Generate Password<\/em>) o inscribir directamente una nueva contrase\u00f1a.  <\/li><li>Pulse sobre \u00a0\u201cActualizar perfil\u201d (<em>Update Profile<\/em>) en la parte inferior izquierda de la p\u00e1gina.  <\/li><\/ul> \t\t\t\t\t<\/div>\n\t\t\t\t<\/li>\n\t\t\t\t\t\t\t<li class=\"accordion__item\">\n\t\t\t\t\t<div class=\"accordion__title\" role=\"button\" aria-expanded=\"false\" aria-label=\"Cambio de nombre y direcci\u00f3n de correo electr\u00f3nico de la persona coordinadora del tema\">\n\t\t\t\t\t\t<h3 class=\"accordion__title-h4\">Cambio de nombre y direcci\u00f3n de correo electr\u00f3nico de la persona coordinadora del tema<\/h3>\n\t\t\t\t\t<\/div>\n\t\t\t\t\t<div class=\"accordion__content\" role=\"region\" hidden>\n\t\t\t\t\t\t<div class=\"redcross_list-block\"><ul><li>Una vez iniciada sesi\u00f3n, pulse sobre el bot\u00f3n \u201cBienvenido, XXX\u201d, situado en la esquina superior derecha para acceder al perfil de usuario. <\/li><li>Seleccione \u201cEditar mi perfil\u201d (<em>Edit Profile<\/em>)en el men\u00fa desplegable.<\/li><li>En la p\u00e1gina de perfil de usuario, podr\u00e1 cambiar el nombre y la direcci\u00f3n de correo electr\u00f3nico de la persona que coordine el tema en su Sociedad Nacional, Estado u organizaci\u00f3n.  <\/li><li>Pulse sobre\u00a0 \u201cActualizar perfil\u201d (<em>Update Profile<\/em>) en la esquina inferior izquierda de la p\u00e1gina.<\/li><\/ul><br><br><strong>Nota: una vez modificada la direcci\u00f3n de correo electr\u00f3nico de la persona coordinadora en el perfil de usuario, el usuario asociado deber\u00e1 emplear la nueva direcci\u00f3n de correo electr\u00f3nico para\u00a0 ingresar a la base de datos en el futuro. <\/strong> \t\t\t\t\t<\/div>\n\t\t\t\t<\/li>\n\t\t\t\t\t\t\t<li class=\"accordion__item\">\n\t\t\t\t\t<div class=\"accordion__title\" role=\"button\" aria-expanded=\"false\" aria-label=\"Cierre de sesi\u00f3n\">\n\t\t\t\t\t\t<h3 class=\"accordion__title-h4\">Cierre de sesi\u00f3n<\/h3>\n\t\t\t\t\t<\/div>\n\t\t\t\t\t<div class=\"accordion__content\" role=\"region\" hidden>\n\t\t\t\t\t\tPor razones de seguridad y en particular si emplea un ordenador p\u00fablico o compartido, agradeceremos que concluya su sesi\u00f3n en la base de datos y se desconecte pulsando sobre el bot\u00f3n \u201cCerrar sesi\u00f3n\u201d. \t\t\t\t\t<\/div>\n\t\t\t\t<\/li>\n\t\t\t\t\t\t\t<li class=\"accordion__item\">\n\t\t\t\t\t<div class=\"accordion__title\" role=\"button\" aria-expanded=\"false\" aria-label=\"Funci\u00f3n de b\u00fasqueda y filtros de la base de datos \">\n\t\t\t\t\t\t<h3 class=\"accordion__title-h4\">Funci\u00f3n de b\u00fasqueda y filtros de la base de datos <\/h3>\n\t\t\t\t\t<\/div>\n\t\t\t\t\t<div class=\"accordion__content\" role=\"region\" hidden>\n\t\t\t\t\t\t<div class=\"redcross_list-block\"><ul><li>Vaya a la secci\u00f3n dedicada a las promesas del sitio web <a href=\"https:\/\/rcrcconference.org\/es\/about\/pledges\/\" target=\"_blank\" rel=\"noreferrer noopener\" aria-label=\" (opens in a new tab)\">https:\/\/rcrcconference.org\/about\/pledges\/<\/a>.<\/li><li>Pulse sobre \u201cAcceder a la base de datos de promesas e informes existentes\u201d.  <\/li><\/ul> <br><br><strong>B\u00fasqueda<\/strong><br> Si conoce el t\u00edtulo de la promesa, inscr\u00edbalo en el campo \u201cBuscar promesas e informes por su t\u00edtulo\u201d y pulse sobre \u201cBuscar\u201d. La promesa se desplegar\u00e1 en la secci\u00f3n inferior.  <br><br><strong>Filtros<\/strong><br>Es posible realizar una b\u00fasqueda avanzada de promesas, e informes sobre promesas o resoluciones, mediante los filtros (\u201cEdici\u00f3n de la conferencia\u201d, \u201cTipo de entidad\u201d, \u201cPalabras clave\u201d, \u201cIdiomas\u201d, \u201cResoluci\u00f3n conexa\u201d, \u201cPa\u00eds\u201d, etc.).<br><div class=\"redcross_list-block\"><ul><li>Es posible seleccionar m\u00e1s de un filtro. <\/li><li>Una vez seleccionados los filtros pulse \u201cenviar\u201d. Obtendr\u00e1 una lista de promesas e informes sobre promesas y sobre resoluciones seg\u00fan los filtro seleccionados. <\/li><li>Pulse sobre el t\u00edtulo de la promesa o del informe para ver el contenido correspondiente. \u00a0 <\/li><\/ul>\t\t\t\t\t<\/div>\n\t\t\t\t<\/li>\n\t\t\t\t\t\t\t<li class=\"accordion__item\">\n\t\t\t\t\t<div class=\"accordion__title\" role=\"button\" aria-expanded=\"false\" aria-label=\"Reconfiguraci\u00f3n de los filtros y de la funci\u00f3n de b\u00fasqueda\">\n\t\t\t\t\t\t<h3 class=\"accordion__title-h4\">Reconfiguraci\u00f3n de los filtros y de la funci\u00f3n de b\u00fasqueda<\/h3>\n\t\t\t\t\t<\/div>\n\t\t\t\t\t<div class=\"accordion__content\" role=\"region\" hidden>\n\t\t\t\t\t\tPulse sobre \u201cReiniciar\u201d para eliminar todas las opciones elegidas. \t\t\t\t\t<\/div>\n\t\t\t\t<\/li>\n\t\t\t\t\t\t\t<li class=\"accordion__item\">\n\t\t\t\t\t<div class=\"accordion__title\" role=\"button\" aria-expanded=\"false\" aria-label=\"Gu\u00eda del usuario\u2013 base de datos de promesas e informes (versi\u00f3n PDF)\">\n\t\t\t\t\t\t<h3 class=\"accordion__title-h4\">Gu\u00eda del usuario\u2013 base de datos de promesas e informes (versi\u00f3n PDF)<\/h3>\n\t\t\t\t\t<\/div>\n\t\t\t\t\t<div class=\"accordion__content\" role=\"region\" hidden>\n\t\t\t\t\t\tPulse <a href=\"https:\/\/rcrcconference.org\/app\/uploads\/2021\/07\/Database-User-Guide-2020-FINAL-ES.pdf\" target=\"_blank\" rel=\"noreferrer noopener\" aria-label=\"aqu\u00ed  (opens in a new tab)\">aqu\u00ed <\/a>para abrir y descargar la versi\u00f3n PDF de la Gu\u00eda del usuario. \t\t\t\t\t<\/div>\n\t\t\t\t<\/li>\n\t\t\t\t\t<\/ul>\n\t<\/section>\n\n\n\n<div style=\"height:100px\" aria-hidden=\"true\" class=\"wp-block-spacer\"><\/div>\n\n\n\n<section class=\"single-link\" style=\"background-color: #E5E5E5\" aria-label=\"Single link section\">\n\t<div class=\"container\">\n\t\t<div class=\"single-link__inner\">\n\t\t\t\t\t\t\t<div class=\"single-link__title\">\n\t\t\t\t\t<h2>Necesidad de informaci\u00f3n<\/h2>\n\t\t\t\t<\/div>\n\t\t\t\t\t\t\t<div class=\"single-link__descr\">\n\t\t\t\t\t<span>No dude en plantear cualquier pregunta o notificar eventuales dificultades para acceder al sistema de rendici\u00f3n de informes en l\u00ednea.<\/span>\n\t\t\t\t<\/div>\n\t\t\t\t\t\t\t<a href=\"https:\/\/rcrcconference.org\/es\/contact\/\"\n\t\t\t\t   class=\"button primary\">Cont\u00e1ctenos<\/a>\n\t\t\t\t\t<\/div>\n\t<\/div>\n<\/section>\n","protected":false},"excerpt":{"rendered":"","protected":false},"author":1,"featured_media":23703,"parent":18285,"menu_order":0,"comment_status":"closed","ping_status":"closed","template":"","meta":{"_acf_changed":false,"footnotes":""},"class_list":["post-23577","page","type-page","status-publish","has-post-thumbnail","hentry"],"acf":[],"_links":{"self":[{"href":"https:\/\/rcrcconference.org\/es\/wp-json\/wp\/v2\/pages\/23577"}],"collection":[{"href":"https:\/\/rcrcconference.org\/es\/wp-json\/wp\/v2\/pages"}],"about":[{"href":"https:\/\/rcrcconference.org\/es\/wp-json\/wp\/v2\/types\/page"}],"author":[{"embeddable":true,"href":"https:\/\/rcrcconference.org\/es\/wp-json\/wp\/v2\/users\/1"}],"replies":[{"embeddable":true,"href":"https:\/\/rcrcconference.org\/es\/wp-json\/wp\/v2\/comments?post=23577"}],"version-history":[{"count":8,"href":"https:\/\/rcrcconference.org\/es\/wp-json\/wp\/v2\/pages\/23577\/revisions"}],"predecessor-version":[{"id":28296,"href":"https:\/\/rcrcconference.org\/es\/wp-json\/wp\/v2\/pages\/23577\/revisions\/28296"}],"up":[{"embeddable":true,"href":"https:\/\/rcrcconference.org\/es\/wp-json\/wp\/v2\/pages\/18285"}],"wp:featuredmedia":[{"embeddable":true,"href":"https:\/\/rcrcconference.org\/es\/wp-json\/wp\/v2\/media\/23703"}],"wp:attachment":[{"href":"https:\/\/rcrcconference.org\/es\/wp-json\/wp\/v2\/media?parent=23577"}],"curies":[{"name":"wp","href":"https:\/\/api.w.org\/{rel}","templated":true}]}}