{"id":23481,"date":"2023-03-17T21:26:10","date_gmt":"2023-03-17T21:26:10","guid":{"rendered":"https:\/\/rcrcconference.org\/?page_id=23481"},"modified":"2026-03-24T10:01:57","modified_gmt":"2026-03-24T10:01:57","slug":"documentos-xxxiv-conferencia-internacional","status":"publish","type":"page","link":"https:\/\/rcrcconference.org\/es\/about\/34th-international-conference\/documentos-xxxiv-conferencia-internacional\/","title":{"rendered":"Documentos &#8211; XXXIV Conferencia Internacional"},"content":{"rendered":"\n<div style=\"height:100px\" aria-hidden=\"true\" class=\"wp-block-spacer\"><\/div>\n\n\n<div class=\"anchor__menu-title\" role=\"presentation\">\n\t\t\t\t<h2 class=\"anchor__menu-h2\">Documentos oficiales<\/h2>\n\t\t<\/div>\n\n\n<section class=\"accordion-block\" style=\"background-color: #ffffff; color: #8C8C8C\" role=\"region\" aria-label=\"Pedges accordion block\">\n\t\t\t\t<ul class=\"accordion\">\n\t\t\t\t\t\t\t<li class=\"accordion__item\">\n\t\t\t\t\t<div class=\"accordion__title\" role=\"button\" aria-expanded=\"false\" aria-label=\"Resoluci\u00f3nes aprobadas\">\n\t\t\t\t\t\t<h3 class=\"accordion__title-h4\">Resoluci\u00f3nes aprobadas<\/h3>\n\t\t\t\t\t<\/div>\n\t\t\t\t\t<div class=\"accordion__content\" role=\"region\" hidden>\n\t\t\t\t\t\t<strong>Resoluci\u00f3ne 1: <a class=\"redcross_document_link-block\" href=\"https:\/\/rcrcconference.org\/app\/uploads\/2024\/11\/34IC_R1-IHL-ES-1.pdf\" target=\"_blank\" rel=\"noreferrer noopener\">Forjar une cultura universal de cumplimiento del derecho internacional humanitario<\/a>\u00a0<br>Resoluci\u00f3ne 2:<a class=\"redcross_document_link-block\" href=\"https:\/\/rcrcconference.org\/app\/uploads\/2024\/11\/34IC_R2-ICT-ES-1.pdf\" target=\"_blank\" rel=\"noreferrer noopener\">Protecci\u00f3n de la poblaci\u00f3n civil y de otras personas y bienes protegidos ante el posible costo humano de las actividades relacionadas con las tecnolog\u00edas de la informaci\u00f3n y las comunicaciones durante conflictos armados<\/a><br>Resoluci\u00f3ne 3:<a class=\"redcross_document_link-block\" href=\"https:\/\/rcrcconference.org\/app\/uploads\/2024\/11\/34IC_R3-Disaster-Law-ES.pdf\" target=\"_blank\" rel=\"noreferrer noopener\">Fortalecimiento del marco para la gesti\u00f3n del riesgo de desastres mediante normas jur\u00eddicas, pol\u00edticas y planes integrales relativos a desastres<\/a>\u00a0<br>Resoluci\u00f3ne 4:<a class=\"redcross_document_link-block\" href=\"https:\/\/rcrcconference.org\/app\/uploads\/2024\/11\/34IC_R4-Local-Action-ES.pdf\" target=\"_blank\" rel=\"noreferrer noopener\">Fomento de la autonom\u00eda de los dirigentes, la capacidad y la ejecuci\u00f3n locales en las intervenciones humanitarias y fortalecimiento de la resiliencia<\/a>\u00a0<br>Resoluci\u00f3ne 5:<a class=\"redcross_document_link-block\" href=\"https:\/\/rcrcconference.org\/app\/uploads\/2024\/11\/34IC_R5-Anticipatory-Action-ES.pdf\" target=\"_blank\" rel=\"noreferrer noopener\">Protecci\u00f3n de las personas ante las consecuencias humanitarias de eventos clim\u00e1ticos y meteorol\u00f3gicos extremos: aunar esfuerzos para fortalecer la acci\u00f3n anticipada<\/a><\/strong><br><strong>Resoluci\u00f3ne 6:<a class=\"redcross_document_link-block\" href=\"https:\/\/rcrcconference.org\/app\/uploads\/2024\/11\/34IC_R6-MoU-ES-1.pdf\" target=\"_blank\" rel=\"noreferrer noopener\">Aplicaci\u00f3n del Memorando de entendimiento y del Acuerdo de disposiciones operativas suscritos el 28 de noviembre de 2005 entre el Magen David Adom en Israel y la Sociedad de la Media Luna Roja Palestina<\/a><\/strong>\t\t\t\t\t<\/div>\n\t\t\t\t<\/li>\n\t\t\t\t\t\t\t<li class=\"accordion__item\">\n\t\t\t\t\t<div class=\"accordion__title\" role=\"button\" aria-expanded=\"false\" aria-label=\"Orden del d\u00eda y programa\">\n\t\t\t\t\t\t<h3 class=\"accordion__title-h4\">Orden del d\u00eda y programa<\/h3>\n\t\t\t\t\t<\/div>\n\t\t\t\t\t<div class=\"accordion__content\" role=\"region\" hidden>\n\t\t\t\t\t\t<a class=\"redcross_document_link-block\" href=\"https:\/\/rcrcconference.org\/app\/uploads\/2024\/10\/34IC-Provisional-Agenda-ES.pdf\" target=\"_blank\" rel=\"noreferrer noopener\">Orden del d\u00eda provisional y programa de la XXXIV Conferencia Internacional de la Cruz Roja y de la Media Luna Roja\u00a0 (CD\/24\/14.a DR y 34IC\/24\/5)<\/a><br><a class=\"redcross_document_link-block\" href=\"https:\/\/rcrcconference.org\/app\/uploads\/2026\/03\/34IC-detail-programme_Red-Cross-2024.10.27-ES-1.pdf\" data-type=\"link\" data-id=\"https:\/\/rcrcconference.org\/app\/uploads\/2026\/03\/34IC-detail-programme_Red-Cross-2024.10.27-ES-1.pdf\" target=\"_blank\" rel=\"noreferrer noopener\">Programa detallado<\/a>\t\t\t\t\t<\/div>\n\t\t\t\t<\/li>\n\t\t\t\t\t\t\t<li class=\"accordion__item\">\n\t\t\t\t\t<div class=\"accordion__title\" role=\"button\" aria-expanded=\"false\" aria-label=\"Comisiones\">\n\t\t\t\t\t\t<h3 class=\"accordion__title-h4\">Comisiones<\/h3>\n\t\t\t\t\t<\/div>\n\t\t\t\t\t<div class=\"accordion__content\" role=\"region\" hidden>\n\t\t\t\t\t\t<strong>Comisi\u00f3n I: Forjar una cultura mundial de respeto del derecho internacional humanitario (DIH)<br><\/strong><br><a class=\"redcross_document_link-block\" href=\"https:\/\/rcrcconference.org\/app\/uploads\/2026\/03\/34IC-Commission-1-Report-ES-1.pdf\" data-type=\"link\" data-id=\"https:\/\/rcrcconference.org\/app\/uploads\/2026\/03\/34IC-Commission-1-Report-ES-1.pdf\" target=\"_blank\" rel=\"noreferrer noopener\">Resumen<\/a><br><a class=\"redcross_document_link-block\" href=\"https:\/\/rcrcconference.org\/app\/uploads\/2026\/03\/34IC-Commission-I-Outline-ES-1.pdf\" data-type=\"link\" data-id=\"https:\/\/rcrcconference.org\/app\/uploads\/2026\/03\/34IC-Commission-I-Outline-ES-1.pdf\" target=\"_blank\" rel=\"noreferrer noopener\">Descripci\u00f3n de la comisi\u00f3n<\/a><br><br><strong>Comisi\u00f3n II: Respeto de los principios fundamentales en las intervenciones destinadas a atender a las necesidades y los riesgos humanitarios.<br><\/strong><br><a class=\"redcross_document_link-block\" href=\"https:\/\/rcrcconference.org\/app\/uploads\/2024\/12\/34IC-Commission-II-report-ES.pdf\" target=\"_blank\" rel=\"noreferrer noopener\">Resumen<\/a><br><a class=\"redcross_document_link-block\" href=\"https:\/\/rcrcconference.org\/app\/uploads\/2024\/09\/34IC-Commission-II-Outline-ES.pdf\" target=\"_blank\" rel=\"noreferrer noopener\">Descripci\u00f3n de la comisi\u00f3n.<\/a><br><br><br><strong>Comisi\u00f3n III: Habilitaci\u00f3n de una acci\u00f3n sostenible impulsada a nivel local.<\/strong><br><br><a class=\"redcross_document_link-block\" href=\"https:\/\/rcrcconference.org\/app\/uploads\/2024\/12\/34IC-Commission-III-report-ES.pdf\" target=\"_blank\" rel=\"noreferrer noopener\">Resumen<\/a><br><a class=\"redcross_document_link-block\" href=\"https:\/\/rcrcconference.org\/app\/uploads\/2024\/09\/34IC-Commission-III-Outline-ES.pdf\" target=\"_blank\" rel=\"noreferrer noopener\">Descrpci\u00f3n de la comisi\u00f3n.<\/a><strong><br><\/strong><br>\t\t\t\t\t<\/div>\n\t\t\t\t<\/li>\n\t\t\t\t\t\t\t<li class=\"accordion__item\">\n\t\t\t\t\t<div class=\"accordion__title\" role=\"button\" aria-expanded=\"false\" aria-label=\"Seguimiento de la XXXIII Conferencia Internacional de la Cruz Roja y de la Media Luna Roja\">\n\t\t\t\t\t\t<h3 class=\"accordion__title-h4\">Seguimiento de la XXXIII Conferencia Internacional de la Cruz Roja y de la Media Luna Roja<\/h3>\n\t\t\t\t\t<\/div>\n\t\t\t\t\t<div class=\"accordion__content\" role=\"region\" hidden>\n\t\t\t\t\t\t<a class=\"redcross_document_link-block\" href=\"https:\/\/rcrcconference.org\/app\/uploads\/2024\/09\/34IC_10.1-Progress-Report-Bringing-IHL-Home-ES.pdf\" target=\"_blank\" rel=\"noreferrer noopener\">Informe sobre la resoluci\u00f3n 1 de la XXXIII Conferencia Internacional, \u201cAcercar el DIH: hoja de ruta para una mejor implementaci\u00f3n del derecho internacional humanitario a nivel nacional\u00bb (34IC\/24\/10.1)<\/a><br><a class=\"redcross_document_link-block\" href=\"https:\/\/rcrcconference.org\/app\/uploads\/2024\/09\/34IC_10.2-Progress-Report-MHPSS-ES.pdf\" target=\"_blank\" rel=\"noreferrer noopener\">Informe sobre la resoluci\u00f3n 2 de la XXXIII Conferencia Internacional, \u201cAtenci\u00f3n a las necesidades psicosociales y de salud mental de las personas afectadas por conflictos armados, cat\u00e1strofes naturales y otras emergencias\u201d (34IC\/24\/10.2).<\/a><br><a class=\"redcross_document_link-block\" href=\"https:\/\/rcrcconference.org\/app\/uploads\/2024\/09\/34IC_10.3-Pandemic-Progress-report-ES-1.pdf\" target=\"_blank\" rel=\"noreferrer noopener\">Informe sobre la resoluci\u00f3n 3 de la XXXIII Conferencia Internacional, \u201cHora de actuar: la labor conjunta para la prevenci\u00f3n y la acci\u00f3n en materia de epidemias y pandemias\u201d (34IC\/24\/10.3).<\/a><br><a class=\"redcross_document_link-block\" href=\"https:\/\/rcrcconference.org\/app\/uploads\/2024\/09\/34IC_10.4-Progress-report-RFL-ES.pdf\" target=\"_blank\" rel=\"noreferrer noopener\">Informe sobre la resoluci\u00f3n 4 de la XXXIII Conferencia Internacional, \u201cRestablecimiento del contacto entre familiares en un marco de respeto de la privacidad, incluso en materia de protecci\u00f3n de los datos personales\u201d (34IC\/24\/10.4)<\/a><br><a class=\"redcross_document_link-block\" href=\"https:\/\/rcrcconference.org\/app\/uploads\/2024\/09\/34IC_10.5-Progress-Report-Women-and-Leadership-ES.pdf\" target=\"_blank\" rel=\"noreferrer noopener\">Informe sobre la resoluci\u00f3n 5 de la XXXIII Conferencia Internacional, \u201cMujeres y liderazgo en la acci\u00f3n humanitaria del Movimiento Internacional de la Cruz Roja y de la Media Luna Roja\u201d. (34IC\/24\/10.5)<\/a><br><a class=\"redcross_document_link-block\" href=\"https:\/\/rcrcconference.org\/app\/uploads\/2024\/10\/34IC-IHL-Challenges-Report-ES.pdf\" target=\"_blank\" rel=\"noreferrer noopener\">El derecho internacional humanitario y los desaf\u00edos de los conflictos armados contempor\u00e1neos: forjar una cultura de cumplimiento del DIH para proteger la humanidad en los conflictos actuales y futuros<\/a>\t\t\t\t\t<\/div>\n\t\t\t\t<\/li>\n\t\t\t\t\t\t\t<li class=\"accordion__item\">\n\t\t\t\t\t<div class=\"accordion__title\" role=\"button\" aria-expanded=\"false\" aria-label=\"Informes oficiales de la Conferencia Internacional\">\n\t\t\t\t\t\t<h3 class=\"accordion__title-h4\">Informes oficiales de la Conferencia Internacional<\/h3>\n\t\t\t\t\t<\/div>\n\t\t\t\t\t<div class=\"accordion__content\" role=\"region\" hidden>\n\t\t\t\t\t\t<a class=\"redcross_document_link-block\" href=\"https:\/\/rcrcconference.org\/app\/uploads\/2024\/12\/34IC-conference-rapporteur-report-ES.pdf\" target=\"_blank\" rel=\"noreferrer noopener\"><strong>Informe de la relatora<\/strong> <\/a><br>\t\t\t\t\t<\/div>\n\t\t\t\t<\/li>\n\t\t\t\t\t<\/ul>\n\t<\/section>\n\n\n\n<div style=\"height:62px\" aria-hidden=\"true\" class=\"wp-block-spacer\"><\/div>\n\n\n\n<p>To access the documents in the four working languages of the International Conference (English, French, Spanish and Arabic) select the language option in the header of the web page.<br>Translation of documents in languages other than the official working languages can be arranged upon request and when funding is available.<br>To access documents that are currently translated into other languages, click on the button below.<\/p>\n\n\n\n<section class=\"download__button\">\n\t\t\t\t<a href=\"https:\/\/rcrcconference.org\/34-%D1%8F-%D0%BC%D0%B5%D0%B6%D0%B4%D1%83%D0%BD%D0%B0%D1%80%D0%BE%D0%B4%D0%BD%D0%B0%D1%8F-%D0%BA%D0%BE%D0%BD%D1%84%D0%B5%D1%80%D0%B5%D0%BD%D1%86%D0%B8%D1%8F-%D0%BA%D1%80%D0%B0%D1%81%D0%BD%D0%BE%D0%B3\/\" target=\"_blank\" class=\"download__button-content\">\n\t\t\t<svg width=\"24\" height=\"25\" viewBox=\"0 0 24 25\" fill=\"#D00C08\" xmlns=\"http:\/\/www.w3.org\/2000\/svg\">\n\t\t\t\t\t<path d=\"M8 18.1558H16V16.1558H8V18.1558ZM8 14.1558H16V12.1558H8V14.1558ZM6 22.1558C5.45 22.1558 4.97917 21.9599 4.5875 21.5683C4.19583 21.1766 4 20.7058 4 20.1558V4.15576C4 3.60576 4.19583 3.13493 4.5875 2.74326C4.97917 2.3516 5.45 2.15576 6 2.15576H14L20 8.15576V20.1558C20 20.7058 19.8042 21.1766 19.4125 21.5683C19.0208 21.9599 18.55 22.1558 18 22.1558H6ZM13 9.15576V4.15576H6V20.1558H18V9.15576H13Z\"\/>\n\t\t\t\t<\/svg>Document download\t\t\t<svg width=\"24\" height=\"25\" viewBox=\"0 0 24 25\" fill=\"#D00C08\" xmlns=\"http:\/\/www.w3.org\/2000\/svg\">\n\t\t\t\t<path d=\"M12 16.1558L7 11.1558L8.4 9.70576L11 12.3058V4.15576H13V12.3058L15.6 9.70576L17 11.1558L12 16.1558ZM6 20.1558C5.45 20.1558 4.97917 19.9599 4.5875 19.5683C4.19583 19.1766 4 18.7058 4 18.1558V15.1558H6V18.1558H18V15.1558H20V18.1558C20 18.7058 19.8042 19.1766 19.4125 19.5683C19.0208 19.9599 18.55 20.1558 18 20.1558H6Z\"\/>\n\t\t\t<\/svg><\/a>\n\t\t<\/section>\n\n\n\n<div style=\"height:33px\" aria-hidden=\"true\" class=\"wp-block-spacer\"><\/div>\n\n\n<div class=\"anchor__menu-title\" role=\"presentation\">\n\t\t\t\t<h2 class=\"anchor__menu-h2\">Consultas previas<\/h2>\n\t\t<\/div>\n\n\n<section class=\"accordion-block\" style=\"; \" role=\"region\" aria-label=\"Pedges accordion block\">\n\t\t\t\t<ul class=\"accordion\">\n\t\t\t\t\t\t\t<li class=\"accordion__item\">\n\t\t\t\t\t<div class=\"accordion__title\" role=\"button\" aria-expanded=\"false\" aria-label=\"Proyectos de resoluciones y documentos de referencia\">\n\t\t\t\t\t\t<h3 class=\"accordion__title-h4\">Proyectos de resoluciones y documentos de referencia<\/h3>\n\t\t\t\t\t<\/div>\n\t\t\t\t\t<div class=\"accordion__content\" role=\"region\" hidden>\n\t\t\t\t\t\t<strong>Forjar une cultura universal de cumplimiento del derecho internacional humanitario<\/strong>\u00a0<br><a class=\"redcross_document_link-block\" href=\"https:\/\/rcrcconference.org\/app\/uploads\/2024\/09\/34IC_9.1DR-Draft-Res-IHL-ES.pdf\">proyecto de resoluci\u00f3n(34IC\/24\/9.1DR)<\/a><br><a class=\"redcross_document_link-block\" href=\"https:\/\/rcrcconference.org\/app\/uploads\/2024\/09\/34IC_9.1-Background-Doc-IHL-ES.pdf\">documento de referencia(3I4C\/24\/9.1)<\/a><br>\u00a0<br><strong>Protecci\u00f3n de la poblaci\u00f3n civil y de otras personas y bienes protegidos ante el posible costo humano de las actividades relacionadas con las tecnolog\u00edas de la informaci\u00f3n y las comunicaciones durante conflictos armados<\/strong>\u00a0<br><a class=\"redcross_document_link-block\" href=\"https:\/\/rcrcconference.org\/app\/uploads\/2024\/09\/34IC_9.2DR-Draft-Res-ICT-ES.pdf\">proyecto de resoluci\u00f3n(34IC\/24\/9.2DR)<\/a><br><a class=\"redcross_document_link-block\" href=\"https:\/\/rcrcconference.org\/app\/uploads\/2024\/09\/34IC_9.2-Background-Doc-ICT-ES.pdf\">documento de referencia(34IC\/24\/9.2)<\/a><br>\u00a0<br><strong>Fortalecimiento del marco para la gesti\u00f3n del riesgo de desastres mediante normas jur\u00eddicas, pol\u00edticas y planes integrales relativos a desastres<\/strong>\u00a0<br><a class=\"redcross_document_link-block\" href=\"https:\/\/rcrcconference.org\/app\/uploads\/2024\/09\/34IC_9.3DR-Draft-Res-Disaster-laws-ES.pdf\">proyecto de resoluci\u00f3n(34IC\/24\/9.3DR)<\/a><br><a class=\"redcross_document_link-block\" href=\"https:\/\/rcrcconference.org\/app\/uploads\/2024\/09\/34IC_9.3-Background-Doc-Disaster-laws-ES.pdf\">documento de referencia(34IC\/24\/9.3)<\/a><br><a class=\"redcross_document_link-block\" href=\"https:\/\/rcrcconference.org\/app\/uploads\/2024\/09\/Guidelines-on-Disaster-Risk-Governance-ES.pdf\" target=\"_blank\" rel=\"noreferrer noopener\">Anexo: Directrices para la gesti\u00f3n de riesgos de desastres<\/a><br>\u00a0<br><strong>Fomento de la autonom\u00eda de los dirigentes, la capacidad y la ejecuci\u00f3n locales en las intervenciones humanitarias y fortalecimiento de la resiliencia<\/strong>\u00a0<br><a class=\"redcross_document_link-block\" href=\"https:\/\/rcrcconference.org\/app\/uploads\/2024\/09\/34IC_9.4DR-Locally-led-action-Draft-resolution-ES.pdf\" target=\"_blank\" rel=\"noreferrer noopener\">proyecto de resoluci\u00f3n<\/a>(34IC\/24\/9.4DR)<br><a class=\"redcross_document_link-block\" href=\"https:\/\/rcrcconference.org\/app\/uploads\/2024\/09\/34IC_9.4-Background-Doc-Locally-led-action-ES.pdf\">documento de referencia(34IC\/24\/9.4)<\/a><br><br><strong>Protecci\u00f3n de las personas ante las consecuencias humanitarias de eventos clim\u00e1ticos y meteorol\u00f3gicos extremos: aunar esfuerzos para fortalecer la acci\u00f3n anticipada<\/strong>\u00a0<br><a class=\"redcross_document_link-block\" href=\"https:\/\/rcrcconference.org\/app\/uploads\/2024\/09\/34IC_9.5DR-Draft-Res-Anticipatory-Action-ES.pdf\">proyecto de resoluci\u00f3n(34IC\/24\/9.5DR)<\/a><br><a class=\"redcross_document_link-block\" href=\"https:\/\/rcrcconference.org\/app\/uploads\/2024\/09\/34IC_9.5-Background-Doc-Anticipatory-action-ES.pdf\">documento de referencia(34IC\/24\/9.5)<\/a><br><br><strong>Aplicaci\u00f3n del Memorando de entendimiento y del Acuerdo de disposiciones operativas suscritos el 28 de noviembre de 2005 entre el Magen David Adom en Israel y la Sociedad de la Media Luna Roja Palestina<\/strong><br><a class=\"redcross_document_link-block\" href=\"https:\/\/rcrcconference.org\/app\/uploads\/2024\/10\/34IC-Res-MoU-ES.pdf\">proyecto de resoluci\u00f3n(34IC\/24\/9.6DR)<\/a>\t\t\t\t\t<\/div>\n\t\t\t\t<\/li>\n\t\t\t\t\t\t\t<li class=\"accordion__item\">\n\t\t\t\t\t<div class=\"accordion__title\" role=\"button\" aria-expanded=\"false\" aria-label=\"Anteproyectos de resoluciones\">\n\t\t\t\t\t\t<h3 class=\"accordion__title-h4\">Anteproyectos de resoluciones<\/h3>\n\t\t\t\t\t<\/div>\n\t\t\t\t\t<div class=\"accordion__content\" role=\"region\" hidden>\n\t\t\t\t\t\t&#8211; <a href=\"https:\/\/rcrcconference.org\/app\/uploads\/2024\/04\/34IC-Draft-0-IHL-ES-1.pdf\">Hacia una cultura universal de cumplimiento del derecho internacional humanitario. <\/a><br>  o\u00a0<a href=\"https:\/\/rcrcconference.org\/app\/uploads\/2024\/04\/34IC-Background-doc-IHL-ES.pdf\">Documento de antecedente<\/a>  <br><br>&#8211; <a href=\"https:\/\/rcrcconference.org\/app\/uploads\/2024\/04\/34IC-Draft-0-Cyber-ES.pdf\">Protecci\u00f3n de la poblaci\u00f3n civil y de otras personas y bienes protegidos ante operaciones cibern\u00e9ticas y de informaci\u00f3n durante conflictos armados.<\/a><br>  o\u00a0<a href=\"https:\/\/rcrcconference.org\/app\/uploads\/2024\/04\/34IC-Background-doc-Cyber-ES.pdf\">Documento de antecedente<\/a>  <br><br> &#8211; <a href=\"https:\/\/rcrcconference.org\/app\/uploads\/2024\/04\/34IC-Draft-0-Disaster-laws-ES.pdf\">Fortalecimiento del marco para la gesti\u00f3n del riesgo de desastres mediante normas jur\u00eddicas, pol\u00edticas y planes integrales relativos a desastres.<\/a>  <br>o\u00a0<a href=\"https:\/\/rcrcconference.org\/app\/uploads\/2024\/04\/34IC-Background-doc-Disaster-laws-ES.pdf\">Documento de antecedente <\/a> <br><br> &#8211; <a href=\"https:\/\/rcrcconference.org\/app\/uploads\/2024\/04\/34IC-Draft-0-Locally-led-action-ES.pdf\">Fomento de la autonom\u00eda de los dirigentes, la capacidad y la ejecuci\u00f3n locales en las intervenciones humanitarias sustentadas en principios y fortalecimiento de la resiliencia.<\/a><br>  o\u00a0<a href=\"https:\/\/rcrcconference.org\/app\/uploads\/2024\/04\/34IC-Background-doc-Locally-led-action-ES.pdf\">Documento de antecedente<\/a>  <br><br> &#8211; <a href=\"https:\/\/rcrcconference.org\/app\/uploads\/2024\/04\/34IC-Draft-0-Anticipatory-action-ES.pdf\">Protecci\u00f3n de las personas ante las consecuencias de fen\u00f3menos clim\u00e1ticos y meteorol\u00f3gicos extremos: aunar esfuerzos para fortalecer la acci\u00f3n anticipada. <\/a><br>  o\u00a0<a href=\"https:\/\/rcrcconference.org\/app\/uploads\/2024\/04\/34IC-Background-doc-Anticipatory-action-ES.pdf\">Documento de antecedente<\/a> \t\t\t\t\t<\/div>\n\t\t\t\t<\/li>\n\t\t\t\t\t\t\t<li class=\"accordion__item\">\n\t\t\t\t\t<div class=\"accordion__title\" role=\"button\" aria-expanded=\"false\" aria-label=\"Orden del d\u00eda provisional\">\n\t\t\t\t\t\t<h3 class=\"accordion__title-h4\">Orden del d\u00eda provisional<\/h3>\n\t\t\t\t\t<\/div>\n\t\t\t\t\t<div class=\"accordion__content\" role=\"region\" hidden>\n\t\t\t\t\t\t&#8211; <a href=\"https:\/\/rcrcconference.org\/app\/uploads\/2024\/04\/34IC-Draft-Provisional-Agenda-ES.pdf\">Orden del d\u00eda provisional de la XXXIV Conferencia Internacional.<\/a> \t\t\t\t\t<\/div>\n\t\t\t\t<\/li>\n\t\t\t\t\t\t\t<li class=\"accordion__item\">\n\t\t\t\t\t<div class=\"accordion__title\" role=\"button\" aria-expanded=\"false\" aria-label=\"Elementos preliminares de las resoluciones propuestas\">\n\t\t\t\t\t\t<h3 class=\"accordion__title-h4\">Elementos preliminares de las resoluciones propuestas<\/h3>\n\t\t\t\t\t<\/div>\n\t\t\t\t\t<div class=\"accordion__content\" role=\"region\" hidden>\n\t\t\t\t\t\t &#8211; <strong><a href=\"https:\/\/rcrcconference.org\/app\/uploads\/2023\/11\/34IC_General-IHL-Draft-Elements-ES.pdf\" target=\"_blank\" rel=\"noreferrer noopener\">Hacia una cultura universal de cumplimiento del derecho internacional humanitario<\/a><br><br>&#8211; <a href=\"https:\/\/rcrcconference.org\/app\/uploads\/2023\/11\/34IC_Digital-Threats-Draft-Elements-ES.pdf\" target=\"_blank\" rel=\"noreferrer noopener\">Prevenci\u00f3n y minimizaci\u00f3n de las amenazas digitales contra las personas afectadas por conflictos armados<\/a><br><br>&#8211; <a href=\"https:\/\/rcrcconference.org\/app\/uploads\/2023\/11\/34IC_Disaster-Law_draft-elements-ES.pdf\" target=\"_blank\" rel=\"noreferrer noopener\">Fortalecimiento del gobierno del riesgo de desastres mediante normas jur\u00eddicas exhaustivas aplicables en casos de desastre<\/a>  <\/strong><br>   <strong><a href=\"https:\/\/disasterlaw.ifrc.org\/es\/pilotguidelines\" target=\"_blank\" rel=\"noreferrer noopener\">Anexo:  Directrices para la gobernanza del riesgo de desastres &#8211; Versi\u00f3n piloto <\/a><br><br>&#8211; <a href=\"https:\/\/rcrcconference.org\/app\/uploads\/2023\/11\/34IC-Localizatoin-draft-elements-ES-1.pdf\" target=\"_blank\" rel=\"noreferrer noopener\">Fomento de la autonom\u00eda de los dirigentes, la capacidad y la ejecuci\u00f3n locales en las intervenciones humanitarias y fortalecimiento de la resiliencia<\/a> <\/strong><br><br><strong>&#8211; <a href=\"https:\/\/rcrcconference.org\/app\/uploads\/2023\/12\/34IC-Anticipatory-Action-Draft-Elements-FINAL-ES.pdf\" target=\"_blank\" rel=\"noreferrer noopener\">Protecci\u00f3n de las personas ante las consecuencias de eventos extremos: aunar esfuerzos para fortalecer la acci\u00f3n anticipada <\/a><\/strong>\t\t\t\t\t<\/div>\n\t\t\t\t<\/li>\n\t\t\t\t\t\t\t<li class=\"accordion__item\">\n\t\t\t\t\t<div class=\"accordion__title\" role=\"button\" aria-expanded=\"false\" aria-label=\"Rese\u00f1a de los temas propuestos para el orden del d\u00eda. \">\n\t\t\t\t\t\t<h3 class=\"accordion__title-h4\">Rese\u00f1a de los temas propuestos para el orden del d\u00eda. <\/h3>\n\t\t\t\t\t<\/div>\n\t\t\t\t\t<div class=\"accordion__content\" role=\"region\" hidden>\n\t\t\t\t\t\t&#8211; <a href=\"https:\/\/rcrcconference.org\/app\/uploads\/2023\/07\/34IC-Outline-Agenda-Final-Edited-ES.pdf\" target=\"_blank\" rel=\"noreferrer noopener\"><strong>Rese\u00f1a de los temas propuestos para el orden del d\u00eda. <\/strong><\/a> \t\t\t\t\t<\/div>\n\t\t\t\t<\/li>\n\t\t\t\t\t\t\t<li class=\"accordion__item\">\n\t\t\t\t\t<div class=\"accordion__title\" role=\"button\" aria-expanded=\"false\" aria-label=\"La nota conceptual para la XXXIV Conferencia Internacional\">\n\t\t\t\t\t\t<h3 class=\"accordion__title-h4\">La nota conceptual para la XXXIV Conferencia Internacional<\/h3>\n\t\t\t\t\t<\/div>\n\t\t\t\t\t<div class=\"accordion__content\" role=\"region\" hidden>\n\t\t\t\t\t\t <strong>&#8211; <a href=\"https:\/\/rcrcconference.org\/app\/uploads\/2023\/03\/34IC-ConceptNote_FINAL-ES.pdf\" target=\"_blank\" rel=\"noreferrer noopener\">La nota conceptual para la XXXIV Conferencia Internacional.<\/a><\/strong> \t\t\t\t\t<\/div>\n\t\t\t\t<\/li>\n\t\t\t\t\t<\/ul>\n\t<\/section>\n","protected":false},"excerpt":{"rendered":"<p>To access the documents in the four working languages of the International Conference (English, French, Spanish and Arabic) select the language option in the header of the web page.Translation of documents in languages other than the official working languages can be arranged upon request and when funding is available.To access documents that are currently translated [&hellip;]<\/p>\n","protected":false},"author":1,"featured_media":28674,"parent":23241,"menu_order":0,"comment_status":"closed","ping_status":"closed","template":"page-anchor-menu.php","meta":{"_acf_changed":false,"footnotes":""},"class_list":["post-23481","page","type-page","status-publish","has-post-thumbnail","hentry"],"acf":[],"_links":{"self":[{"href":"https:\/\/rcrcconference.org\/es\/wp-json\/wp\/v2\/pages\/23481"}],"collection":[{"href":"https:\/\/rcrcconference.org\/es\/wp-json\/wp\/v2\/pages"}],"about":[{"href":"https:\/\/rcrcconference.org\/es\/wp-json\/wp\/v2\/types\/page"}],"author":[{"embeddable":true,"href":"https:\/\/rcrcconference.org\/es\/wp-json\/wp\/v2\/users\/1"}],"replies":[{"embeddable":true,"href":"https:\/\/rcrcconference.org\/es\/wp-json\/wp\/v2\/comments?post=23481"}],"version-history":[{"count":50,"href":"https:\/\/rcrcconference.org\/es\/wp-json\/wp\/v2\/pages\/23481\/revisions"}],"predecessor-version":[{"id":36333,"href":"https:\/\/rcrcconference.org\/es\/wp-json\/wp\/v2\/pages\/23481\/revisions\/36333"}],"up":[{"embeddable":true,"href":"https:\/\/rcrcconference.org\/es\/wp-json\/wp\/v2\/pages\/23241"}],"wp:featuredmedia":[{"embeddable":true,"href":"https:\/\/rcrcconference.org\/es\/wp-json\/wp\/v2\/media\/28674"}],"wp:attachment":[{"href":"https:\/\/rcrcconference.org\/es\/wp-json\/wp\/v2\/media?parent=23481"}],"curies":[{"name":"wp","href":"https:\/\/api.w.org\/{rel}","templated":true}]}}