{"id":23241,"date":"2023-03-20T09:56:21","date_gmt":"2023-03-20T09:56:21","guid":{"rendered":"https:\/\/rcrcconference.org\/?page_id=23241"},"modified":"2024-08-27T07:02:34","modified_gmt":"2024-08-27T07:02:34","slug":"34th-international-conference","status":"publish","type":"page","link":"https:\/\/rcrcconference.org\/es\/about\/34th-international-conference\/","title":{"rendered":"Acerca de"},"content":{"rendered":"<section class=\"accordion-block\" style=\"; \" role=\"region\" aria-label=\"Pedges accordion block\">\n\t\t\t\t<ul class=\"accordion\">\n\t\t\t\t\t\t\t<li class=\"accordion__item\">\n\t\t\t\t\t<div class=\"accordion__title\" role=\"button\" aria-expanded=\"false\" aria-label=\"La Conferencia Internacional de la Cruz Roja y de la Media Luna Roja\">\n\t\t\t\t\t\t<h3 class=\"accordion__title-h4\">La Conferencia Internacional de la Cruz Roja y de la Media Luna Roja<\/h3>\n\t\t\t\t\t<\/div>\n\t\t\t\t\t<div class=\"accordion__content\" role=\"region\" hidden>\n\t\t\t\t\t\tLa Conferencia Internacional de la Cruz Roja y de la Media Luna Roja (Conferencia Internacional) es la m\u00e1s alta autoridad deliberante del Movimiento Internacional de la Cruz Roja y de la Media Luna Roja (Movimiento). En ella, los representantes de los componentes del Movimiento se re\u00fanen con los representantes de los Altas Partes Contratantes en los Convenios de Ginebra para examinar cuestiones humanitarias fundamentales de inter\u00e9s com\u00fan, y formular compromisos conjuntos. <br> Se trata de un foro \u00fanico, desprovisto de car\u00e1cter pol\u00edtico, donde los componentes del Movimiento y los Estados se expresan en pie de igualdad. <br> La Conferencia Internacional aspira a: <br> favorecer la observancia de las normas del derecho internacional humanitario y el desarrollo de este; <br> mejorar las condiciones de seguridad f\u00edsica y personal, al igual que el respeto de la dignidad de las personas, mediante el fortalecimiento de pol\u00edticas y marcos jur\u00eddicos;<br> configurar el programa humanitario mundial;<br> favorecer las relaciones de colaboraci\u00f3n, alianzas y sinergias. \t\t\t\t\t<\/div>\n\t\t\t\t<\/li>\n\t\t\t\t\t\t\t<li class=\"accordion__item\">\n\t\t\t\t\t<div class=\"accordion__title\" role=\"button\" aria-expanded=\"false\" aria-label=\"Periodicidad\">\n\t\t\t\t\t\t<h3 class=\"accordion__title-h4\">Periodicidad<\/h3>\n\t\t\t\t\t<\/div>\n\t\t\t\t\t<div class=\"accordion__content\" role=\"region\" hidden>\n\t\t\t\t\t\tPor lo general, la Conferencia Internacional se re\u00fane cada cuatro a\u00f1os, a menos que adopte una decisi\u00f3n en contrario.\t\t\t\t\t<\/div>\n\t\t\t\t<\/li>\n\t\t\t\t\t\t\t<li class=\"accordion__item\">\n\t\t\t\t\t<div class=\"accordion__title\" role=\"button\" aria-expanded=\"false\" aria-label=\"Participantes\">\n\t\t\t\t\t\t<h3 class=\"accordion__title-h4\">Participantes<\/h3>\n\t\t\t\t\t<\/div>\n\t\t\t\t\t<div class=\"accordion__content\" role=\"region\" hidden>\n\t\t\t\t\t\t<strong> <\/strong> Miembros de la Conferencia Internacional<br><strong>Los componentes del Movimiento, a saber:<br><\/strong>Las Sociedades Nacionales de la Cruz Roja y de la Media Luna Roja (191 actualmente), que act\u00faan y son reconocidas en calidad de auxiliares de los poderes p\u00fablicos de sus respectivos pa\u00edses en el \u00e1mbito humanitario. Proporcionan varios servicios, con inclusi\u00f3n de programas sociales y de salud y actividades de socorro en casos de desastre. En tiempo de guerra, brindan asistencia a la poblaci\u00f3n civil y apoyo a los servicios m\u00e9dicos de las fuerzas armadas; <br>la Federaci\u00f3n Internacional  de Sociedades de la Cruz Roja y de la Media Luna Roja (Federaci\u00f3n Internacional);<br>el Comit\u00e9 Internacional de la Cruz Roja (CICR).<br><strong>Los Estados Partes en los Convenios de Ginebra.<br><\/strong> Incumbe a Suiza, por su condici\u00f3n de Estado depositario de los Convenios de Ginebra de 1949 y sus Protocolos adicionales, el mantenimiento de la lista de las Altas Partes Contratantes en los Convenios de Ginebra.<br> Los Convenios de Ginebra y sus Protocolos adicionales constituyen un pilar esencial del derecho internacional humanitario, el conjunto de normas jur\u00eddicas internacionales que rige la conducci\u00f3n de los conflictos armados y aspira a limitar los efectos de estos. <br> En concreto, los Protocolos brindan protecci\u00f3n a quienes se abstienen de todo acto de hostilidad (poblaci\u00f3n civil, trabajadores de salud y trabajadores humanitarios) y a quienes ya no participan en las hostilidades, con inclusi\u00f3n de los heridos, los enfermos, los n\u00e1ufragos de las fuerzas armadas y los prisioneros de guerra.<br> En los Convenios de Ginebra y sus Protocolos adicionales se emite un llamamiento a la adopci\u00f3n de medidas para prevenir o cesar toda infracci\u00f3n. Contienen normas estrictas aplicables en el caso de \u201cinfracciones graves\u201d. Se deber\u00e1 identificar, enjuiciar o extraditar a los responsables de infracciones graves, con independencia de su nacionalidad.<br><br>Los observadores, con inclusi\u00f3n de organizaciones humanitarias, las Naciones Unidas y varios de sus organismos especializados, organizaciones no gubernamentales y otros asociados en el \u00e1mbito humanitario.\t\t\t\t\t<\/div>\n\t\t\t\t<\/li>\n\t\t\t\t\t\t\t<li class=\"accordion__item\">\n\t\t\t\t\t<div class=\"accordion__title\" role=\"button\" aria-expanded=\"false\" aria-label=\"Resultados de la Conferencia Internacional\">\n\t\t\t\t\t\t<h3 class=\"accordion__title-h4\">Resultados de la Conferencia Internacional<\/h3>\n\t\t\t\t\t<\/div>\n\t\t\t\t\t<div class=\"accordion__content\" role=\"region\" hidden>\n\t\t\t\t\t\tLa Conferencia Internacional toma decisiones en forma de resoluciones y hace lo posible por aprobarlas por consenso.<br> Adem\u00e1s de las resoluciones, los participantes pueden formular compromisos voluntarios en forma de promesas. Estas constituyen un instrumento importante para favorecer la cooperaci\u00f3n entre participantes en la Conferencia Internacional y para impulsar el di\u00e1logo sobre el programa humanitario con los poderes p\u00fablicos. Los participantes pueden suscribir promesas individuales, conjuntas, o abiertas a la firma de todos los miembros y observadores que deseen apoyarlas y suscribirlas. \t\t\t\t\t<\/div>\n\t\t\t\t<\/li>\n\t\t\t\t\t\t\t<li class=\"accordion__item\">\n\t\t\t\t\t<div class=\"accordion__title\" role=\"button\" aria-expanded=\"false\" aria-label=\"Esclarecimiento sobre el car\u00e1cter jur\u00eddicamente vinculante de los resultados de la Conferencia Internacional\">\n\t\t\t\t\t\t<h3 class=\"accordion__title-h4\">Esclarecimiento sobre el car\u00e1cter jur\u00eddicamente vinculante de los resultados de la Conferencia Internacional<\/h3>\n\t\t\t\t\t<\/div>\n\t\t\t\t\t<div class=\"accordion__content\" role=\"region\" hidden>\n\t\t\t\t\t\tSe alienta a los participantes a garantizar la aplicaci\u00f3n efectiva de los resultados y decisiones de la Conferencia Internacional, solicit\u00e1ndoles que, con car\u00e1cter voluntario, brinden informaci\u00f3n sobre el estado relativo a la aplicaci\u00f3n de las resoluciones y promesas.os de la Conferencia Internacional\t\t\t\t\t<\/div>\n\t\t\t\t<\/li>\n\t\t\t\t\t<\/ul>\n\t<\/section>\n","protected":false},"excerpt":{"rendered":"","protected":false},"author":1,"featured_media":28651,"parent":2017,"menu_order":0,"comment_status":"closed","ping_status":"closed","template":"","meta":{"_acf_changed":false,"footnotes":""},"class_list":["post-23241","page","type-page","status-publish","has-post-thumbnail","hentry"],"acf":[],"_links":{"self":[{"href":"https:\/\/rcrcconference.org\/es\/wp-json\/wp\/v2\/pages\/23241"}],"collection":[{"href":"https:\/\/rcrcconference.org\/es\/wp-json\/wp\/v2\/pages"}],"about":[{"href":"https:\/\/rcrcconference.org\/es\/wp-json\/wp\/v2\/types\/page"}],"author":[{"embeddable":true,"href":"https:\/\/rcrcconference.org\/es\/wp-json\/wp\/v2\/users\/1"}],"replies":[{"embeddable":true,"href":"https:\/\/rcrcconference.org\/es\/wp-json\/wp\/v2\/comments?post=23241"}],"version-history":[{"count":22,"href":"https:\/\/rcrcconference.org\/es\/wp-json\/wp\/v2\/pages\/23241\/revisions"}],"predecessor-version":[{"id":28491,"href":"https:\/\/rcrcconference.org\/es\/wp-json\/wp\/v2\/pages\/23241\/revisions\/28491"}],"up":[{"embeddable":true,"href":"https:\/\/rcrcconference.org\/es\/wp-json\/wp\/v2\/pages\/2017"}],"wp:featuredmedia":[{"embeddable":true,"href":"https:\/\/rcrcconference.org\/es\/wp-json\/wp\/v2\/media\/28651"}],"wp:attachment":[{"href":"https:\/\/rcrcconference.org\/es\/wp-json\/wp\/v2\/media?parent=23241"}],"curies":[{"name":"wp","href":"https:\/\/api.w.org\/{rel}","templated":true}]}}