{"id":2033,"date":"2019-05-15T12:35:40","date_gmt":"2019-05-15T12:35:40","guid":{"rendered":"https:\/\/rcrcconference.org\/about-2-2\/"},"modified":"2024-08-25T15:14:54","modified_gmt":"2024-08-25T15:14:54","slug":"about-2","status":"publish","type":"page","link":"https:\/\/rcrcconference.org\/es\/about-2\/","title":{"rendered":"Consejo de Delegados"},"content":{"rendered":"\n<div style=\"height:72px\" aria-hidden=\"true\" class=\"wp-block-spacer\"><\/div>\n\n\n<section class=\"accordion-block\" style=\"background-color: #ffffff; color: #4D4D4D\" role=\"region\" aria-label=\"Pedges accordion block\">\n\t\t\t\t<ul class=\"accordion\">\n\t\t\t\t\t\t\t<li class=\"accordion__item\">\n\t\t\t\t\t<div class=\"accordion__title\" role=\"button\" aria-expanded=\"false\" aria-label=\"El Consejo de Delegados\">\n\t\t\t\t\t\t<h3 class=\"accordion__title-h4\">El Consejo de Delegados<\/h3>\n\t\t\t\t\t<\/div>\n\t\t\t\t\t<div class=\"accordion__content\" role=\"region\" hidden>\n\t\t\t\t\t\tEl Consejo de Delegados del Movimiento Internacional de la Cruz Roja y de la Media Luna Roja es el \u00f3rgano en el que se re\u00fanen los representantes de todos los componentes del Movimiento (las Sociedades Nacionales, el CICR y la Federaci\u00f3n Internacional) para debatir las cuestiones que conciernen al Movimiento en su conjunto. <br> El Consejo de Delegados establece estrategias comunes y vela por la armonizaci\u00f3n de los enfoques adoptados en el seno del Movimiento en relaci\u00f3n con asuntos humanitarios mundiales. Contribuye a fortalecer la cooperaci\u00f3n entre las organizaciones de la Cruz Roja y de la Media Luna Roja y a favorecer las relaciones entre los miembros.<br> En los a\u00f1os en que se celebra la Conferencia Internacional, el Consejo de Delegados se reunir\u00e1 antes de la apertura de esta, aprobar\u00e1 su orden del d\u00eda y propondr\u00e1 candidatos en calidad de funcionarios de la conferencia.\t\t\t\t\t<\/div>\n\t\t\t\t<\/li>\n\t\t\t\t\t\t\t<li class=\"accordion__item\">\n\t\t\t\t\t<div class=\"accordion__title\" role=\"button\" aria-expanded=\"false\" aria-label=\"Periodicidad de sus reuniones\">\n\t\t\t\t\t\t<h3 class=\"accordion__title-h4\">Periodicidad de sus reuniones<\/h3>\n\t\t\t\t\t<\/div>\n\t\t\t\t\t<div class=\"accordion__content\" role=\"region\" hidden>\n\t\t\t\t\t\tEl Consejo de Delegados se re\u00fane cada dos a\u00f1os.\t\t\t\t\t<\/div>\n\t\t\t\t<\/li>\n\t\t\t\t\t\t\t<li class=\"accordion__item\">\n\t\t\t\t\t<div class=\"accordion__title\" role=\"button\" aria-expanded=\"false\" aria-label=\"Participantes\">\n\t\t\t\t\t\t<h3 class=\"accordion__title-h4\">Participantes<\/h3>\n\t\t\t\t\t<\/div>\n\t\t\t\t\t<div class=\"accordion__content\" role=\"region\" hidden>\n\t\t\t\t\t\tEn las reuniones del Consejo de Delegados participan \u00fanicamente los miembros del Movimiento, esto es:<br>&#8211; las Sociedades Nacionales de la Cruz Roja y de la Media Luna Roja;<br>&#8211; el Comit\u00e9 Internacional de la Cruz Roja (CICR);<br>&#8211; la Federaci\u00f3n Internacional de Sociedades de la Cruz Roja y de la Media Luna Roja (Federaci\u00f3n Internacional). \t\t\t\t\t<\/div>\n\t\t\t\t<\/li>\n\t\t\t\t\t\t\t<li class=\"accordion__item\">\n\t\t\t\t\t<div class=\"accordion__title\" role=\"button\" aria-expanded=\"false\" aria-label=\"Resultados\">\n\t\t\t\t\t\t<h3 class=\"accordion__title-h4\">Resultados<\/h3>\n\t\t\t\t\t<\/div>\n\t\t\t\t\t<div class=\"accordion__content\" role=\"region\" hidden>\n\t\t\t\t\t\tAl igual que la Conferencia Internacional, el Consejo de Delegados adopta decisiones en forma de resoluciones, privilegi\u00e1ndose el logro del consenso.\t\t\t\t\t<\/div>\n\t\t\t\t<\/li>\n\t\t\t\t\t\t\t<li class=\"accordion__item\">\n\t\t\t\t\t<div class=\"accordion__title\" role=\"button\" aria-expanded=\"false\" aria-label=\"Historia\">\n\t\t\t\t\t\t<h3 class=\"accordion__title-h4\">Historia<\/h3>\n\t\t\t\t\t<\/div>\n\t\t\t\t\t<div class=\"accordion__content\" role=\"region\" hidden>\n\t\t\t\t\t\tEl Consejo de Delegados (denominado originalmente \u201cComisi\u00f3n de Delegados\u201d), fue establecido durante la III Conferencia Internacional de la Cruz Roja y de la Media Luna Roja, en 1884, para aunar a las Sociedades Nacionales y al CICR en el marco de un foro de deliberaci\u00f3n y cooperaci\u00f3n en el seno de la familia de la Cruz Roja. Fundamentalmente, se pretend\u00eda crear una plataforma para abordar cuestiones relativas a las organizaciones de la Cruz Roja, al margen de las deliberaciones con los Estados.<br> En 1961, el Consejo de Delegados se reuni\u00f3 por primera vez fuera del marco de la Conferencia Internacional para abordar cuestiones que solo concern\u00edan al Movimiento. Desde entonces, el Consejo de Delegados ha cobrado importancia de manera gradual y se ha consolidado como foro para la resoluci\u00f3n de cuestiones de fondo relativas al Movimiento.<br>\t\t\t\t\t<\/div>\n\t\t\t\t<\/li>\n\t\t\t\t\t<\/ul>\n\t<\/section>\n","protected":false},"excerpt":{"rendered":"","protected":false},"author":1,"featured_media":17612,"parent":0,"menu_order":0,"comment_status":"closed","ping_status":"closed","template":"","meta":{"_acf_changed":false,"footnotes":""},"class_list":["post-2033","page","type-page","status-publish","has-post-thumbnail","hentry"],"acf":[],"_links":{"self":[{"href":"https:\/\/rcrcconference.org\/es\/wp-json\/wp\/v2\/pages\/2033"}],"collection":[{"href":"https:\/\/rcrcconference.org\/es\/wp-json\/wp\/v2\/pages"}],"about":[{"href":"https:\/\/rcrcconference.org\/es\/wp-json\/wp\/v2\/types\/page"}],"author":[{"embeddable":true,"href":"https:\/\/rcrcconference.org\/es\/wp-json\/wp\/v2\/users\/1"}],"replies":[{"embeddable":true,"href":"https:\/\/rcrcconference.org\/es\/wp-json\/wp\/v2\/comments?post=2033"}],"version-history":[{"count":20,"href":"https:\/\/rcrcconference.org\/es\/wp-json\/wp\/v2\/pages\/2033\/revisions"}],"predecessor-version":[{"id":28245,"href":"https:\/\/rcrcconference.org\/es\/wp-json\/wp\/v2\/pages\/2033\/revisions\/28245"}],"wp:featuredmedia":[{"embeddable":true,"href":"https:\/\/rcrcconference.org\/es\/wp-json\/wp\/v2\/media\/17612"}],"wp:attachment":[{"href":"https:\/\/rcrcconference.org\/es\/wp-json\/wp\/v2\/media?parent=2033"}],"curies":[{"name":"wp","href":"https:\/\/api.w.org\/{rel}","templated":true}]}}