{"id":2017,"date":"2019-05-13T08:54:39","date_gmt":"2019-05-13T08:54:39","guid":{"rendered":"https:\/\/rcrcconference.org\/about\/"},"modified":"2025-06-12T16:15:39","modified_gmt":"2025-06-12T16:15:39","slug":"about","status":"publish","type":"page","link":"https:\/\/rcrcconference.org\/es\/about\/","title":{"rendered":"XXXIV Conferencia Internacional"},"content":{"rendered":"<section class=\"icon__links\">\n\t\t\t<div class=\"icon__links-blocks\">\n\t\t\t\t\t\t\t\t<div class=\"icon__links-blocks-block\">\n\t\t\t\t\t\t<a href=\"https:\/\/rcrcconference.org\/es\/about\/34th-international-conference\/documentos-xxxiv-conferencia-internacional\/\">\n\t\t\t\t\t\t\t<div class=\"icon__links-blocks-block-content\">\n\t\t\t\t\t\t\t\t\t\t\t\t\t\t\t\t\t\t\t\t\t\t\t\t\t\t\t\t\t\t\t\t\t\t\t\t<div class=\"icon__links-blocks-block-img\">\n\t\t\t\t\t\t\t\t\t\t\t<img decoding=\"async\" src=\"https:\/\/rcrcconference.org\/app\/uploads\/2024\/08\/Frame-2606.svg\" alt=\"Documentos\">\n\t\t\t\t\t\t\t\t\t\t<\/div>\n\t\t\t\t\t\t\t\t\t\t\t\t\t\t\t\t\t\t\t\t\t\t\t\t\t<h4>Documentos<\/h4>\n\t\t\t\t\t\t\t<\/div>\n\t\t\t\t\t\t<\/a>\n\t\t\t\t\t<\/div>\n\t\t\t\t\t\t\t\t\t<div class=\"icon__links-blocks-block\">\n\t\t\t\t\t\t<a href=\"https:\/\/rcrcconference.org\/es\/about\/pledges\/\">\n\t\t\t\t\t\t\t<div class=\"icon__links-blocks-block-content\">\n\t\t\t\t\t\t\t\t\t\t\t\t\t\t\t\t\t\t\t\t\t\t\t\t\t\t\t\t\t\t\t\t\t\t\t\t<div class=\"icon__links-blocks-block-img\">\n\t\t\t\t\t\t\t\t\t\t\t<img decoding=\"async\" src=\"https:\/\/rcrcconference.org\/app\/uploads\/2024\/08\/Vector.svg\" alt=\"Las promesas\">\n\t\t\t\t\t\t\t\t\t\t<\/div>\n\t\t\t\t\t\t\t\t\t\t\t\t\t\t\t\t\t\t\t\t\t\t\t\t\t<h4>Las promesas<\/h4>\n\t\t\t\t\t\t\t<\/div>\n\t\t\t\t\t\t<\/a>\n\t\t\t\t\t<\/div>\n\t\t\t\t\t\t\t\t\t<div class=\"icon__links-blocks-block\">\n\t\t\t\t\t\t<a href=\"https:\/\/rcrcconference.org\/app\/uploads\/2024\/10\/34th-ConferenceGuide-NSs-ES-1.pdf\">\n\t\t\t\t\t\t\t<div class=\"icon__links-blocks-block-content\">\n\t\t\t\t\t\t\t\t\t\t\t\t\t\t\t\t\t\t\t\t\t\t\t\t\t\t\t\t\t\t\t\t\t\t\t\t<div class=\"icon__links-blocks-block-img\">\n\t\t\t\t\t\t\t\t\t\t\t<img decoding=\"async\" src=\"https:\/\/rcrcconference.org\/app\/uploads\/2024\/08\/Frame-2606.svg\" alt=\"Gu\u00eda relativa a las Reuniones Estatutarias\">\n\t\t\t\t\t\t\t\t\t\t<\/div>\n\t\t\t\t\t\t\t\t\t\t\t\t\t\t\t\t\t\t\t\t\t\t\t\t\t<h4>Gu\u00eda relativa a las Reuniones Estatutarias<\/h4>\n\t\t\t\t\t\t\t<\/div>\n\t\t\t\t\t\t<\/a>\n\t\t\t\t\t<\/div>\n\t\t\t\t\t\t\t\t\t<div class=\"icon__links-blocks-block\">\n\t\t\t\t\t\t<a href=\"https:\/\/rcrcconference.org\/app\/uploads\/2024\/10\/34IC-detail-programme_Red-Cross-2024.10.27-ES.pdf\">\n\t\t\t\t\t\t\t<div class=\"icon__links-blocks-block-content\">\n\t\t\t\t\t\t\t\t\t\t\t\t\t\t\t\t\t\t\t\t\t\t\t\t\t\t\t\t\t\t\t\t\t\t\t\t<div class=\"icon__links-blocks-block-img\">\n\t\t\t\t\t\t\t\t\t\t\t<img decoding=\"async\" src=\"https:\/\/rcrcconference.org\/app\/uploads\/2024\/08\/Frame-2606.svg\" alt=\"Programa (27 de octubre)\">\n\t\t\t\t\t\t\t\t\t\t<\/div>\n\t\t\t\t\t\t\t\t\t\t\t\t\t\t\t\t\t\t\t\t\t\t\t\t\t<h4>Programa (27 de octubre)<\/h4>\n\t\t\t\t\t\t\t<\/div>\n\t\t\t\t\t\t<\/a>\n\t\t\t\t\t<\/div>\n\t\t\t\t\t\t\t\t\t<div class=\"icon__links-blocks-block\">\n\t\t\t\t\t\t<a href=\"https:\/\/rcrcconference.org\/es\/about\/34th-international-conference\/for-the-record-voices-from-the-conference\/\">\n\t\t\t\t\t\t\t<div class=\"icon__links-blocks-block-content\">\n\t\t\t\t\t\t\t\t\t\t\t\t\t\t\t\t\t\t\t\t\t\t\t\t\t\t\t\t\t\t\t\t\t\t\t\t<div class=\"icon__links-blocks-block-img\">\n\t\t\t\t\t\t\t\t\t\t\t<img decoding=\"async\" src=\"https:\/\/rcrcconference.org\/app\/uploads\/2024\/08\/Vector.svg\" alt=\"Para la memoria: voces de la Conferencia\">\n\t\t\t\t\t\t\t\t\t\t<\/div>\n\t\t\t\t\t\t\t\t\t\t\t\t\t\t\t\t\t\t\t\t\t\t\t\t\t<h4>Para la memoria: voces de la Conferencia<\/h4>\n\t\t\t\t\t\t\t<\/div>\n\t\t\t\t\t\t<\/a>\n\t\t\t\t\t<\/div>\n\t\t\t\t\t\t\t\t\t<div class=\"icon__links-blocks-block\">\n\t\t\t\t\t\t<a href=\"https:\/\/rcrcconference.org\/es\/comisiones-sesiones-tematicas\/\">\n\t\t\t\t\t\t\t<div class=\"icon__links-blocks-block-content\">\n\t\t\t\t\t\t\t\t\t\t\t\t\t\t\t\t\t\t\t\t\t\t\t\t\t\t\t\t\t\t\t\t\t\t\t\t<div class=\"icon__links-blocks-block-img\">\n\t\t\t\t\t\t\t\t\t\t\t<img decoding=\"async\" src=\"https:\/\/rcrcconference.org\/app\/uploads\/2024\/08\/Vector.svg\" alt=\"Comisiones &#038; sesiones tem\u00e1ticas\">\n\t\t\t\t\t\t\t\t\t\t<\/div>\n\t\t\t\t\t\t\t\t\t\t\t\t\t\t\t\t\t\t\t\t\t\t\t\t\t<h4>Comisiones &#038; sesiones tem\u00e1ticas<\/h4>\n\t\t\t\t\t\t\t<\/div>\n\t\t\t\t\t\t<\/a>\n\t\t\t\t\t<\/div>\n\t\t\t\t\t\t\t\t\t<div class=\"icon__links-blocks-block\">\n\t\t\t\t\t\t<a href=\"https:\/\/rcrcconference.org\/es\/about\/34th-international-conference\/election-of-the-standing-commission-of-the-red-cross-and-red-crescent\/\">\n\t\t\t\t\t\t\t<div class=\"icon__links-blocks-block-content\">\n\t\t\t\t\t\t\t\t\t\t\t\t\t\t\t\t\t\t\t\t\t\t\t\t\t\t\t\t\t\t\t\t\t\t\t\t<div class=\"icon__links-blocks-block-img\">\n\t\t\t\t\t\t\t\t\t\t\t<img decoding=\"async\" src=\"https:\/\/rcrcconference.org\/app\/uploads\/2024\/08\/Vector.svg\" alt=\"Elecci\u00f3n de la Comisi\u00f3n Permanente\">\n\t\t\t\t\t\t\t\t\t\t<\/div>\n\t\t\t\t\t\t\t\t\t\t\t\t\t\t\t\t\t\t\t\t\t\t\t\t\t<h4>Elecci\u00f3n de la Comisi\u00f3n Permanente<\/h4>\n\t\t\t\t\t\t\t<\/div>\n\t\t\t\t\t\t<\/a>\n\t\t\t\t\t<\/div>\n\t\t\t\t\t\t\t\t\t<div class=\"icon__links-blocks-block\">\n\t\t\t\t\t\t<a href=\"https:\/\/rcrcconference.org\/es\/eventos-paralelos\/\">\n\t\t\t\t\t\t\t<div class=\"icon__links-blocks-block-content\">\n\t\t\t\t\t\t\t\t\t\t\t\t\t\t\t\t\t\t\t\t\t\t\t\t\t\t\t\t\t\t\t\t\t\t\t\t<div class=\"icon__links-blocks-block-img\">\n\t\t\t\t\t\t\t\t\t\t\t<img decoding=\"async\" src=\"https:\/\/rcrcconference.org\/app\/uploads\/2024\/08\/Vector.svg\" alt=\"Eventos-paralelos\">\n\t\t\t\t\t\t\t\t\t\t<\/div>\n\t\t\t\t\t\t\t\t\t\t\t\t\t\t\t\t\t\t\t\t\t\t\t\t\t<h4>Eventos-paralelos<\/h4>\n\t\t\t\t\t\t\t<\/div>\n\t\t\t\t\t\t<\/a>\n\t\t\t\t\t<\/div>\n\t\t\t\t\t\t\t\t\t<div class=\"icon__links-blocks-block\">\n\t\t\t\t\t\t<a href=\"\">\n\t\t\t\t\t\t\t<div class=\"icon__links-blocks-block-content\">\n\t\t\t\t\t\t\t\t\t\t\t\t\t\t\t\t\t\t\t\t\t\t\t\t\t\t\t\t\t\t\t\t\t\t\t\t<div class=\"icon__links-blocks-block-img\">\n\t\t\t\t\t\t\t\t\t\t\t<img decoding=\"async\" src=\"https:\/\/rcrcconference.org\/app\/uploads\/2024\/08\/Frame-260.svg\" alt=\"SENDERO HUMANITARIO \">\n\t\t\t\t\t\t\t\t\t\t<\/div>\n\t\t\t\t\t\t\t\t\t\t\t\t\t\t\t\t\t\t\t\t\t\t\t\t\t<h4>SENDERO HUMANITARIO <\/h4>\n\t\t\t\t\t\t\t<\/div>\n\t\t\t\t\t\t<\/a>\n\t\t\t\t\t<\/div>\n\t\t\t\t\t\t\t\t\t<div class=\"icon__links-blocks-block\">\n\t\t\t\t\t\t<a href=\"https:\/\/rcrcconference.org\/es\/about\/34th-international-conference\/prepare-to-engage-34th-international-conference-for-conference-members-only\/\">\n\t\t\t\t\t\t\t<div class=\"icon__links-blocks-block-content\">\n\t\t\t\t\t\t\t\t\t\t\t\t\t\t\t\t\t\t\t\t\t\t\t\t\t\t\t\t\t\t\t\t\t\t\t\t<div class=\"icon__links-blocks-block-img\">\n\t\t\t\t\t\t\t\t\t\t\t<img decoding=\"async\" src=\"https:\/\/rcrcconference.org\/app\/uploads\/2024\/08\/Frame-2606.svg\" alt=\"Gu\u00eda de participaci\u00f3n\">\n\t\t\t\t\t\t\t\t\t\t<\/div>\n\t\t\t\t\t\t\t\t\t\t\t\t\t\t\t\t\t\t\t\t\t\t\t\t\t<h4>Gu\u00eda de participaci\u00f3n<\/h4>\n\t\t\t\t\t\t\t<\/div>\n\t\t\t\t\t\t<\/a>\n\t\t\t\t\t<\/div>\n\t\t\t\t\t\t\t\t\t<div class=\"icon__links-blocks-block\">\n\t\t\t\t\t\t<a href=\"https:\/\/rcrcconference.org\/es\/about\/34th-international-conference\/declaration-commune\/\">\n\t\t\t\t\t\t\t<div class=\"icon__links-blocks-block-content\">\n\t\t\t\t\t\t\t\t\t\t\t\t\t\t\t\t\t\t\t\t\t\t\t\t\t\t\t\t\t\t\t\t\t\t\t\t<div class=\"icon__links-blocks-block-img\">\n\t\t\t\t\t\t\t\t\t\t\t<img decoding=\"async\" src=\"https:\/\/rcrcconference.org\/app\/uploads\/2024\/10\/Frame-2606.svg\" alt=\"D\u00e9claration commune\">\n\t\t\t\t\t\t\t\t\t\t<\/div>\n\t\t\t\t\t\t\t\t\t\t\t\t\t\t\t\t\t\t\t\t\t\t\t\t\t<h4>D\u00e9claration commune<\/h4>\n\t\t\t\t\t\t\t<\/div>\n\t\t\t\t\t\t<\/a>\n\t\t\t\t\t<\/div>\n\t\t\t\t\t\t<\/div>\n\t<\/section>\n\n\n\n<p>El car\u00e1cter impredecible de los acontecimientos mundiales y el aumento incesante de las necesidades humanitarias exigen una intervenci\u00f3n humanitaria m\u00e1s decidida. La Conferencia Internacional constituir\u00e1 una plataforma de di\u00e1logo entre el Movimiento Internacional de la Cruz Roja y de la Media Luna Roja (Movimiento) y los Estados Parte en los Convenios de Ginebra, a fin de decidir las medidas necesarias para fortalecer la incidencia de las intervenciones humanitarias ante crisis existentes y futuras.<br><br>El Movimiento ha emprendido la fase de preparaci\u00f3n de la XXXIV Conferencia Internacional.<\/p>\n\n\n\n<div style=\"height:51px\" aria-hidden=\"true\" class=\"wp-block-spacer\"><\/div>\n\n\n<section class=\"latest_documents\">\n\t<div class=\"latest_documents__inner\">\n\t\t<div class=\"latest_documents__header\" role=\"region\">\n\t\t\t<h2>\u00daltimos documentos<\/h2><p class=\"\">Resoluciones, documentos de antecedente, Orden del d\u00eda<\/p>\t\t<\/div>\n\t\t<div class=\"latest_documents__blocks\">\n\t\t\t\t\t\t\t\t<div class=\"latest_documents__blocks-block\">\n\t\t\t\t\t\t<a href=\"https:\/\/rcrcconference.org\/es\/about\/34th-international-conference\/documentos-xxxiv-conferencia-internacional\/\">\n\t\t\t\t\t\t\t<div class=\"latest_documents__blocks-block-arrow\">\n\t\t\t\t\t\t\t\t<svg width=\"24\" height=\"25\" viewBox=\"0 0 24 25\" fill=\"#1A3283\" xmlns=\"http:\/\/www.w3.org\/2000\/svg\">\n\t\t\t\t\t\t\t\t\t<path d=\"M14 18.5L12.6 17.05L16.15 13.5H4V11.5H16.15L12.6 7.95L14 6.5L20 12.5L14 18.5Z\"\/>\n\t\t\t\t\t\t\t\t<\/svg>\n\t\t\t\t\t\t\t<\/div>\n\t\t\t\t\t\t\t<div class=\"latest_documents__blocks-block-content\" role=\"region\" aria-label=\"Latest document\">\n\t\t\t\t\t\t\t\t<svg width=\"23\" height=\"28\" viewBox=\"0 0 23 28\" fill=\"#6C7E7E\" xmlns=\"http:\/\/www.w3.org\/2000\/svg\"><path d=\"M6.16683 22H16.8335V19.3334H6.16683V22ZM6.16683 16.6667H16.8335V14H6.16683V16.6667ZM3.50016 27.3334C2.76683 27.3334 2.13905 27.0722 1.61683 26.55C1.09461 26.0278 0.833496 25.4 0.833496 24.6667V3.33335C0.833496 2.60002 1.09461 1.97224 1.61683 1.45002C2.13905 0.927798 2.76683 0.666687 3.50016 0.666687H14.1668L22.1668 8.66669V24.6667C22.1668 25.4 21.9057 26.0278 21.3835 26.55C20.8613 27.0722 20.2335 27.3334 19.5002 27.3334H3.50016ZM12.8335 10V3.33335H3.50016V24.6667H19.5002V10H12.8335Z\"\/><\/svg>\n\t\t\t\t\t\t\t\t<h3 class=\"latest_documents__blocks-block-content-title-h4\">Resoluciones, documentos de antecedentes, Orden del d\u00eda<\/h3>\n\t\t\t\t\t\t\t\t<p><\/p>\n\t\t\t\t\t\t\t<\/div>\n\t\t\t\t\t\t<\/a>\n\t\t\t\t\t<\/div>\n\t\t\t\t\t\t\t\t\t<div class=\"latest_documents__blocks-block\">\n\t\t\t\t\t\t<a href=\"https:\/\/rcrcconference.org\/app\/uploads\/2025\/06\/34IC-Facts_figures-ES.pdf\">\n\t\t\t\t\t\t\t<div class=\"latest_documents__blocks-block-arrow\">\n\t\t\t\t\t\t\t\t<svg width=\"24\" height=\"25\" viewBox=\"0 0 24 25\" fill=\"#1A3283\" xmlns=\"http:\/\/www.w3.org\/2000\/svg\">\n\t\t\t\t\t\t\t\t\t<path d=\"M14 18.5L12.6 17.05L16.15 13.5H4V11.5H16.15L12.6 7.95L14 6.5L20 12.5L14 18.5Z\"\/>\n\t\t\t\t\t\t\t\t<\/svg>\n\t\t\t\t\t\t\t<\/div>\n\t\t\t\t\t\t\t<div class=\"latest_documents__blocks-block-content\" role=\"region\" aria-label=\"Latest document\">\n\t\t\t\t\t\t\t\t<svg width=\"23\" height=\"28\" viewBox=\"0 0 23 28\" fill=\"#6C7E7E\" xmlns=\"http:\/\/www.w3.org\/2000\/svg\"><path d=\"M6.16683 22H16.8335V19.3334H6.16683V22ZM6.16683 16.6667H16.8335V14H6.16683V16.6667ZM3.50016 27.3334C2.76683 27.3334 2.13905 27.0722 1.61683 26.55C1.09461 26.0278 0.833496 25.4 0.833496 24.6667V3.33335C0.833496 2.60002 1.09461 1.97224 1.61683 1.45002C2.13905 0.927798 2.76683 0.666687 3.50016 0.666687H14.1668L22.1668 8.66669V24.6667C22.1668 25.4 21.9057 26.0278 21.3835 26.55C20.8613 27.0722 20.2335 27.3334 19.5002 27.3334H3.50016ZM12.8335 10V3.33335H3.50016V24.6667H19.5002V10H12.8335Z\"\/><\/svg>\n\t\t\t\t\t\t\t\t<h3 class=\"latest_documents__blocks-block-content-title-h4\">XXXIV Conferencia Internacional &#8211; Datos y Cifras<\/h3>\n\t\t\t\t\t\t\t\t<p><\/p>\n\t\t\t\t\t\t\t<\/div>\n\t\t\t\t\t\t<\/a>\n\t\t\t\t\t<\/div>\n\t\t\t\t\t\t\t\t\t<div class=\"latest_documents__blocks-block\">\n\t\t\t\t\t\t<a href=\"https:\/\/rcrcconference.org\/app\/uploads\/2024\/12\/34IC-conference-rapporteur-report-ES.pdf\">\n\t\t\t\t\t\t\t<div class=\"latest_documents__blocks-block-arrow\">\n\t\t\t\t\t\t\t\t<svg width=\"24\" height=\"25\" viewBox=\"0 0 24 25\" fill=\"#1A3283\" xmlns=\"http:\/\/www.w3.org\/2000\/svg\">\n\t\t\t\t\t\t\t\t\t<path d=\"M14 18.5L12.6 17.05L16.15 13.5H4V11.5H16.15L12.6 7.95L14 6.5L20 12.5L14 18.5Z\"\/>\n\t\t\t\t\t\t\t\t<\/svg>\n\t\t\t\t\t\t\t<\/div>\n\t\t\t\t\t\t\t<div class=\"latest_documents__blocks-block-content\" role=\"region\" aria-label=\"Latest document\">\n\t\t\t\t\t\t\t\t<svg width=\"23\" height=\"28\" viewBox=\"0 0 23 28\" fill=\"#6C7E7E\" xmlns=\"http:\/\/www.w3.org\/2000\/svg\"><path d=\"M6.16683 22H16.8335V19.3334H6.16683V22ZM6.16683 16.6667H16.8335V14H6.16683V16.6667ZM3.50016 27.3334C2.76683 27.3334 2.13905 27.0722 1.61683 26.55C1.09461 26.0278 0.833496 25.4 0.833496 24.6667V3.33335C0.833496 2.60002 1.09461 1.97224 1.61683 1.45002C2.13905 0.927798 2.76683 0.666687 3.50016 0.666687H14.1668L22.1668 8.66669V24.6667C22.1668 25.4 21.9057 26.0278 21.3835 26.55C20.8613 27.0722 20.2335 27.3334 19.5002 27.3334H3.50016ZM12.8335 10V3.33335H3.50016V24.6667H19.5002V10H12.8335Z\"\/><\/svg>\n\t\t\t\t\t\t\t\t<h3 class=\"latest_documents__blocks-block-content-title-h4\">Informe de la relatora<\/h3>\n\t\t\t\t\t\t\t\t<p><\/p>\n\t\t\t\t\t\t\t<\/div>\n\t\t\t\t\t\t<\/a>\n\t\t\t\t\t<\/div>\n\t\t\t\t\t\t\t\t\t<div class=\"latest_documents__blocks-block\">\n\t\t\t\t\t\t<a href=\"https:\/\/rcrcconference.org\/es\/about\/34th-international-conference\/prepare-to-engage-34th-international-conference-for-conference-members-only\/\">\n\t\t\t\t\t\t\t<div class=\"latest_documents__blocks-block-arrow\">\n\t\t\t\t\t\t\t\t<svg width=\"24\" height=\"25\" viewBox=\"0 0 24 25\" fill=\"#1A3283\" xmlns=\"http:\/\/www.w3.org\/2000\/svg\">\n\t\t\t\t\t\t\t\t\t<path d=\"M14 18.5L12.6 17.05L16.15 13.5H4V11.5H16.15L12.6 7.95L14 6.5L20 12.5L14 18.5Z\"\/>\n\t\t\t\t\t\t\t\t<\/svg>\n\t\t\t\t\t\t\t<\/div>\n\t\t\t\t\t\t\t<div class=\"latest_documents__blocks-block-content\" role=\"region\" aria-label=\"Latest document\">\n\t\t\t\t\t\t\t\t<svg width=\"23\" height=\"28\" viewBox=\"0 0 23 28\" fill=\"#6C7E7E\" xmlns=\"http:\/\/www.w3.org\/2000\/svg\"><path d=\"M6.16683 22H16.8335V19.3334H6.16683V22ZM6.16683 16.6667H16.8335V14H6.16683V16.6667ZM3.50016 27.3334C2.76683 27.3334 2.13905 27.0722 1.61683 26.55C1.09461 26.0278 0.833496 25.4 0.833496 24.6667V3.33335C0.833496 2.60002 1.09461 1.97224 1.61683 1.45002C2.13905 0.927798 2.76683 0.666687 3.50016 0.666687H14.1668L22.1668 8.66669V24.6667C22.1668 25.4 21.9057 26.0278 21.3835 26.55C20.8613 27.0722 20.2335 27.3334 19.5002 27.3334H3.50016ZM12.8335 10V3.33335H3.50016V24.6667H19.5002V10H12.8335Z\"\/><\/svg>\n\t\t\t\t\t\t\t\t<h3 class=\"latest_documents__blocks-block-content-title-h4\">Gu\u00eda de participaci\u00f3n<\/h3>\n\t\t\t\t\t\t\t\t<p>Es fundamental que todos los participantes en la Conferencia Internacional intervengan para que esta d\u00e9 los mejores resultados.<\/p>\n\t\t\t\t\t\t\t<\/div>\n\t\t\t\t\t\t<\/a>\n\t\t\t\t\t<\/div>\n\t\t\t\t\t\t<\/div>\n\t<\/div>\n<\/section>\n","protected":false},"excerpt":{"rendered":"<p>El car\u00e1cter impredecible de los acontecimientos mundiales y el aumento incesante de las necesidades humanitarias exigen una intervenci\u00f3n humanitaria m\u00e1s decidida. La Conferencia Internacional constituir\u00e1 una plataforma de di\u00e1logo entre el Movimiento Internacional de la Cruz Roja y de la Media Luna Roja (Movimiento) y los Estados Parte en los Convenios de Ginebra, a fin [&hellip;]<\/p>\n","protected":false},"author":1,"featured_media":23828,"parent":0,"menu_order":0,"comment_status":"closed","ping_status":"closed","template":"","meta":{"_acf_changed":false,"footnotes":""},"class_list":["post-2017","page","type-page","status-publish","has-post-thumbnail","hentry"],"acf":[],"_links":{"self":[{"href":"https:\/\/rcrcconference.org\/es\/wp-json\/wp\/v2\/pages\/2017"}],"collection":[{"href":"https:\/\/rcrcconference.org\/es\/wp-json\/wp\/v2\/pages"}],"about":[{"href":"https:\/\/rcrcconference.org\/es\/wp-json\/wp\/v2\/types\/page"}],"author":[{"embeddable":true,"href":"https:\/\/rcrcconference.org\/es\/wp-json\/wp\/v2\/users\/1"}],"replies":[{"embeddable":true,"href":"https:\/\/rcrcconference.org\/es\/wp-json\/wp\/v2\/comments?post=2017"}],"version-history":[{"count":35,"href":"https:\/\/rcrcconference.org\/es\/wp-json\/wp\/v2\/pages\/2017\/revisions"}],"predecessor-version":[{"id":34058,"href":"https:\/\/rcrcconference.org\/es\/wp-json\/wp\/v2\/pages\/2017\/revisions\/34058"}],"wp:featuredmedia":[{"embeddable":true,"href":"https:\/\/rcrcconference.org\/es\/wp-json\/wp\/v2\/media\/23828"}],"wp:attachment":[{"href":"https:\/\/rcrcconference.org\/es\/wp-json\/wp\/v2\/media?parent=2017"}],"curies":[{"name":"wp","href":"https:\/\/api.w.org\/{rel}","templated":true}]}}