{"id":18567,"date":"2021-06-11T11:46:22","date_gmt":"2021-06-11T11:46:22","guid":{"rendered":"https:\/\/rcrcconference.org\/about\/reporting\/resolution-reporting-form\/"},"modified":"2021-07-31T13:19:48","modified_gmt":"2021-07-31T13:19:48","slug":"resolution-reporting-form","status":"publish","type":"page","link":"https:\/\/rcrcconference.org\/es\/about\/reporting\/resolution-reporting-form\/","title":{"rendered":"Formulario para informes sobre resoluciones"},"content":{"rendered":"\n<section class=\"single-link\" style=\"background-color: #E5E5E5\" aria-label=\"Single link section\">\n\t<div class=\"container\">\n\t\t<div class=\"single-link__inner\">\n\t\t\t\t\t\t\t<div class=\"single-link__descr\">\n\t\t\t\t\t<span>Se\u00f1alamos a su atenci\u00f3n que el informe que remita se pondr\u00e1 a disposici\u00f3n del p\u00fablico. Por consiguiente, si deseara dar a conocer informaci\u00f3n que considere confidencial y\/o privilegiada (v.g. detalles sobre asociaciones, di\u00e1logos entre Sociedades Nacionales y autoridades p\u00fablicas, o estrategias operativas), podr\u00e1 remitir esa informaci\u00f3n de manera privada dirigi\u00e9ndose a: conferences@rcrcconference.org.<\/span>\n\t\t\t\t<\/div>\n\t\t\t\t\t<\/div>\n\t<\/div>\n<\/section>\n\n\n\n<div style=\"height:100px\" aria-hidden=\"true\" class=\"wp-block-spacer\"><\/div>\n\n\n\n<div class=\"container\">\n\t\t\tYou have to be logged in to see the form.\t<\/div>\n","protected":false},"excerpt":{"rendered":"","protected":false},"author":1,"featured_media":0,"parent":18285,"menu_order":0,"comment_status":"closed","ping_status":"closed","template":"page-submit-33rd-res-report.php","meta":{"_acf_changed":false,"footnotes":""},"class_list":["post-18567","page","type-page","status-publish","hentry"],"acf":[],"_links":{"self":[{"href":"https:\/\/rcrcconference.org\/es\/wp-json\/wp\/v2\/pages\/18567"}],"collection":[{"href":"https:\/\/rcrcconference.org\/es\/wp-json\/wp\/v2\/pages"}],"about":[{"href":"https:\/\/rcrcconference.org\/es\/wp-json\/wp\/v2\/types\/page"}],"author":[{"embeddable":true,"href":"https:\/\/rcrcconference.org\/es\/wp-json\/wp\/v2\/users\/1"}],"replies":[{"embeddable":true,"href":"https:\/\/rcrcconference.org\/es\/wp-json\/wp\/v2\/comments?post=18567"}],"version-history":[{"count":2,"href":"https:\/\/rcrcconference.org\/es\/wp-json\/wp\/v2\/pages\/18567\/revisions"}],"predecessor-version":[{"id":18718,"href":"https:\/\/rcrcconference.org\/es\/wp-json\/wp\/v2\/pages\/18567\/revisions\/18718"}],"up":[{"embeddable":true,"href":"https:\/\/rcrcconference.org\/es\/wp-json\/wp\/v2\/pages\/18285"}],"wp:attachment":[{"href":"https:\/\/rcrcconference.org\/es\/wp-json\/wp\/v2\/media?parent=18567"}],"curies":[{"name":"wp","href":"https:\/\/api.w.org\/{rel}","templated":true}]}}