{"id":18494,"date":"2021-05-27T10:38:33","date_gmt":"2021-05-27T10:38:33","guid":{"rendered":"https:\/\/rcrcconference.org\/about\/reporting\/33ic-resolution-5-women-and-leadership\/"},"modified":"2024-08-26T12:33:42","modified_gmt":"2024-08-26T12:33:42","slug":"33ic-resolution-5-women-and-leadership","status":"publish","type":"page","link":"https:\/\/rcrcconference.org\/es\/about\/reporting\/33ic-resolution-5-women-and-leadership\/","title":{"rendered":"Resoluci\u00f3n 5 \u2013 Mujeres y liderazgo en la acci\u00f3n humanitaria del Movimiento Internacional de la Cruz Roja y de la Media Luna Roja"},"content":{"rendered":"<section class=\"about\">\n\t<div class=\"container\">\n\t\t\t\t\t<div class=\"about__title-over\">\n\t\t\t\t<h2>Resumen <\/h2>\n\t\t\t<\/div>\n\t\t\t\t<div class=\"about__inner\">\n\t\t\t\t\t\t\t\t\t\t<div class=\"about__content\">\n\t\t\t\t\tLa resoluci\u00f3n tiene como finalidad promover el papel de las mujeres en la adopci\u00f3n de decisiones, incluso en \u00f3rganos de gobierno y puestos jer\u00e1rquicos de todos los componentes del Movimiento Internacional de la Cruz Roja y de la Media Luna Roja (Movimiento). Los componentes del Movimiento, junto con los Gobiernos, se comprometen a prestar atenci\u00f3n al incremento de las repercusiones de la labor humanitaria sin discriminaciones ni exclusiones, mediante el ofrecimiento de apoyo para que mujeres de diferentes or\u00edgenes act\u00faen como dirigentes. Esto incluye emprender iniciativas concretas y sistem\u00e1ticas destinadas a apoyar, promover y propugnar una participaci\u00f3n de las mujeres plena, equitativa y significativa, as\u00ed como su liderazgo y su participaci\u00f3n en la adopci\u00f3n de decisiones, en foros humanitarios a nivel internacional, regional y nacional, mediante la adopci\u00f3n de las medidas que se enumeran a continuaci\u00f3n.<br> \u00a0<br><strong>Por parte de los componentes del Movimiento:<br><\/strong><div class=\"redcross_list-block\"><ol><li>aumento de la representaci\u00f3n de las mujeres en todos los niveles de adopci\u00f3n de decisiones;<\/li><li>logro de la paridad de g\u00e9nero para 2030 en todos los niveles, y elaboraci\u00f3n de un sistema de recopilaci\u00f3n de informaci\u00f3n desglosada seg\u00fan el g\u00e9nero para observar y favorecer los avances;<\/li><li>identificaci\u00f3n proactiva de mujeres dirigentes y establecimiento de un sistema de relevo, mediante el desarrollo de las capacidades de las mujeres para desempe\u00f1ar cargos de direcci\u00f3n.<\/li><\/ol><br><strong>Por parte de los componentes del Movimiento y los Estados: <br><\/strong><div class=\"redcross_list-block\"><ol><li>inversi\u00f3n en investigaciones y en la constituci\u00f3n de bases emp\u00edricas en relaci\u00f3n con el liderazgo de las mujeres;<\/li><li>apoyo de la participaci\u00f3n de las mujeres en la adopci\u00f3n de decisiones en los foros internacionales. <\/li><\/ol><br><br>La XXXIII Conferencia Internacional de la Cruz Roja y de la Media Luna Roja aprob\u00f3 la resoluci\u00f3n \u201cMujeres y liderazgo en la acci\u00f3n humanitaria del Movimiento Internacional de la Cruz Roja y de la Media Luna Roja\u201d, porque consideraba fundamental la participaci\u00f3n de las mujeres en el logro de resultados eficaces y de calidad. Por consiguiente, ha de promoverse con ah\u00ednco la inclusi\u00f3n y el liderazgo de las mujeres. Estas est\u00e1n infrarrepresentadas en funciones de liderazgo en todo el sector humanitario. \t\t\t\t<\/div>\n\t\t\t\t\t<\/div>\n\t<\/div>\n<\/section>\n\n\n<section class=\"accordion-block\" style=\"background-color: #ffffff; color: #4D4D4D\" role=\"region\" aria-label=\"Pedges accordion block\">\n\t\t\t<div class=\"accordion-block__title\" role=\"heading\" aria-level=\"3\">\n\t\t\t<h3>Resoluci\u00f3n aprobada por la XXXIII Conferencia Internacional <\/h3>\n\t\t<\/div>\n\t\t\t\t<ul class=\"accordion\">\n\t\t\t\t\t\t\t<li class=\"accordion__item\">\n\t\t\t\t\t<div class=\"accordion__title\" role=\"button\" aria-expanded=\"false\" aria-label=\"Resoluci\u00f3n 5 \u2013 Mujeres y liderazgo en la acci\u00f3n humanitaria del Movimiento Internacional de la Cruz Roja y de la Media Luna Roja\">\n\t\t\t\t\t\t<h3 class=\"accordion__title-h4\">Resoluci\u00f3n 5 \u2013 Mujeres y liderazgo en la acci\u00f3n humanitaria del Movimiento Internacional de la Cruz Roja y de la Media Luna Roja<\/h3>\n\t\t\t\t\t<\/div>\n\t\t\t\t\t<div class=\"accordion__content\" role=\"region\" hidden>\n\t\t\t\t\t\t<div class=\"redcross_list-block\"><ul><li><a href=\"https:\/\/rcrcconference.org\/app\/uploads\/2019\/12\/33IC-R5-Women-leadership-final_es.pdf\" target=\"_blank\" rel=\"noreferrer noopener\" aria-label=\"Resoluci\u00f3n aprobada (opens in a new tab)\"><strong>Resoluci\u00f3n aprobada<\/strong><\/a><strong> <\/strong>(33IC\/19\/R5)<\/li><\/ul> \t\t\t\t\t<\/div>\n\t\t\t\t<\/li>\n\t\t\t\t\t<\/ul>\n\t<\/section>\n\n\n\n<div style=\"height:100px\" aria-hidden=\"true\" class=\"wp-block-spacer\"><\/div>\n\n\n\t<div class=\"container\">\n\t\t<div class=\"btns-fl-block__title-over\">\n\t\t\t<h2>Informes sobre resoluciones<\/h2>\n\t\t<\/div>\n\t<\/div>\n<div class=\"btns-fl-block\" style=\"\">\n\t<div class=\"container\" style=\"background-color: #E5E5E5; color: #000000\">\n\t\t\t\t\t<div class=\"btns-fl-block__title\">\n\t\t\t\t<h3>D\u00e9 a conocer aqu\u00ed sus logros y puesta en pr\u00e1ctica m\u00e1s destacados <\/h3>\n\t\t\t<\/div>\n\t\t\t\t<div class=\"btns-fl-block__inner\">\n\t\t\t\t\t\t\t\t\t\t\t\t\t\t<div class=\"btns-fl-block__button\">\n\t\t\t\t\t\t\t<span>Los organizadores de la Conferencia desean conocer la experiencia de los Estados y las Sociedades Nacionales en la puesta en pr\u00e1ctica de los compromisos adquiridos en la XXXIII\u00a0Conferencia Internacional. El env\u00edo de informes breves y sencillos es posible en todo momento mediante un formulario espec\u00edfico disponible en l\u00ednea. Se recabar\u00e1 esta informaci\u00f3n peri\u00f3dicamente para evaluar el nivel y el avance de aplicaci\u00f3n.<br> <strong>\u00a0<\/strong><br><em>(Para visualizar el formulario en l\u00ednea, los miembros de la Conferencia Internacional deber\u00e1n iniciar una sesi\u00f3n en el sistema con su cuenta y c\u00f3digo de usuario. Existe una sola cuenta para cada miembro, y un solo representante de cada Sociedad Nacional o Estado miembro tiene acceso al formulario y puede rendir un informe. Sin embargo, es posible rendir varios informes. Agradeceremos consulte el apartado de la gu\u00eda relativo a la rendici\u00f3n de informes acerca del <a href=\"https:\/\/rcrcconference.org\/es\/about\/reporting\/\" target=\"_blank\" rel=\"noreferrer noopener\" aria-label=\" (opens in a new tab)\">seguimiento de los resultados de la XXXIII Conferencia Internacional de la Cruz Roja y de la Media Luna Roja<\/a> <a href=\"https:\/\/rcrcconference.org\/es\/about\/reporting\/resolution-reporting-form\/\" target=\"_blank\" rel=\"noreferrer noopener\" aria-label=\" (opens in a new tab)\">https:\/\/rcrcconference.org\/es\/about\/reporting\/resolution-reporting-form\/<\/a><\/em> <em>, para obtener informaci\u00f3n m\u00e1s detallada sobre la manera de rendir informes, iniciar una sesi\u00f3n y buscar informaci\u00f3n en la base de datos.)<br><\/em> <strong>\u00a0<\/strong><br><a rel=\"noreferrer noopener\" aria-label=\" (opens in a new tab)\" href=\"https:\/\/rcrcconference.org\/app\/uploads\/2021\/07\/survey-questions-FINAL-rev-ES-1.docx\" target=\"_blank\"><strong>Versi\u00f3n Word del formulario<\/strong><br><\/a>(<em>A t\u00edtulo de referencia y para uso interno exclusivamente. Agradeceremos tenga presente que todos los informes deber\u00e1n ser remitidos mediante el formulario espec\u00edfico disponible en l\u00ednea<\/em>) <strong>\u00a0<\/strong><br><br><strong>Informe sobre esta resoluci\u00f3n<\/strong> <\/span>\n\t\t\t\t\t\t\t<a href=\"https:\/\/rcrcconference.org\/es\/about\/reporting\/resolution-reporting-form\/\"\n\t\t\t\t\t\t\t\t class=\"button primary\">Formulario en l\u00ednea para rendir informes<\/a>\n\t\t\t\t\t\t<\/div>\n\t\t\t\t\t\t\t\t\t\t\t\t\t\t\t\t\t\t\t\t<div class=\"btns-fl-block__button\">\n\t\t\t\t\t\t\t<span><strong>B\u00fasqueda de informes en la base de datos<\/strong><\/span>\n\t\t\t\t\t\t\t<a href=\"https:\/\/rcrcconference.org\/es\/about\/pledges\/search\/?q=&#038;_acf_filters=true&#038;_acf_screen=acf_form&#038;_acf_post_id=new&#038;_acf_validation=1&#038;_acf_form=red-cross-filters&#038;_acf_nonce=10fb23b5ec&#038;_acf_changed=1&#038;acf%5Bps_field_pledge_type%5D=&#038;acf%5Bps_field_pledge_type%5D%5B%5D=resolution&#038;acf%5Bps_field_event%5D=&#038;acf%5Bps_field_submitter%5D=&#038;acf%5Bps_field_pledge_id%5D=&#038;acf%5Bps_field_institution%5D=&#038;acf%5Bps_field_country%5D=&#038;acf%5Bps_field_keywords%5D=&#038;acf%5Bps_field_language%5D=&#038;acf%5Bps_field_reference_resolution%5D=&#038;acf%5Bps_field_reference_resolution%5D=1936&#038;_acf_form=test\"\n\t\t\t\t\t\t\t\t class=\"button primary\">Visualizaci\u00f3n de informes sobre esta resoluci\u00f3n<\/a>\n\t\t\t\t\t\t<\/div>\n\t\t\t\t\t\t\t\t\t\t\t<\/div>\n\t<\/div>\n<\/div>\n\n\n\n<div style=\"height:100px\" aria-hidden=\"true\" class=\"wp-block-spacer\"><\/div>\n\n\n\t<div class=\"container\">\n\t\t<div class=\"accordion-block__title-over\">\n\t\t\t<h2>Documentos<\/h2>\n\t\t<\/div>\n\t<\/div>\n<section class=\"about\" style=\"background-color: #ffffff; color: #4D4D4D\">\n\t<div class=\"container\">\n\t\t<div class=\"about__inner\">\n\t\t\t\t\t\t\t<div class=\"about__title\">\n\t\t\t\t\t<h3><\/h3>\n\t\t\t\t<\/div>\n\t\t\t\t\t\t\t\t\t\t<ul class=\"accordion\">\n\t\t\t\t\t\t\t\t\t\t\t<li class=\"accordion__item\">\n\t\t\t\t\t\t\t<div class=\"accordion__title\">\n\t\t\t\t\t\t\t\t<h4>Documentos<\/h4>\n\t\t\t\t\t\t\t<\/div>\n\t\t\t\t\t\t\t<div class=\"accordion__content\">\n\t\t\t\t\t\t\t\t<strong> <div class=\"redcross_list-block\"><ul><li>\u201c<a rel=\"noreferrer noopener\" aria-label=\" (opens in a new tab)\" href=\"https:\/\/humanitarianadvisorygroup.org\/insight\/how-diverse-leadership-shaped-responses-to-covid-19\/\" target=\"_blank\">How diverse leadership shaped responses to COVID-19 within the International Red Cross and Red Crescent Movement\u201d (2021)<\/a> \u2013 informe de un grupo de asesoramiento humanitario en colaboraci\u00f3n con GLOW Red, el Comit\u00e9 Internacional de la Cruz Roja y la Federaci\u00f3n Internacional. (en ingl\u00e9s)<\/li><li><a rel=\"noreferrer noopener\" aria-label=\" (opens in a new tab)\" href=\"http:\/\/rcrcconference.org\/wp-content\/uploads\/2017\/11\/S_171110_011-CoD17-Resolution-12-Gender_REV3_SP_ADOPTED_13_11_2017.pdf\" target=\"_blank\">Resoluci\u00f3n 12 del Consejo de Delegados de 2017: Fortalecimiento de la equidad de g\u00e9nero y la igualdad de oportunidades en los \u00f3rganos de direcci\u00f3n y en la labor del Movimiento Internacional de la Cruz Roja y de la Media Luna Roja<\/a><\/li><li><a rel=\"noreferrer noopener\" aria-label=\" (opens in a new tab)\" href=\"https:\/\/www.icrc.org\/en\/document\/international-womens-day-2020-women-leadership-0\" target=\"_blank\">ICRC article on International Women\u2019s Day 2020: Women in leadership<\/a> (en ingl\u00e9s)<\/li><li><a rel=\"noreferrer noopener\" aria-label=\"Pol\u00edtica sobre g\u00e9nero y diversidad \n (opens in a new tab)\" href=\"https:\/\/fednet.ifrc.org\/FedNet\/Front%20Page%20Images\/S_190606_008%20Gender%20%20Diversity%20Policy%20Draft%202.0_REV1_SP_14_06_2019.pdf\" target=\"_blank\">Pol\u00edtica sobre g\u00e9nero y diversidad <\/li><li><\/a><a rel=\"noreferrer noopener\" aria-label=\" (opens in a new tab)\" href=\"https:\/\/media.ifrc.org\/ifrc\/press-release\/red-cross-red-crescent-commits-womens-leadership-asia-pacific-middle-east-humanitarian-summit\/\" target=\"_blank\">Red Cross Red Crescent commits to women\u2019s leadership at Asia Pacific and Middle East humanitarian summit<\/a><\/li><li><a href=\"https:\/\/docs.wixstatic.com\/ugd\/b2c2ad_47a2e563b4364e5e8f63cc7f636f751c.pdf\" target=\"_blank\" rel=\"noreferrer noopener\" aria-label=\" (opens in a new tab)\">\u201cCompromiso de Buenos Aires\u201d, XXI Conferencia Interamericana de la Cruz Roja celebrada en 2019<\/a> <\/li><\/ul><\/strong>\t\t\t\t\t\t\t<\/div>\n\t\t\t\t\t\t<\/li>\n\t\t\t\t\t\t\t\t\t<\/ul>\n\t\t\t\t\t<\/div>\n\t<\/div>\n<\/section>\n\n\n\t<div class=\"container\">\n\t\t<div class=\"btns-fl-block__title-over\">\n\t\t\t<h2>Promesas<\/h2>\n\t\t<\/div>\n\t<\/div>\n<div class=\"btns-fl-block\" style=\"background-image: url('https:\/\/rcrcconference.org\/app\/uploads\/2021\/06\/V-P-CER-E-00797-darken-scaled-e1623335488102.jpg'); color: #ffffff\">\n\t<div class=\"container\" style=\"\">\n\t\t\t\t\t<div class=\"btns-fl-block__title\">\n\t\t\t\t<h3>Informes sobre las promesas relativas a esta resoluci\u00f3n <\/h3>\n\t\t\t<\/div>\n\t\t\t\t<div class=\"btns-fl-block__inner\">\n\t\t\t\t\t\t\t\t\t\t\t\t\t\t<div class=\"btns-fl-block__button\">\n\t\t\t\t\t\t\t<span>Pulse aqu\u00ed para visualizar todas las promesas formuladas durante la XXXIII Conferencia Internacional en relaci\u00f3n con esta resoluci\u00f3n. Si desea rendir informe sobre una promesa formulada o firmada, haga clic en el t\u00edtulo de la promesa seleccionada. <br> <strong>\u00a0<\/strong><br><em>(Para visualizar el formulario en l\u00ednea, los miembros de la Conferencia Internacional deber\u00e1n iniciar una sesi\u00f3n en el sistema con su cuenta y c\u00f3digo de usuario. Existe una sola cuenta para cada miembro, y un solo representante de cada Sociedad Nacional o Estado miembro tiene acceso al formulario y puede rendir un informe. Sin embargo, es posible rendir varios informes. Agradeceremos consulte el apartado de la gu\u00eda relativo a la rendici\u00f3n de informes acerca del seguimiento de los resultados de la XXXIII Conferencia Internacional de la Cruz Roja y de la Media Luna Roja https:\/\/rcrcconference.org\/es\/about\/reporting\/resolution-reporting-form\/ , para obtener informaci\u00f3n m\u00e1s detallada sobre la manera de rendir informes, iniciar una sesi\u00f3n y buscar informaci\u00f3n en la base de datos.) <\/em><\/span>\n\t\t\t\t\t\t\t<a href=\"https:\/\/rcrcconference.org\/es\/about\/pledges\/search\/?q=&#038;_acf_filters=true&#038;_acf_screen=acf_form&#038;_acf_post_id=new&#038;_acf_validation=1&#038;_acf_form=red-cross-filters&#038;_acf_nonce=10fb23b5ec&#038;_acf_changed=1&#038;acf%5Bps_field_pledge_type%5D=&#038;acf%5Bps_field_pledge_type%5D%5B%5D=specific&#038;acf%5Bps_field_pledge_type%5D%5B%5D=open&#038;acf%5Bps_field_event%5D=&#038;acf%5Bps_field_submitter%5D=&#038;acf%5Bps_field_pledge_id%5D=&#038;acf%5Bps_field_institution%5D=&#038;acf%5Bps_field_country%5D=&#038;acf%5Bps_field_keywords%5D=&#038;acf%5Bps_field_language%5D=&#038;acf%5Bps_field_reference_resolution%5D=&#038;acf%5Bps_field_reference_resolution%5D=1936&#038;_acf_form=test\"\n\t\t\t\t\t\t\t\t class=\"button primary\">Vea las promesas conexas<\/a>\n\t\t\t\t\t\t<\/div>\n\t\t\t\t\t\t\t\t\t\t\t\t\t\t\t\t\t\t\t\t<div class=\"btns-fl-block__button\">\n\t\t\t\t\t\t\t<span><strong>B\u00fasqueda de informes sobre las promesas relativas a esta resoluci\u00f3n<\/strong><\/span>\n\t\t\t\t\t\t\t<a href=\"https:\/\/rcrcconference.org\/es\/about\/pledges\/search\/?q=&#038;_acf_filters=true&#038;_acf_screen=acf_form&#038;_acf_post_id=new&#038;_acf_validation=1&#038;_acf_form=red-cross-filters&#038;_acf_nonce=10fb23b5ec&#038;_acf_changed=1&#038;acf%5Bps_field_pledge_type%5D=&#038;acf%5Bps_field_pledge_type%5D%5B%5D=report&#038;acf%5Bps_field_event%5D=&#038;acf%5Bps_field_submitter%5D=&#038;acf%5Bps_field_pledge_id%5D=&#038;acf%5Bps_field_institution%5D=&#038;acf%5Bps_field_country%5D=&#038;acf%5Bps_field_keywords%5D=&#038;acf%5Bps_field_language%5D=&#038;acf%5Bps_field_reference_resolution%5D=&#038;acf%5Bps_field_reference_resolution%5D=1936&#038;_acf_form=test\"\n\t\t\t\t\t\t\t\t class=\"button primary\">Vea los informes existentes sobre las promesas relativas a esta resoluci\u00f3n<\/a>\n\t\t\t\t\t\t<\/div>\n\t\t\t\t\t\t\t\t\t\t\t<\/div>\n\t<\/div>\n<\/div>\n\n\n<section class=\"about\">\n\t<div class=\"container\">\n\t\t\t\t\t<div class=\"about__title-over\">\n\t\t\t\t<h2>M\u00e1s informaci\u00f3n en los siguientes enlaces<\/h2>\n\t\t\t<\/div>\n\t\t\t\t<div class=\"about__inner\">\n\t\t\t\t\t\t\t\t\t\t<div class=\"about__content\">\n\t\t\t\t\t<a rel=\"noreferrer noopener\" aria-label=\"\ufffc (opens in a new tab)\" href=\"https:\/\/www.glowred.org\/\" target=\"_blank\"><img loading=\"lazy\" decoding=\"async\" width=\"150\" height=\"130\" class=\"wp-image-17738\" style=\"width: 150px;\" src=\"https:\/\/rcrcconference.org\/app\/uploads\/2021\/05\/GlowRed.jpg\" alt=\"\"><\/a>  <a href=\"https:\/\/www.glowred.org\/es\/\" target=\"_blank\" rel=\"noreferrer noopener\" aria-label=\" (opens in a new tab)\">Sitio web GLOW Red \u2013 la Red Global para Mujeres l\u00edderes en el Movimiento de la Cruz Roja y de la Media Luna Roja<\/a> <br><br><a rel=\"noreferrer noopener\" aria-label=\"\ufffc  Gender Balance Toolkit (opens in a new tab)\" href=\"https:\/\/media.ifrc.org\/ifrc\/meetings-and-events\/international-womens-day\/balance-for-better\/\" target=\"_blank\"><img loading=\"lazy\" decoding=\"async\" width=\"150\" height=\"114\" class=\"wp-image-18200\" style=\"width: 150px;\" src=\"https:\/\/rcrcconference.org\/app\/uploads\/2021\/07\/gender-tool-kit.png\" alt=\"\">  Balance for Better &#8211; Gender Balance Toolkit<\/a> (en ingl\u00e9s)\t\t\t\t<\/div>\n\t\t\t\t\t<\/div>\n\t<\/div>\n<\/section>\n\n\n\n<section class=\"single-link\" style=\"background-color: #E5E5E5\" aria-label=\"Single link section\">\n\t<div class=\"container\">\n\t\t<div class=\"single-link__inner\">\n\t\t\t\t\t\t\t<div class=\"single-link__title\">\n\t\t\t\t\t<h2>Si tiene preguntas<\/h2>\n\t\t\t\t<\/div>\n\t\t\t\t\t\t\t<div class=\"single-link__descr\">\n\t\t\t\t\t<span>No dude en escribirnos para obtener m\u00e1s informaci\u00f3n.<\/span>\n\t\t\t\t<\/div>\n\t\t\t\t\t\t\t<a href=\"https:\/\/rcrcconference.org\/es\/contact\/\"\n\t\t\t\t   class=\"button primary\">P\u00f3ngase en contacto con nosotros<\/a>\n\t\t\t\t\t<\/div>\n\t<\/div>\n<\/section>\n","protected":false},"excerpt":{"rendered":"","protected":false},"author":408,"featured_media":18222,"parent":18285,"menu_order":0,"comment_status":"closed","ping_status":"closed","template":"","meta":{"_acf_changed":false,"footnotes":""},"class_list":["post-18494","page","type-page","status-publish","has-post-thumbnail","hentry"],"acf":[],"_links":{"self":[{"href":"https:\/\/rcrcconference.org\/es\/wp-json\/wp\/v2\/pages\/18494"}],"collection":[{"href":"https:\/\/rcrcconference.org\/es\/wp-json\/wp\/v2\/pages"}],"about":[{"href":"https:\/\/rcrcconference.org\/es\/wp-json\/wp\/v2\/types\/page"}],"author":[{"embeddable":true,"href":"https:\/\/rcrcconference.org\/es\/wp-json\/wp\/v2\/users\/408"}],"replies":[{"embeddable":true,"href":"https:\/\/rcrcconference.org\/es\/wp-json\/wp\/v2\/comments?post=18494"}],"version-history":[{"count":7,"href":"https:\/\/rcrcconference.org\/es\/wp-json\/wp\/v2\/pages\/18494\/revisions"}],"predecessor-version":[{"id":28360,"href":"https:\/\/rcrcconference.org\/es\/wp-json\/wp\/v2\/pages\/18494\/revisions\/28360"}],"up":[{"embeddable":true,"href":"https:\/\/rcrcconference.org\/es\/wp-json\/wp\/v2\/pages\/18285"}],"wp:featuredmedia":[{"embeddable":true,"href":"https:\/\/rcrcconference.org\/es\/wp-json\/wp\/v2\/media\/18222"}],"wp:attachment":[{"href":"https:\/\/rcrcconference.org\/es\/wp-json\/wp\/v2\/media?parent=18494"}],"curies":[{"name":"wp","href":"https:\/\/api.w.org\/{rel}","templated":true}]}}