{"id":18433,"date":"2021-06-10T14:51:01","date_gmt":"2021-06-10T14:51:01","guid":{"rendered":"https:\/\/rcrcconference.org\/about\/reporting\/33ic-resolution-3-tackling-epidemics-and-pandemics-together\/"},"modified":"2024-08-25T19:50:22","modified_gmt":"2024-08-25T19:50:22","slug":"33ic-resolution-3-tackling-epidemics-and-pandemics-together","status":"publish","type":"page","link":"https:\/\/rcrcconference.org\/es\/about\/reporting\/33ic-resolution-3-tackling-epidemics-and-pandemics-together\/","title":{"rendered":"Resoluci\u00f3n 3 \u2013 El momento de actuar: juntos en la lucha ante epidemias y pandemias"},"content":{"rendered":"<section class=\"about\">\n\t<div class=\"container\">\n\t\t\t\t\t<div class=\"about__title-over\">\n\t\t\t\t<h2>Resumen<\/h2>\n\t\t\t<\/div>\n\t\t\t\t<div class=\"about__inner\">\n\t\t\t\t\t\t\t\t\t\t<div class=\"about__content\">\n\t\t\t\t\tLa resoluci\u00f3n 3 \u201cEl momento de actuar: juntos en la lucha ante epidemias y pandemias\u201d est\u00e1 destinada a apoyar a los componentes del Movimiento Internacional de la Cruz Roja y de la Media Luna Roja (Movimiento) en la aplicaci\u00f3n de un enfoque estructurado, global, predecible y coordinado en materia de prevenci\u00f3n y detecci\u00f3n de epidemias, e intervenci\u00f3n y recuperaci\u00f3n a ra\u00edz de estas, en estrecha cooperaci\u00f3n con los Estados y otros asociados. En ella se reconoce el riesgo que plantean los brotes de enfermedades, y representa un avance importante en el logro de un progreso sostenido en el perfeccionamiento de la capacidad. <br><br>La pandemia de COVID-19 ha puesto de manifiesto importancia que reviste, como nunca antes, una resoluci\u00f3n de esta \u00edndole y constituye un crudo recordatorio de la amenaza que plantean a la humanidad las nuevas enfermedades transmisibles. Otros brotes de enfermedades, tales como el \u00e9bola, las pandemias de influenza H1N1 y H5N1, y otros s\u00edndromes respiratorios agudos severos (SRAS), ponen tambi\u00e9n de relieve necesidades muy concretas. Las epidemias suelen ser, con frecuencia, tanto la manifestaci\u00f3n de deficiencias subyacentes en los sistemas de salud como como de la pobreza y la desigualdad. Adem\u00e1s de causar enfermedades y muerte, pueden afectar la estabilidad y la econom\u00eda de las comunidades afectadas. Por consiguiente, la orientaci\u00f3n general de una intervenci\u00f3n de mejor calidad ante las epidemias reposa sobre el fortalecimiento de la resiliencia y el fomento de la capacidad a todo nivel, con inclusi\u00f3n de las comunidades, las Sociedades Nacionales, los gobiernos y la estructura humanitaria. El Movimiento cuenta con amplia y larga experiencia en la prevenci\u00f3n y el control de las epidemias. Cada a\u00f1o, las Sociedades Nacionales participan alrededor del mundo en la movilizaci\u00f3n de las comunidades, la atenci\u00f3n de los enfermos y la protecci\u00f3n de las personas vulnerables contra una amplia variedad de agentes infecciosos.<br><br>Esta resoluci\u00f3n est\u00e1 centrada expresamente en las actividades y medidas del Movimiento que aportan un valor a\u00f1adido espec\u00edfico a las capacidades existentes y, por consiguiente, presta especial atenci\u00f3n a los enfoques comunitarios y a las intervenciones locales. La resoluci\u00f3n favorece la configuraci\u00f3n de una perspectiva, un enfoque y un empe\u00f1o en com\u00fan para aunar esfuerzos a nivel nacional y transnacional, de manera que sea posible optimizar el rendimiento de la inversi\u00f3n en el control de las epidemias y la eficacia de las actividades de detecci\u00f3n, control e intervenci\u00f3n y, en \u00faltima instancia, salvar vidas y fomentar la resiliencia de las comunidades m\u00e1s vulnerables en materia de salud y en colaboraci\u00f3n con los miembros de estas.<br> <br><strong>Adopci\u00f3n necesaria de algunas medidas a ra\u00edz de la XXXIII Conferencia Internacional de la Cruz Roja y de la Media Luna Roja (XXXIII Conferencia Internacional)<\/strong><br><br><strong>Por parte de los Estados:<br><\/strong><div class=\"redcross_list-block\"><ol><li>contribuci\u00f3n facilitada de los componentes del Movimiento en un enfoque coordinado y previsible ante epidemias y pandemias;<\/li><li>inclusi\u00f3n de las Sociedades Nacionales en los marcos de prevenci\u00f3n y lucha contra enfermedades, as\u00ed como de preparaci\u00f3n multisectorial e intervenci\u00f3n, y aporte de apoyo financiero.<\/li><\/ol><br><strong>Por parte del Movimiento:<\/strong><br><div class=\"redcross_list-block\"><ol><li>colaboraci\u00f3n con las autoridades gubernamentales en la ejecuci\u00f3n de intervenciones de salud \u00a0p\u00fablica eficientes y expeditas en favor de las poblaciones afectadas en casos de crisis, con inclusi\u00f3n del fortalecimiento de capacidades para\u00a0 la organizaci\u00f3n de medios de alerta temprana y de intervenci\u00f3n r\u00e1pida en comunidades de dif\u00edcil acceso, dotadas de pocos servicios y expuestas a elevado riesgo. <\/li><\/ol><br><strong>Por parte de los Estados y los componentes del Movimiento:<\/strong><br><div class=\"redcross_list-block\"><ol><li>interacci\u00f3n din\u00e1mica con las comunidades en actividades de prevenci\u00f3n de brotes de enfermedades, de preparaci\u00f3n y de intervenci\u00f3n; <\/li><li>elaboraci\u00f3n de herramientas innovadoras (i.e. datos y tecnolog\u00edas), orientaciones y estrategias para fortalecer la capacidad y mejorar la calidad de las intervenciones;<\/li><li>preservaci\u00f3n de la salud y la seguridad de los voluntarios y miembros del personal que intervienen a ra\u00edz de epidemias y pandemias, con inclusi\u00f3n de los aspectos relativos a su salud mental y bienestar psicosocial. <\/li><\/ol>\t\t\t\t<\/div>\n\t\t\t\t\t<\/div>\n\t<\/div>\n<\/section>\n\n\n<section class=\"accordion-block\" style=\"background-color: #ffffff; color: #4D4D4D\" role=\"region\" aria-label=\"Pedges accordion block\">\n\t\t\t<div class=\"accordion-block__title\" role=\"heading\" aria-level=\"3\">\n\t\t\t<h3>Resoluci\u00f3n aprobada por la XXXIII Conferencia Internacional <\/h3>\n\t\t<\/div>\n\t\t\t\t<ul class=\"accordion\">\n\t\t\t\t\t\t\t<li class=\"accordion__item\">\n\t\t\t\t\t<div class=\"accordion__title\" role=\"button\" aria-expanded=\"false\" aria-label=\"Resoluci\u00f3n 3 \u2013 El momento de actuar: juntos en la lucha ante epidemias y pandemias\">\n\t\t\t\t\t\t<h3 class=\"accordion__title-h4\">Resoluci\u00f3n 3 \u2013 El momento de actuar: juntos en la lucha ante epidemias y pandemias<\/h3>\n\t\t\t\t\t<\/div>\n\t\t\t\t\t<div class=\"accordion__content\" role=\"region\" hidden>\n\t\t\t\t\t\t<div class=\"redcross_list-block\"><ul><li><a rel=\"noreferrer noopener\" aria-label=\"Resoluci\u00f3n aprobada (opens in a new tab)\" href=\"https:\/\/rcrcconference.org\/app\/uploads\/2019\/12\/33IC_R3-Epidemic_Pandemic-resolution-adopted-final-ES.pdf\" target=\"_blank\"><strong>Resoluci\u00f3n aprobada<\/strong><\/a><a href=\"https:\/\/2019.rcrcconference.org\/\"> <\/a>(33IC\/19\/R3)<\/li><li><a rel=\"noreferrer noopener\" aria-label=\"Documento de antecedentes (opens in a new tab)\" href=\"https:\/\/rcrcconference.org\/app\/uploads\/2019\/10\/33IC_12.3-Epidemic_Pandemic-background-doc-FINAL-ES.pdf\" target=\"_blank\"><strong>Documento de antecedentes<\/strong><\/a> (33IC\/19\/12.3)<\/li><\/ul> \t\t\t\t\t<\/div>\n\t\t\t\t<\/li>\n\t\t\t\t\t<\/ul>\n\t<\/section>\n\n\n\n<div style=\"height:100px\" aria-hidden=\"true\" class=\"wp-block-spacer\"><\/div>\n\n\n\t<div class=\"container\">\n\t\t<div class=\"btns-fl-block__title-over\">\n\t\t\t<h2>Informes sobre resoluciones<\/h2>\n\t\t<\/div>\n\t<\/div>\n<div class=\"btns-fl-block\" style=\"\">\n\t<div class=\"container\" style=\"background-color: #E5E5E5; color: #000000\">\n\t\t\t\t\t<div class=\"btns-fl-block__title\">\n\t\t\t\t<h3>D\u00e9 a conocer aqu\u00ed sus logros y puesta en pr\u00e1ctica m\u00e1s destacados <\/h3>\n\t\t\t<\/div>\n\t\t\t\t<div class=\"btns-fl-block__inner\">\n\t\t\t\t\t\t\t\t\t\t\t\t\t\t<div class=\"btns-fl-block__button\">\n\t\t\t\t\t\t\t<span>Los organizadores de la Conferencia desean conocer la experiencia de los Estados y las Sociedades Nacionales en la puesta en pr\u00e1ctica de los compromisos adquiridos en la XXXIII\u00a0Conferencia Internacional. El env\u00edo de informes breves y sencillos es posible en todo momento mediante un formulario espec\u00edfico disponible en l\u00ednea. Se recabar\u00e1 esta informaci\u00f3n peri\u00f3dicamente para evaluar el nivel y el avance de aplicaci\u00f3n.<br> <strong>\u00a0<\/strong> <strong><em>\u00a0<\/em><\/strong><br><em>(Para visualizar el formulario en l\u00ednea, los miembros de la Conferencia Internacional deber\u00e1n iniciar una sesi\u00f3n en el sistema con su cuenta y c\u00f3digo de usuario. Existe una sola cuenta para cada miembro, y un solo representante de cada Sociedad Nacional o Estado miembro tiene acceso al formulario y puede rendir un informe. Sin embargo, es posible rendir varios informes. Agradeceremos consulte el apartado de la gu\u00eda relativo a la rendici\u00f3n de informes acerca del <a href=\"https:\/\/rcrcconference.org\/es\/about\/reporting\/\" target=\"_blank\" rel=\"noreferrer noopener\" aria-label=\" (opens in a new tab)\">seguimiento de los resultados de la XXXIII Conferencia Internacional de la Cruz Roja y de la Media Luna Roja<\/a> <a href=\"https:\/\/rcrcconference.org\/es\/about\/reporting\/\" target=\"_blank\" rel=\"noreferrer noopener\" aria-label=\" (opens in a new tab)\">https:\/\/rcrcconference.org\/es\/about\/reporting\/<\/a> , para obtener informaci\u00f3n m\u00e1s detallada sobre la manera de rendir informes, iniciar una sesi\u00f3n y buscar informaci\u00f3n en la base de datos.)<br><\/em><br><a rel=\"noreferrer noopener\" aria-label=\" (opens in a new tab)\" href=\"https:\/\/rcrcconference.org\/app\/uploads\/2021\/07\/survey-questions-FINAL-rev-ES-1.docx\" target=\"_blank\"><strong>Versi\u00f3n Word del formulario<\/strong><br><\/a>(<em>A t\u00edtulo de referencia y para uso interno exclusivamente. Agradeceremos tenga presente que todos los informes deber\u00e1n ser remitidos mediante el formulario espec\u00edfico disponible en l\u00ednea<\/em>) <strong>\u00a0<\/strong><br> <strong>\u00a0<\/strong><br><strong>Informe sobre esta resoluci\u00f3n <\/strong><\/span>\n\t\t\t\t\t\t\t<a href=\"https:\/\/rcrcconference.org\/es\/about\/reporting\/resolution-reporting-form\/\"\n\t\t\t\t\t\t\t\t class=\"button primary\">Formulario en l\u00ednea para rendir informes<\/a>\n\t\t\t\t\t\t<\/div>\n\t\t\t\t\t\t\t\t\t\t\t\t\t\t\t\t\t\t\t\t<div class=\"btns-fl-block__button\">\n\t\t\t\t\t\t\t<span><strong>B\u00fasqueda de informes en la base de datos<\/strong><\/span>\n\t\t\t\t\t\t\t<a href=\"https:\/\/rcrcconference.org\/es\/about\/pledges\/search\/?q=&#038;_acf_filters=true&#038;_acf_screen=acf_form&#038;_acf_post_id=new&#038;_acf_validation=1&#038;_acf_form=red-cross-filters&#038;_acf_nonce=10fb23b5ec&#038;_acf_changed=0&#038;acf%5Bps_field_pledge_type%5D=&#038;acf%5Bps_field_pledge_type%5D%5B%5D=resolution&#038;acf%5Bps_field_event%5D=&#038;acf%5Bps_field_submitter%5D=&#038;acf%5Bps_field_pledge_id%5D=&#038;acf%5Bps_field_institution%5D=&#038;acf%5Bps_field_country%5D=&#038;acf%5Bps_field_keywords%5D=&#038;acf%5Bps_field_language%5D=&#038;acf%5Bps_field_reference_resolution%5D=&#038;acf%5Bps_field_reference_resolution%5D=1934&#038;_acf_form=test\"\n\t\t\t\t\t\t\t\t class=\"button primary\">Visualizaci\u00f3n de informes sobre esta resoluci\u00f3n<\/a>\n\t\t\t\t\t\t<\/div>\n\t\t\t\t\t\t\t\t\t\t\t<\/div>\n\t<\/div>\n<\/div>\n\n\n\n<div style=\"height:100px\" aria-hidden=\"true\" class=\"wp-block-spacer\"><\/div>\n\n\n\t<div class=\"container\">\n\t\t<div class=\"accordion-block__title-over\">\n\t\t\t<h2>Documentos conexos<\/h2>\n\t\t<\/div>\n\t<\/div>\n<section class=\"about\" style=\"background-color: #ffffff; color: #4D4D4D\">\n\t<div class=\"container\">\n\t\t<div class=\"about__inner\">\n\t\t\t\t\t\t\t<div class=\"about__title\">\n\t\t\t\t\t<h3><\/h3>\n\t\t\t\t<\/div>\n\t\t\t\t\t\t\t\t\t\t<ul class=\"accordion\">\n\t\t\t\t\t\t\t\t\t\t\t<li class=\"accordion__item\">\n\t\t\t\t\t\t\t<div class=\"accordion__title\">\n\t\t\t\t\t\t\t\t<h4>Documentos<\/h4>\n\t\t\t\t\t\t\t<\/div>\n\t\t\t\t\t\t\t<div class=\"accordion__content\">\n\t\t\t\t\t\t\t\t<div class=\"redcross_list-block\"><ul><li><strong><a rel=\"noreferrer noopener\" aria-label=\" (opens in a new tab)\" href=\"https:\/\/rcrcconference.org\/es\/sin-categorizar\/story-of-resolution-during-covid19\/\" target=\"_blank\">Art\u00edculo publicado en la bit\u00e1cora digital del sitio web de las reuniones estatutarias: Cr\u00f3nica de una resoluci\u00f3n en tiempos de la COVID-19<\/a>.<\/li><li><a rel=\"noreferrer noopener\" aria-label=\" (opens in a new tab)\" href=\"https:\/\/www.who.int\/es\/publications\/i\/item\/9789241580496\" target=\"_blank\">Reglamento Sanitario Internacional (\u200e\u200e2005), la Organizaci\u00f3n Mundial de la Salud<\/a>. <\/li><li>Consulte las declaraciones, publicaciones y material de difusi\u00f3n sobre preparaci\u00f3n para epidemias y pandemias, en la \u00a0<a rel=\"noreferrer noopener\" aria-label=\" (opens in a new tab)\" href=\"https:\/\/media.ifrc.org\/ifrc\/theme\/epidemic-and-pandemic-preparedness,epidemic,dengue,ebola,zika,chikungunya,cholera\/?wpv_post_search&amp;wpvtheme=epidemic-and-pandemic-preparedness&amp;wpv_view_count=26505\" target=\"_blank\">p\u00e1gina dedicada a este tema en el sitio web de la Federaci\u00f3n Internacional<\/a>.<\/li><li><a href=\"https:\/\/prddsgofilestorage.blob.core.windows.net\/api\/event-featured-documents\/file\/MDRCOVID19REA4_1.pdf\" target=\"_blank\" rel=\"noreferrer noopener\" aria-label=\" (opens in a new tab)\"><em>IFRC-wide COVID-19 Appeal<\/em><\/a><em> <\/em>(llamamiento de la Federaci\u00f3n Internacional motivado por la pandemia de COVID-19) &#8211;  \u00fanicamente en ingl\u00e9s <\/li><li>Consulte el material existente sobre la intervenci\u00f3n ante la pandemia de COVID-19, en <a rel=\"noreferrer noopener\" aria-label=\" (opens in a new tab)\" href=\"https:\/\/covid.ifrc.org\/#other\" target=\"_blank\"><em>COVID-19 resource compendium<\/em><\/a> <a rel=\"noreferrer noopener\" aria-label=\" (opens in a new tab)\" href=\"https:\/\/covid.ifrc.org\/#other\" target=\"_blank\">(compilaci\u00f3n de recursos relativos a la COVID-19) del sitio web de la Federaci\u00f3n Internacional<\/a>. <\/strong><\/li><\/ul>\t\t\t\t\t\t\t<\/div>\n\t\t\t\t\t\t<\/li>\n\t\t\t\t\t\t\t\t\t<\/ul>\n\t\t\t\t\t<\/div>\n\t<\/div>\n<\/section>\n\n\n\t<div class=\"container\">\n\t\t<div class=\"btns-fl-block__title-over\">\n\t\t\t<h2>Promesas<\/h2>\n\t\t<\/div>\n\t<\/div>\n<div class=\"btns-fl-block\" style=\"background-image: url('https:\/\/rcrcconference.org\/app\/uploads\/2021\/06\/V-P-CER-E-00797-darken-scaled-e1623335488102.jpg'); color: #ffffff\">\n\t<div class=\"container\" style=\"\">\n\t\t\t\t\t<div class=\"btns-fl-block__title\">\n\t\t\t\t<h3>Informes sobre las promesas relativas a esta resoluci\u00f3n <\/h3>\n\t\t\t<\/div>\n\t\t\t\t<div class=\"btns-fl-block__inner\">\n\t\t\t\t\t\t\t\t\t\t\t\t\t\t<div class=\"btns-fl-block__button\">\n\t\t\t\t\t\t\t<span>Pulse aqu\u00ed para visualizar todas las promesas formuladas durante la XXXIII Conferencia Internacional en relaci\u00f3n con esta resoluci\u00f3n. Si desea rendir informe sobre una promesa formulada o firmada, haga clic en el t\u00edtulo de la promesa seleccionada. <br> <strong>\u00a0<\/strong><br><em>(Para visualizar el formulario en l\u00ednea, los miembros de la Conferencia Internacional deber\u00e1n iniciar una sesi\u00f3n en el sistema con su cuenta y c\u00f3digo de usuario. Existe una sola cuenta para cada miembro, y un solo representante de cada Sociedad Nacional o Estado miembro tiene acceso al formulario y puede rendir un informe. Sin embargo, es posible rendir varios informes. Agradeceremos consulte el apartado de la gu\u00eda relativo a la rendici\u00f3n de informes acerca del seguimiento de los resultados de la XXXIII Conferencia Internacional de la Cruz Roja y de la Media Luna Roja https:\/\/rcrcconference.org\/es\/about\/reporting\/ , para obtener informaci\u00f3n m\u00e1s detallada sobre la manera de rendir informes, iniciar una sesi\u00f3n y buscar informaci\u00f3n en la base de datos.) <\/em><\/span>\n\t\t\t\t\t\t\t<a href=\"https:\/\/rcrcconference.org\/es\/about\/pledges\/search\/?q=&#038;_acf_filters=true&#038;_acf_screen=acf_form&#038;_acf_post_id=new&#038;_acf_validation=1&#038;_acf_form=red-cross-filters&#038;_acf_nonce=10fb23b5ec&#038;_acf_changed=1&#038;acf%5Bps_field_pledge_type%5D=&#038;acf%5Bps_field_pledge_type%5D%5B%5D=specific&#038;acf%5Bps_field_pledge_type%5D%5B%5D=open&#038;acf%5Bps_field_event%5D=&#038;acf%5Bps_field_submitter%5D=&#038;acf%5Bps_field_pledge_id%5D=&#038;acf%5Bps_field_institution%5D=&#038;acf%5Bps_field_country%5D=&#038;acf%5Bps_field_keywords%5D=&#038;acf%5Bps_field_language%5D=&#038;acf%5Bps_field_reference_resolution%5D=&#038;acf%5Bps_field_reference_resolution%5D=1934&#038;_acf_form=test\"\n\t\t\t\t\t\t\t\t class=\"button primary\">Vea las promesas conexas<\/a>\n\t\t\t\t\t\t<\/div>\n\t\t\t\t\t\t\t\t\t\t\t\t\t\t\t\t\t\t\t\t<div class=\"btns-fl-block__button\">\n\t\t\t\t\t\t\t<span><strong>B\u00fasqueda de informes sobre las promesas relativas a esta resoluci\u00f3n<\/strong><\/span>\n\t\t\t\t\t\t\t<a href=\"https:\/\/rcrcconference.org\/es\/about\/pledges\/search\/?q=&#038;_acf_filters=true&#038;_acf_screen=acf_form&#038;_acf_post_id=new&#038;_acf_validation=1&#038;_acf_form=red-cross-filters&#038;_acf_nonce=10fb23b5ec&#038;_acf_changed=1&#038;acf%5Bps_field_pledge_type%5D=&#038;acf%5Bps_field_pledge_type%5D%5B%5D=report&#038;acf%5Bps_field_event%5D=&#038;acf%5Bps_field_submitter%5D=&#038;acf%5Bps_field_pledge_id%5D=&#038;acf%5Bps_field_institution%5D=&#038;acf%5Bps_field_country%5D=&#038;acf%5Bps_field_keywords%5D=&#038;acf%5Bps_field_language%5D=&#038;acf%5Bps_field_reference_resolution%5D=&#038;acf%5Bps_field_reference_resolution%5D=1934&#038;_acf_form=test\"\n\t\t\t\t\t\t\t\t class=\"button primary\">Vea los informes existentes sobre las promesas relativas a esta resoluci\u00f3n<\/a>\n\t\t\t\t\t\t<\/div>\n\t\t\t\t\t\t\t\t\t\t\t<\/div>\n\t<\/div>\n<\/div>\n\n\n<section class=\"about\">\n\t<div class=\"container\">\n\t\t\t\t\t<div class=\"about__title-over\">\n\t\t\t\t<h2>M\u00e1s informaci\u00f3n en los siguientes enlaces<\/h2>\n\t\t\t<\/div>\n\t\t\t\t<div class=\"about__inner\">\n\t\t\t\t\t\t\t\t\t\t<div class=\"about__content\">\n\t\t\t\t\t<img loading=\"lazy\" decoding=\"async\" width=\"150\" height=\"113\" class=\"wp-image-18111\" style=\"width: 150px;\" src=\"https:\/\/rcrcconference.org\/app\/uploads\/2021\/07\/IFRC-pandemic-preparedness-webpage.png\" alt=\"\"> <a rel=\"noreferrer noopener\" aria-label=\"(Preparaci\u00f3n preventiva de la comunidad ante las epidemias y las pandemias), p\u00e1gina del sitio web de la Federaci\u00f3n Internaciona (opens in a new tab)\" href=\"https:\/\/media.ifrc.org\/ifrc\/community-epidemic-pandemic-preparedness\/\" target=\"_blank\">\u00abCommunity epidemic and pandemic preparedness\u00bb (preparaci\u00f3n preventiva de la comunidad ante las epidemias y las pandemias), p\u00e1gina del sitio web de la Federaci\u00f3n Internaciona<\/a>  <br><br><img loading=\"lazy\" decoding=\"async\" width=\"150\" height=\"115\" class=\"wp-image-18115\" style=\"width: 150px;\" src=\"https:\/\/rcrcconference.org\/app\/uploads\/2021\/07\/COVID-compredium.png\" alt=\"\">     <a href=\"https:\/\/covid.ifrc.org\/#other\" target=\"_blank\" rel=\"noreferrer noopener\" aria-label=\" (opens in a new tab)\"><em>COVID-19 Resource Compendium<\/em> (p\u00e1gina del sitio web de la Federaci\u00f3n Internacional dedicada a una compilaci\u00f3n de recursos relativos a la COVID-19)<\/a>  <br><br><img loading=\"lazy\" decoding=\"async\" width=\"150\" height=\"114\" class=\"wp-image-18120\" style=\"width: 150px;\" src=\"https:\/\/rcrcconference.org\/app\/uploads\/2021\/07\/Go-platform.png\" alt=\"\">     <a rel=\"noreferrer noopener\" aria-label=\"Plataforma GO de la Federaci\u00f3n Internacional, que contiene todos los llamamientos e informes sobre intervenciones relacionados con las operaciones mundiales de lucha contra la COVID-19 (opens in a new tab)\" href=\"https:\/\/go.ifrc.org\/emergencies\/3972#details\" target=\"_blank\">Plataforma GO de la Federaci\u00f3n Internacional, que contiene todos los llamamientos e informes sobre intervenciones relacionados con las operaciones mundiales de lucha contra la COVID-19<\/a><br><br><a rel=\"noreferrer noopener\" aria-label=\"\ufffc      P\u00e1gina sobre la COVID-19 del sitio web del Comit\u00e9 Internacional de la Cruz Roja\n (opens in a new tab)\" href=\"https:\/\/www.icrc.org\/es\/actividades\/respuesta-mundial-del-cicr-la-pandemia-de-covid-19\" target=\"_blank\"><img loading=\"lazy\" decoding=\"async\" width=\"150\" height=\"114\" class=\"wp-image-18124\" style=\"width: 150px;\" src=\"https:\/\/rcrcconference.org\/app\/uploads\/2021\/07\/ICRC-covid.png\" alt=\"\">      P\u00e1gina sobre la COVID-19 del sitio web del Comit\u00e9 Internacional de la Cruz Roja<\/a><br><a rel=\"noreferrer noopener\" aria-label=\"\ufffc      P\u00e1gina sobre la COVID-19 del sitio web del Comit\u00e9 Internacional de la Cruz Roja\n (opens in a new tab)\" href=\"https:\/\/www.icrc.org\/es\/actividades\/respuesta-mundial-del-cicr-la-pandemia-de-covid-19\" target=\"_blank\"><br><\/a><br><img loading=\"lazy\" decoding=\"async\" width=\"150\" height=\"114\" class=\"wp-image-18132\" style=\"width: 150px;\" src=\"https:\/\/rcrcconference.org\/app\/uploads\/2021\/07\/soko.png\" alt=\"\">     <a rel=\"noreferrer noopener\" aria-label=\"SOKONI \u2013 foros de intercambio sobre la COVID-19 destinado a los voluntarios y los miembros de las organizaciones de la Cruz Roja y de la Media Luna Roja  (opens in a new tab)\" href=\"https:\/\/sokoni.ifrc.org\/en\/\" target=\"_blank\">SOKONI \u2013 foros de intercambio sobre la COVID-19 destinado a los voluntarios y los miembros de las organizaciones de la Cruz Roja y de la Media Luna Roja <\/a><br><br><img loading=\"lazy\" decoding=\"async\" width=\"150\" height=\"114\" class=\"wp-image-18128\" style=\"width: 150px;\" src=\"https:\/\/rcrcconference.org\/app\/uploads\/2021\/07\/Solf-Acad.png\" alt=\"\"><a rel=\"noreferrer noopener\" aria-label=\"     IFRC Solferino Academy: Mapping COVID-19 Red Cross Red Crescent volunteers\u2019 experience and insights (opens in a new tab)\" href=\"https:\/\/solferinoacademy.com\/ourcovidstory\/\" target=\"_blank\">     P\u00e1gina de la Academia Solferino de la Federaci\u00f3n Internacional: cartograf\u00eda de la experiencia y las percepciones de los voluntarios de las organizaciones de la Cruz Roja y de la Media Luna Roja relativas a la COVID-19<\/a> \t\t\t\t<\/div>\n\t\t\t\t\t<\/div>\n\t<\/div>\n<\/section>\n\n\n\n<section class=\"single-link\" style=\"background-color: #E5E5E5\" aria-label=\"Single link section\">\n\t<div class=\"container\">\n\t\t<div class=\"single-link__inner\">\n\t\t\t\t\t\t\t<div class=\"single-link__title\">\n\t\t\t\t\t<h2>Si tiene preguntas<\/h2>\n\t\t\t\t<\/div>\n\t\t\t\t\t\t\t<div class=\"single-link__descr\">\n\t\t\t\t\t<span>No dude en escribirnos para obtener m\u00e1s informaci\u00f3n.<\/span>\n\t\t\t\t<\/div>\n\t\t\t\t\t\t\t<a href=\"https:\/\/rcrcconference.org\/es\/contact\/\"\n\t\t\t\t   class=\"button primary\">P\u00f3ngase en contacto con nosotros<\/a>\n\t\t\t\t\t<\/div>\n\t<\/div>\n<\/section>\n\n\n\n<p><\/p>\n","protected":false},"excerpt":{"rendered":"","protected":false},"author":408,"featured_media":18146,"parent":18285,"menu_order":0,"comment_status":"closed","ping_status":"closed","template":"","meta":{"_acf_changed":false,"footnotes":""},"class_list":["post-18433","page","type-page","status-publish","has-post-thumbnail","hentry"],"acf":[],"_links":{"self":[{"href":"https:\/\/rcrcconference.org\/es\/wp-json\/wp\/v2\/pages\/18433"}],"collection":[{"href":"https:\/\/rcrcconference.org\/es\/wp-json\/wp\/v2\/pages"}],"about":[{"href":"https:\/\/rcrcconference.org\/es\/wp-json\/wp\/v2\/types\/page"}],"author":[{"embeddable":true,"href":"https:\/\/rcrcconference.org\/es\/wp-json\/wp\/v2\/users\/408"}],"replies":[{"embeddable":true,"href":"https:\/\/rcrcconference.org\/es\/wp-json\/wp\/v2\/comments?post=18433"}],"version-history":[{"count":11,"href":"https:\/\/rcrcconference.org\/es\/wp-json\/wp\/v2\/pages\/18433\/revisions"}],"predecessor-version":[{"id":28318,"href":"https:\/\/rcrcconference.org\/es\/wp-json\/wp\/v2\/pages\/18433\/revisions\/28318"}],"up":[{"embeddable":true,"href":"https:\/\/rcrcconference.org\/es\/wp-json\/wp\/v2\/pages\/18285"}],"wp:featuredmedia":[{"embeddable":true,"href":"https:\/\/rcrcconference.org\/es\/wp-json\/wp\/v2\/media\/18146"}],"wp:attachment":[{"href":"https:\/\/rcrcconference.org\/es\/wp-json\/wp\/v2\/media?parent=18433"}],"curies":[{"name":"wp","href":"https:\/\/api.w.org\/{rel}","templated":true}]}}