{"id":18393,"date":"2021-06-10T14:38:02","date_gmt":"2021-06-10T14:38:02","guid":{"rendered":"https:\/\/rcrcconference.org\/about\/reporting\/33ic-resolution-1-bringing-ihl-home\/"},"modified":"2024-08-25T19:34:03","modified_gmt":"2024-08-25T19:34:03","slug":"33ic-resolution-1-bringing-ihl-home","status":"publish","type":"page","link":"https:\/\/rcrcconference.org\/es\/about\/reporting\/33ic-resolution-1-bringing-ihl-home\/","title":{"rendered":"Resoluci\u00f3n 1 &#8211; Acercar el DIH: hoja de ruta para una mejor implementaci\u00f3n del derecho internacional humanitario a nivel nacional"},"content":{"rendered":"<section class=\"about\">\n\t<div class=\"container\">\n\t\t\t\t\t<div class=\"about__title-over\">\n\t\t\t\t<h2>Resumen<\/h2>\n\t\t\t<\/div>\n\t\t\t\t<div class=\"about__inner\">\n\t\t\t\t\t\t\t\t\t\t<div class=\"about__content\">\n\t\t\t\t\tLa resoluci\u00f3n \u201cAcercar el DIH: hoja de ruta para una mejor implementaci\u00f3n del derecho internacional humanitario a nivel nacional\u201d fue aprobada, en diciembre de 2019, durante la XXXIII Conferencia Internacional de la Cruz Roja y de la Media Luna Roja, a fin de reactivar los compromisos e impulsar las iniciativas de adopci\u00f3n de medidas de aplicaci\u00f3n del derecho internacional humanitario a nivel nacional para proteger mejor a las personas afectadas. Establece un rumbo general para los miembros de la Conferencia Internacional y les brinda orientaci\u00f3n por medio de medidas pr\u00e1cticas esenciales para el fortalecimiento de la aplicaci\u00f3n del derecho internacional humanitario, centradas en lo que los Estados y las Sociedades Nacionales pueden hacer a nivel nacional, incluso en cooperaci\u00f3n con otros agentes, para revitalizar la aplicaci\u00f3n del derecho internacional humanitario en todos los niveles pertinentes.<br> \u00a0<br>La resoluci\u00f3n es un v\u00edvido recordatorio a los Estados y al Movimiento de que no deben considerar ineficaz su actual empe\u00f1o por lograr el respeto del derecho internacional humanitario, ni tomar sus obligaciones a la ligera. Identifica acciones concretas que los miembros de la Conferencia Internacional pueden adoptar, en el marco de sus pertinentes obligaciones y cometidos, sobre la base de mecanismos bien establecidos o recientes, con miras a respetar y hacer respetar el derecho internacional humanitario en todas las circunstancias. Asimismo, se ha elaborado <a href=\"https:\/\/www.icrc.org\/en\/document\/bringing-ihl-home-guidelines-national-implementation-international-humanitarian-law\" target=\"_blank\" rel=\"noreferrer noopener\" aria-label=\"una gu\u00eda sobre la aplicaci\u00f3n de la resoluci\u00f3n (opens in a new tab)\">una gu\u00eda sobre la aplicaci\u00f3n de la resoluci\u00f3n<\/a> destinada a los Estados y a las Sociedades Nacionales.    \t\t\t\t<\/div>\n\t\t\t\t\t<\/div>\n\t<\/div>\n<\/section>\n\n\n<section class=\"accordion-block\" style=\"background-color: #ffffff; color: #4D4D4D\" role=\"region\" aria-label=\"Pedges accordion block\">\n\t\t\t<div class=\"accordion-block__title\" role=\"heading\" aria-level=\"3\">\n\t\t\t<h3>Resoluci\u00f3n aprobada por la XXXIII Conferencia Internacional <\/h3>\n\t\t<\/div>\n\t\t\t\t<ul class=\"accordion\">\n\t\t\t\t\t\t\t<li class=\"accordion__item\">\n\t\t\t\t\t<div class=\"accordion__title\" role=\"button\" aria-expanded=\"false\" aria-label=\"Resoluci\u00f3n 1 - Acercar el DIH: hoja de ruta para una mejor implementaci\u00f3n del derecho internacional humanitario a nivel nacional\">\n\t\t\t\t\t\t<h3 class=\"accordion__title-h4\">Resoluci\u00f3n 1 &#8211; Acercar el DIH: hoja de ruta para una mejor implementaci\u00f3n del derecho internacional humanitario a nivel nacional<\/h3>\n\t\t\t\t\t<\/div>\n\t\t\t\t\t<div class=\"accordion__content\" role=\"region\" hidden>\n\t\t\t\t\t\t<div class=\"redcross_list-block\"><ul><li><strong><a rel=\"noreferrer noopener\" aria-label=\"Resoluci\u00f3n aprobada (opens in a new tab)\" href=\"https:\/\/rcrcconference.org\/app\/uploads\/2019\/12\/33IC-R1-Bringing-IHL-home_es.pdf\" target=\"_blank\">Resoluci\u00f3n aprobada<\/a> (33IC\/19\/R1)<\/li><li><a href=\"https:\/\/rcrcconference.org\/app\/uploads\/2019\/10\/33IC-Background-document-on-IHL_es.pdf\" target=\"_blank\" rel=\"noreferrer noopener\" aria-label=\"Documento de antecedentes (opens in a new tab)\">Documento de antecedentes<\/a> (33IC\/19\/12.1)<\/strong><\/li><\/ul> \t\t\t\t\t<\/div>\n\t\t\t\t<\/li>\n\t\t\t\t\t<\/ul>\n\t<\/section>\n\n\n\n<div style=\"height:100px\" aria-hidden=\"true\" class=\"wp-block-spacer\"><\/div>\n\n\n\t<div class=\"container\">\n\t\t<div class=\"btns-fl-block__title-over\">\n\t\t\t<h2>Informes sobre resoluciones<\/h2>\n\t\t<\/div>\n\t<\/div>\n<div class=\"btns-fl-block\" style=\"\">\n\t<div class=\"container\" style=\"background-color: #E5E5E5; color: #000000\">\n\t\t\t\t\t<div class=\"btns-fl-block__title\">\n\t\t\t\t<h3>D\u00e9 a conocer aqu\u00ed sus logros y puesta en pr\u00e1ctica m\u00e1s destacados<\/h3>\n\t\t\t<\/div>\n\t\t\t\t<div class=\"btns-fl-block__inner\">\n\t\t\t\t\t\t\t\t\t\t\t\t\t\t<div class=\"btns-fl-block__button\">\n\t\t\t\t\t\t\t<span>Los organizadores de la Conferencia desean conocer la experiencia de los Estados y las Sociedades Nacionales en la puesta en pr\u00e1ctica de los compromisos adquiridos en la XXXIII\u00a0Conferencia Internacional. El env\u00edo de informes breves y sencillos es posible en todo momento mediante un formulario espec\u00edfico disponible en l\u00ednea. Se recabar\u00e1 esta informaci\u00f3n peri\u00f3dicamente para evaluar el nivel y el avance de aplicaci\u00f3n.<br> <strong>\u00a0<\/strong> <strong><em>\u00a0<\/em><\/strong><br><em> (Para visualizar el formulario en l\u00ednea, los miembros de la Conferencia Internacional deber\u00e1n iniciar una sesi\u00f3n en el sistema con su cuenta y c\u00f3digo de usuario. Existe una sola cuenta para cada miembro, y un solo representante de cada Sociedad Nacional o Estado miembro tiene acceso al formulario y puede rendir un informe. Sin embargo, es posible rendir varios informes. Agradeceremos consulte el apartado de la gu\u00eda relativo a la rendici\u00f3n de informes acerca del <a href=\"https:\/\/rcrcconference.org\/es\/about\/reporting\/\">seguimiento de los resultados de la XXXIII Conferencia Internacional de la Cruz Roja y de la Media Luna Roja<\/a> <a href=\"https:\/\/rcrcconference.org\/es\/about\/reporting\/\">https:\/\/rcrcconference.org\/es\/about\/reporting\/<\/a> , para obtener informaci\u00f3n m\u00e1s detallada sobre la manera de rendir informes, iniciar una sesi\u00f3n y buscar informaci\u00f3n en la base de datos.) <br><\/em><br><a href=\"https:\/\/rcrcconference.org\/app\/uploads\/2021\/07\/survey-questions-FINAL-rev-ES-1.docx\" target=\"_blank\" rel=\"noreferrer noopener\" aria-label=\" (opens in a new tab)\"><strong>Versi\u00f3n Word del formulario<\/strong><br><\/a>(<em>A t\u00edtulo de referencia y para uso interno exclusivamente. Agradeceremos tenga presente que todos los informes deber\u00e1n ser remitidos mediante el formulario espec\u00edfico disponible en l\u00ednea<\/em>) <br><br><strong>Informe sobre esta  resoluci\u00f3n<\/strong><\/span>\n\t\t\t\t\t\t\t<a href=\"https:\/\/rcrcconference.org\/es\/about\/reporting\/resolution-reporting-form\/\"\n\t\t\t\t\t\t\t\t class=\"button primary\">Formulario en l\u00ednea para rendir informes<\/a>\n\t\t\t\t\t\t<\/div>\n\t\t\t\t\t\t\t\t\t\t\t\t\t\t\t\t\t\t\t\t<div class=\"btns-fl-block__button\">\n\t\t\t\t\t\t\t<span><strong>B\u00fasqueda de informes en la base de datos<\/strong> <\/span>\n\t\t\t\t\t\t\t<a href=\"https:\/\/rcrcconference.org\/es\/about\/pledges\/search\/?q=&#038;_acf_filters=true&#038;_acf_screen=acf_form&#038;_acf_post_id=new&#038;_acf_validation=1&#038;_acf_form=red-cross-filters&#038;_acf_nonce=6f4ea1360f&#038;_acf_changed=1&#038;acf%5Bps_field_pledge_type%5D=&#038;acf%5Bps_field_pledge_type%5D%5B%5D=resolution&#038;acf%5Bps_field_event%5D=&#038;acf%5Bps_field_submitter%5D=&#038;acf%5Bps_field_pledge_id%5D=&#038;acf%5Bps_field_institution%5D=&#038;acf%5Bps_field_country%5D=&#038;acf%5Bps_field_keywords%5D=&#038;acf%5Bps_field_language%5D=&#038;acf%5Bps_field_reference_resolution%5D=&#038;acf%5Bps_field_reference_resolution%5D=1932&#038;_acf_form=test\"\n\t\t\t\t\t\t\t\t class=\"button primary\">Visualizaci\u00f3n de informes sobre esta resoluci\u00f3n<\/a>\n\t\t\t\t\t\t<\/div>\n\t\t\t\t\t\t\t\t\t\t\t<\/div>\n\t<\/div>\n<\/div>\n\n\n\n<div style=\"height:100px\" aria-hidden=\"true\" class=\"wp-block-spacer\"><\/div>\n\n\n\t<div class=\"container\">\n\t\t<div class=\"accordion-block__title-over\">\n\t\t\t<h2>Documentos<\/h2>\n\t\t<\/div>\n\t<\/div>\n<section class=\"about\" style=\"background-color: #ffffff; color: #4D4D4D\">\n\t<div class=\"container\">\n\t\t<div class=\"about__inner\">\n\t\t\t\t\t\t\t<div class=\"about__title\">\n\t\t\t\t\t<h3><\/h3>\n\t\t\t\t<\/div>\n\t\t\t\t\t\t\t\t\t\t<ul class=\"accordion\">\n\t\t\t\t\t\t\t\t\t\t\t<li class=\"accordion__item\">\n\t\t\t\t\t\t\t<div class=\"accordion__title\">\n\t\t\t\t\t\t\t\t<h4>Documentos<\/h4>\n\t\t\t\t\t\t\t<\/div>\n\t\t\t\t\t\t\t<div class=\"accordion__content\">\n\t\t\t\t\t\t\t\t<strong><div class=\"redcross_list-block\"><ul><li><a href=\"https:\/\/www.icrc.org\/en\/document\/bringing-ihl-home-guidelines-national-implementation-international-humanitarian-law\" target=\"_blank\" rel=\"noreferrer noopener\" aria-label=\" (opens in a new tab)\">Bringing IHL Home: Guidelines on the National Implementation of International Humanitarian Law<\/a>. <\/li><li>Listas de verificaci\u00f3n sobre la adopci\u00f3n en el derecho y las pol\u00edticas nacionales de medidas de aplicaci\u00f3n de las obligaciones internacionales, por ejemplo sobre los siguientes temas: <a href=\"https:\/\/www.icrc.org\/en\/document\/checklist-domestic-implementation-international-humanitarian-law-prohibiting-sexual\" target=\"_blank\" rel=\"noreferrer noopener\" aria-label=\" (opens in a new tab)\">prohibition of sexual violence<\/a>, <a href=\"https:\/\/www.icrc.org\/es\/publication\/lista-de-verificacion-medidas-nacionales-para-la-implementacion-de-la-convencion-sobre-0\" target=\"_blank\" rel=\"noreferrer noopener\" aria-label=\" (opens in a new tab)\">la Convenci\u00f3n sobre la prohibici\u00f3n de minas antipersonal<\/a> y <a href=\"https:\/\/www.icrc.org\/es\/publication\/lista-de-verificacion-medidas-nacionales-para-la-implementacion-de-la-convencion-sobre-0\" target=\"_blank\" rel=\"noreferrer noopener\" aria-label=\" (opens in a new tab)\">la Convenci\u00f3n sobre municiones en racimo<\/a>. <\/li><li><a href=\"https:\/\/www.icrc.org\/en\/publication\/national-committees-and-similar-entities-international-humanitarian-law-guidelines\" target=\"_blank\" rel=\"noreferrer noopener\" aria-label=\" (opens in a new tab)\">National Committees and Similar Entities on International Humanitarian Law: Guidelines for Success \u2013 Towards Respecting and Implementing International Humanitarian Law<\/a><\/li><li><a href=\"https:\/\/www.icrc.org\/en\/publication\/enhancing-protection-armed-conflict-through-domestic-law-and-policy\" target=\"_blank\" rel=\"noreferrer noopener\" aria-label=\" (opens in a new tab)\">Enhancing Protection in Armed Conflict through Domestic Law and Policy<\/a><\/li><li><a href=\"https:\/\/www.icrc.org\/es\/publication\/el-origen-de-las-restricciones-en-la-guerra\" target=\"_blank\" rel=\"noreferrer noopener\" aria-label=\" (opens in a new tab)\">El origen de las restricciones en la guerra<\/a><\/li><li>Consulte tratados, publicaciones y documentos relacionados con el derecho internacional humanitario en las <a href=\"https:\/\/ihl-databases.icrc.org\/applic\/ihl\/ihl-search.nsf\/content.xsp?key=intro&amp;lang=ES\" target=\"_blank\" rel=\"noreferrer noopener\" aria-label=\" (opens in a new tab)\">bases de datos del CICR sobre el derecho internacional humanitario<\/a>.<\/li><li><a href=\"https:\/\/www.icrc.org\/es\/document\/aplicacion-de-dih\" target=\"_blank\" rel=\"noreferrer noopener\" aria-label=\" (opens in a new tab)\">Aplicaci\u00f3n m\u00f3vil de DIH: el derecho internacional humanitario al alcance de su mano<\/a> <\/li><\/ul><\/strong>\t\t\t\t\t\t\t<\/div>\n\t\t\t\t\t\t<\/li>\n\t\t\t\t\t\t\t\t\t<\/ul>\n\t\t\t\t\t<\/div>\n\t<\/div>\n<\/section>\n\n\n\n<div style=\"height:100px\" aria-hidden=\"true\" class=\"wp-block-spacer\"><\/div>\n\n\n\t<div class=\"container\">\n\t\t<div class=\"btns-fl-block__title-over\">\n\t\t\t<h2>Promesas<\/h2>\n\t\t<\/div>\n\t<\/div>\n<div class=\"btns-fl-block\" style=\"background-image: url('https:\/\/rcrcconference.org\/app\/uploads\/2021\/06\/V-P-CER-E-00797-darken-scaled-e1623335488102.jpg'); color: #ffffff\">\n\t<div class=\"container\" style=\"\">\n\t\t\t\t\t<div class=\"btns-fl-block__title\">\n\t\t\t\t<h3>Informes sobre las promesas relativas a esta resoluci\u00f3n<\/h3>\n\t\t\t<\/div>\n\t\t\t\t<div class=\"btns-fl-block__inner\">\n\t\t\t\t\t\t\t\t\t\t\t\t\t\t<div class=\"btns-fl-block__button\">\n\t\t\t\t\t\t\t<span>Pulse aqu\u00ed para visualizar todas las promesas formuladas durante la XXXIII Conferencia Internacional en relaci\u00f3n con esta resoluci\u00f3n. Si desea rendir informe sobre una promesa formulada o firmada, haga clic en el t\u00edtulo de la promesa seleccionada. <br> <strong>\u00a0<\/strong><br><em>(Para visualizar el formulario en l\u00ednea, los miembros de la Conferencia Internacional deber\u00e1n iniciar una sesi\u00f3n en el sistema con su cuenta y c\u00f3digo de usuario. Existe una sola cuenta para cada miembro, y un solo representante de cada Sociedad Nacional o Estado miembro tiene acceso al formulario y puede rendir un informe. Sin embargo, es posible rendir varios informes. Agradeceremos consulte el apartado de la gu\u00eda relativo a la rendici\u00f3n de informes acerca del seguimiento de los resultados de la XXXIII Conferencia Internacional de la Cruz Roja y de la Media Luna Roja https:\/\/rcrcconference.org\/es\/about\/reporting\/ , para obtener informaci\u00f3n m\u00e1s detallada sobre la manera de rendir informes, iniciar una sesi\u00f3n y buscar informaci\u00f3n en la base de datos.) <\/em><\/span>\n\t\t\t\t\t\t\t<a href=\"https:\/\/rcrcconference.org\/es\/about\/pledges\/search\/?q=&#038;_acf_filters=true&#038;_acf_screen=acf_form&#038;_acf_post_id=new&#038;_acf_validation=1&#038;_acf_form=red-cross-filters&#038;_acf_nonce=6f4ea1360f&#038;_acf_changed=1&#038;acf%5Bps_field_pledge_type%5D=&#038;acf%5Bps_field_pledge_type%5D%5B%5D=specific&#038;acf%5Bps_field_pledge_type%5D%5B%5D=open&#038;acf%5Bps_field_event%5D=&#038;acf%5Bps_field_submitter%5D=&#038;acf%5Bps_field_pledge_id%5D=&#038;acf%5Bps_field_institution%5D=&#038;acf%5Bps_field_country%5D=&#038;acf%5Bps_field_keywords%5D=&#038;acf%5Bps_field_language%5D=&#038;acf%5Bps_field_reference_resolution%5D=&#038;acf%5Bps_field_reference_resolution%5D=1932&#038;_acf_form=test\"\n\t\t\t\t\t\t\t\t class=\"button primary\">Vea las promesas conexas<\/a>\n\t\t\t\t\t\t<\/div>\n\t\t\t\t\t\t\t\t\t\t\t\t\t\t\t\t\t\t\t\t<div class=\"btns-fl-block__button\">\n\t\t\t\t\t\t\t<span>B\u00fasqueda de informes sobre las promesas relativas a esta resoluci\u00f3n <\/span>\n\t\t\t\t\t\t\t<a href=\"https:\/\/rcrcconference.org\/es\/about\/pledges\/search\/?q=&#038;_acf_filters=true&#038;_acf_screen=acf_form&#038;_acf_post_id=new&#038;_acf_validation=1&#038;_acf_form=red-cross-filters&#038;_acf_nonce=6f4ea1360f&#038;_acf_changed=1&#038;acf%5Bps_field_pledge_type%5D=&#038;acf%5Bps_field_pledge_type%5D%5B%5D=report&#038;acf%5Bps_field_event%5D=&#038;acf%5Bps_field_submitter%5D=&#038;acf%5Bps_field_pledge_id%5D=&#038;acf%5Bps_field_institution%5D=&#038;acf%5Bps_field_country%5D=&#038;acf%5Bps_field_keywords%5D=&#038;acf%5Bps_field_language%5D=&#038;acf%5Bps_field_reference_resolution%5D=&#038;acf%5Bps_field_reference_resolution%5D=1932&#038;_acf_form=test\"\n\t\t\t\t\t\t\t\t class=\"button primary\">Vea los informes existentes sobre las promesas relativas a esta resoluci\u00f3n<\/a>\n\t\t\t\t\t\t<\/div>\n\t\t\t\t\t\t\t\t\t\t\t<\/div>\n\t<\/div>\n<\/div>\n\n\n<section class=\"about\">\n\t<div class=\"container\">\n\t\t\t\t\t<div class=\"about__title-over\">\n\t\t\t\t<h2>M\u00e1s informaci\u00f3n en los siguientes enlaces<\/h2>\n\t\t\t<\/div>\n\t\t\t\t<div class=\"about__inner\">\n\t\t\t\t\t\t\t\t\t\t<div class=\"about__content\">\n\t\t\t\t\t<img loading=\"lazy\" decoding=\"async\" width=\"150\" height=\"121\" class=\"wp-image-18210\" style=\"width: 150px;\" src=\"https:\/\/rcrcconference.org\/app\/uploads\/2021\/07\/ICRC-VIGNETTE.png\" alt=\"\"> <a href=\"https:\/\/www.icrc.org\/es\/guerra-y-derecho\">P\u00e1gina del sitio web del CICR sobre guerra y derecho<\/a>. <br><br><a href=\"https:\/\/blogs.icrc.org\/law-and-policy\/\" target=\"_blank\" rel=\"noreferrer noopener\" aria-label=\"\ufffc (opens in a new tab)\"><img loading=\"lazy\" decoding=\"async\" width=\"150\" height=\"108\" class=\"wp-image-18214\" style=\"width: 150px;\" src=\"https:\/\/rcrcconference.org\/app\/uploads\/2021\/07\/Blog-ICRC-VIGNETTE.png\" alt=\"\"><\/a><a rel=\"noreferrer noopener\" aria-label=\"\ufffc  ICRC humanitarian law and policy blog (opens in a new tab)\" href=\"https:\/\/rcrcconference.org\/about\/33rd-international-conference\/international-humanitarian-law-protecting-people-in-armed-conflict\/\" target=\"_blank\"> <\/a> <a href=\"https:\/\/blogs.icrc.org\/law-and-policy\/\" target=\"_blank\" rel=\"noreferrer noopener\" aria-label=\" (opens in a new tab)\">Bit\u00e1cora digital del CICR sobre derecho internacional humanitario y pol\u00edticas conexas<\/a>. \t\t\t\t<\/div>\n\t\t\t\t\t<\/div>\n\t<\/div>\n<\/section>\n\n\n\n<section class=\"single-link\" style=\"background-color: #E5E5E5\" aria-label=\"Single link section\">\n\t<div class=\"container\">\n\t\t<div class=\"single-link__inner\">\n\t\t\t\t\t\t\t<div class=\"single-link__title\">\n\t\t\t\t\t<h2>Si tiene preguntas<\/h2>\n\t\t\t\t<\/div>\n\t\t\t\t\t\t\t<div class=\"single-link__descr\">\n\t\t\t\t\t<span>No dude en escribirnos para obtener m\u00e1s informaci\u00f3n.<\/span>\n\t\t\t\t<\/div>\n\t\t\t\t\t\t\t<a href=\"https:\/\/rcrcconference.org\/es\/contact\/\"\n\t\t\t\t   class=\"button primary\">P\u00f3ngase en contacto con nosotros<\/a>\n\t\t\t\t\t<\/div>\n\t<\/div>\n<\/section>\n","protected":false},"excerpt":{"rendered":"","protected":false},"author":408,"featured_media":18191,"parent":18285,"menu_order":0,"comment_status":"closed","ping_status":"closed","template":"","meta":{"_acf_changed":false,"footnotes":""},"class_list":["post-18393","page","type-page","status-publish","has-post-thumbnail","hentry"],"acf":[],"_links":{"self":[{"href":"https:\/\/rcrcconference.org\/es\/wp-json\/wp\/v2\/pages\/18393"}],"collection":[{"href":"https:\/\/rcrcconference.org\/es\/wp-json\/wp\/v2\/pages"}],"about":[{"href":"https:\/\/rcrcconference.org\/es\/wp-json\/wp\/v2\/types\/page"}],"author":[{"embeddable":true,"href":"https:\/\/rcrcconference.org\/es\/wp-json\/wp\/v2\/users\/408"}],"replies":[{"embeddable":true,"href":"https:\/\/rcrcconference.org\/es\/wp-json\/wp\/v2\/comments?post=18393"}],"version-history":[{"count":7,"href":"https:\/\/rcrcconference.org\/es\/wp-json\/wp\/v2\/pages\/18393\/revisions"}],"predecessor-version":[{"id":28303,"href":"https:\/\/rcrcconference.org\/es\/wp-json\/wp\/v2\/pages\/18393\/revisions\/28303"}],"up":[{"embeddable":true,"href":"https:\/\/rcrcconference.org\/es\/wp-json\/wp\/v2\/pages\/18285"}],"wp:featuredmedia":[{"embeddable":true,"href":"https:\/\/rcrcconference.org\/es\/wp-json\/wp\/v2\/media\/18191"}],"wp:attachment":[{"href":"https:\/\/rcrcconference.org\/es\/wp-json\/wp\/v2\/media?parent=18393"}],"curies":[{"name":"wp","href":"https:\/\/api.w.org\/{rel}","templated":true}]}}