{"id":18300,"date":"2021-06-10T14:48:42","date_gmt":"2021-06-10T14:48:42","guid":{"rendered":"https:\/\/rcrcconference.org\/about\/reporting\/33ic-resolution-2-addressing-mental-health-and-psychosocial-needs\/"},"modified":"2024-08-25T19:44:29","modified_gmt":"2024-08-25T19:44:29","slug":"33ic-resolution-2-addressing-mental-health-and-psychosocial-needs","status":"publish","type":"page","link":"https:\/\/rcrcconference.org\/es\/about\/reporting\/33ic-resolution-2-addressing-mental-health-and-psychosocial-needs\/","title":{"rendered":"Resoluci\u00f3n 2 &#8211; Atencio\u0301n a las necesidades psicosociales y de salud mental de las personas afectadas por conflictos armados, cata\u0301strofes naturales y otras emergencias"},"content":{"rendered":"<section class=\"about\">\n\t<div class=\"container\">\n\t\t\t\t\t<div class=\"about__title-over\">\n\t\t\t\t<h2>Resumen<\/h2>\n\t\t\t<\/div>\n\t\t\t\t<div class=\"about__inner\">\n\t\t\t\t\t\t\t\t\t\t<div class=\"about__content\">\n\t\t\t\t\tMediante esta resoluci\u00f3n se busca prestar atenci\u00f3n a las necesidades psicosociales y de salud mental de las personas afectadas por conflictos armados, cat\u00e1strofes naturales y otras emergencias. Estas crisis pueden incidir de manera aguda en la salud mental y el bienestar psicosocial de las personas, familias y comunidades afectadas. Las necesidades psicosociales y de salud mental aumentan significativamente ante tales situaciones, y quienes ya presentaban problemas de salud mental suelen enfrentar dificultades. El acceso limitado a servicios de calidad, los escasos recursos humanos destinados a los servicios de salud mental y apoyo psicosocial, y la falta de protecci\u00f3n de las personas afectadas, junto con la estigmatizaci\u00f3n que predomina en torno a la salud mental, agravan la creciente brecha entre las necesidades y la intervenci\u00f3n.<br><br>La XXXIII Conferencia Internacional aprob\u00f3 la resoluci\u00f3n \u201cAtenci\u00f3n a las necesidades psicosociales y de salud mental de las personas afectadas por conflictos armados, cat\u00e1strofes naturales y otras emergencias\u201d, en la que se exhort\u00f3 a:<br><div class=\"redcross_list-block\"><ul><li>garantizar el acceso temprano a servicios de salud mental y apoyo psicosocial y fomentar las actividades a nivel local y comunitario;<\/li><li>velar por que las personas con necesidades psicosociales y de salud mental gocen de servicios de atenci\u00f3n y apoyo amplios e integrados;<\/li><li>prevenir da\u00f1os a la salud mental, mediante el respeto de la dignidad y la protecci\u00f3n de las personas afectadas por los conflictos armados, las cat\u00e1strofes naturales y las emergencias;<\/li><li>fomentar las capacidades de los profesionales en los \u00e1mbitos de la salud mental y el apoyo psicosocial;<\/li><li>proteger la salud mental y el bienestar psicosocial de quienes trabajan en la atenci\u00f3n de las necesidades humanitarias.  <\/li><\/ul>\t\t\t\t<\/div>\n\t\t\t\t\t<\/div>\n\t<\/div>\n<\/section>\n\n\n<section class=\"accordion-block\" style=\"background-color: #ffffff; color: #4D4D4D\" role=\"region\" aria-label=\"Pedges accordion block\">\n\t\t\t<div class=\"accordion-block__title\" role=\"heading\" aria-level=\"3\">\n\t\t\t<h3>Resoluci\u00f3n aprobada por la XXXIII Conferencia Internacional <\/h3>\n\t\t<\/div>\n\t\t\t\t<ul class=\"accordion\">\n\t\t\t\t\t\t\t<li class=\"accordion__item\">\n\t\t\t\t\t<div class=\"accordion__title\" role=\"button\" aria-expanded=\"false\" aria-label=\"Resoluci\u00f3n 2 - Atencio\u0301n a las necesidades psicosociales y de salud mental de las personas afectadas por conflictos armados, cata\u0301strofes naturales y otras emergencias\">\n\t\t\t\t\t\t<h3 class=\"accordion__title-h4\">Resoluci\u00f3n 2 &#8211; Atencio\u0301n a las necesidades psicosociales y de salud mental de las personas afectadas por conflictos armados, cata\u0301strofes naturales y otras emergencias<\/h3>\n\t\t\t\t\t<\/div>\n\t\t\t\t\t<div class=\"accordion__content\" role=\"region\" hidden>\n\t\t\t\t\t\t<div class=\"redcross_list-block\"><ul><li><a href=\"https:\/\/rcrcconference.org\/app\/uploads\/2019\/12\/33IC-R2-MHPSS-_CLEAN_ADOPTED_ES.pdf\" target=\"_blank\" rel=\"noreferrer noopener\" aria-label=\" (opens in a new tab)\"><strong>Resolucion aprobada<\/strong> <\/a>(33IC\/19\/R2)<\/li><li><a rel=\"noreferrer noopener\" aria-label=\"Documento de antecedentes (opens in a new tab)\" href=\"https:\/\/rcrcconference.org\/app\/uploads\/2021\/07\/33IC_12.2-MHPSS-background-doc-final-ES.pdf\" target=\"_blank\"><strong>Documento de antecedentes<\/strong><\/a> (33IC\/19\/12.2)<\/li><\/ul> \t\t\t\t\t<\/div>\n\t\t\t\t<\/li>\n\t\t\t\t\t<\/ul>\n\t<\/section>\n\n\n\n<div style=\"height:100px\" aria-hidden=\"true\" class=\"wp-block-spacer\"><\/div>\n\n\n\n<figure class=\"wp-block-embed is-type-video is-provider-youtube wp-block-embed-youtube wp-embed-aspect-16-9 wp-has-aspect-ratio\"><div class=\"wp-block-embed__wrapper\">\n<iframe loading=\"lazy\" title=\"La resoluci\u00f3n\" width=\"500\" height=\"281\" src=\"https:\/\/www.youtube.com\/embed\/N3TOZvmRzo0?start=3&#038;feature=oembed\" frameborder=\"0\" allow=\"accelerometer; autoplay; clipboard-write; encrypted-media; gyroscope; picture-in-picture; web-share\" referrerpolicy=\"strict-origin-when-cross-origin\" allowfullscreen><\/iframe>\n<\/div><\/figure>\n\n\n\t<div class=\"container\">\n\t\t<div class=\"btns-fl-block__title-over\">\n\t\t\t<h2>Informes sobre resoluciones<\/h2>\n\t\t<\/div>\n\t<\/div>\n<div class=\"btns-fl-block\" style=\"\">\n\t<div class=\"container\" style=\"background-color: #E5E5E5; color: #000000\">\n\t\t\t\t\t<div class=\"btns-fl-block__title\">\n\t\t\t\t<h3>D\u00e9 a conocer aqu\u00ed sus logros y puesta en pr\u00e1ctica m\u00e1s destacados <\/h3>\n\t\t\t<\/div>\n\t\t\t\t<div class=\"btns-fl-block__inner\">\n\t\t\t\t\t\t\t\t\t\t\t\t\t\t<div class=\"btns-fl-block__button\">\n\t\t\t\t\t\t\t<span>Los organizadores de la Conferencia desean conocer la experiencia de los Estados y las Sociedades Nacionales en la puesta en pr\u00e1ctica de los compromisos adquiridos en la XXXIII\u00a0Conferencia Internacional. El env\u00edo de informes breves y sencillos es posible en todo momento mediante un formulario espec\u00edfico disponible en l\u00ednea. Se recabar\u00e1 esta informaci\u00f3n peri\u00f3dicamente para evaluar el nivel y el avance de aplicaci\u00f3n.<br> <strong>\u00a0<\/strong><br><em>(Para visualizar el formulario en l\u00ednea, los miembros de la Conferencia Internacional deber\u00e1n iniciar una sesi\u00f3n en el sistema con su cuenta y c\u00f3digo de usuario. Existe una sola cuenta para cada miembro, y un solo representante de cada Sociedad Nacional o Estado miembro tiene acceso al formulario y puede rendir un informe. Sin embargo, es posible rendir varios informes. Agradeceremos consulte el apartado de la gu\u00eda relativo a la rendici\u00f3n de informes acerca del <a href=\"https:\/\/rcrcconference.org\/es\/about\/reporting\/\" target=\"_blank\" rel=\"noreferrer noopener\" aria-label=\" (opens in a new tab)\">seguimiento de los resultados de la XXXIII Conferencia Internacional de la Cruz Roja y de la Media Luna Roja<\/a> <a href=\"https:\/\/rcrcconference.org\/es\/about\/reporting\/\" target=\"_blank\" rel=\"noreferrer noopener\" aria-label=\" (opens in a new tab)\">https:\/\/rcrcconference.org\/es\/about\/reporting\/<\/a> , para obtener informaci\u00f3n m\u00e1s detallada sobre la manera de rendir informes, iniciar una sesi\u00f3n y buscar informaci\u00f3n en la base de datos.)  <br><\/em><br><a rel=\"noreferrer noopener\" aria-label=\" (opens in a new tab)\" href=\"https:\/\/rcrcconference.org\/app\/uploads\/2021\/07\/survey-questions-FINAL-rev-ES-1.docx\" target=\"_blank\"><strong>Versi\u00f3n Word del formulario<\/strong><br><\/a>(<em>A t\u00edtulo de referencia y para uso interno exclusivamente. Agradeceremos tenga presente que todos los informes deber\u00e1n ser remitidos mediante el formulario espec\u00edfico disponible en l\u00ednea<\/em>)<br> <strong><em>\u00a0<\/em><\/strong><br><strong>Informe sobre esta resoluci\u00f3n<\/strong><\/span>\n\t\t\t\t\t\t\t<a href=\"https:\/\/rcrcconference.org\/es\/about\/reporting\/resolution-reporting-form\/\"\n\t\t\t\t\t\t\t\t class=\"button primary\">Formulario en L\u00ednea para rendir informes<\/a>\n\t\t\t\t\t\t<\/div>\n\t\t\t\t\t\t\t\t\t\t\t\t\t\t\t\t\t\t\t\t<div class=\"btns-fl-block__button\">\n\t\t\t\t\t\t\t<span><strong>B\u00fasqueda de informes en la base de datos<\/strong> <\/span>\n\t\t\t\t\t\t\t<a href=\"https:\/\/rcrcconference.org\/es\/about\/pledges\/search\/?q=&#038;_acf_filters=true&#038;_acf_screen=acf_form&#038;_acf_post_id=new&#038;_acf_validation=1&#038;_acf_form=red-cross-filters&#038;_acf_nonce=6f4ea1360f&#038;_acf_changed=1&#038;acf%5Bps_field_pledge_type%5D=&#038;acf%5Bps_field_pledge_type%5D%5B%5D=resolution&#038;acf%5Bps_field_event%5D=&#038;acf%5Bps_field_submitter%5D=&#038;acf%5Bps_field_pledge_id%5D=&#038;acf%5Bps_field_institution%5D=&#038;acf%5Bps_field_country%5D=&#038;acf%5Bps_field_keywords%5D=&#038;acf%5Bps_field_language%5D=&#038;acf%5Bps_field_reference_resolution%5D=&#038;acf%5Bps_field_reference_resolution%5D=1933&#038;_acf_form=tes\"\n\t\t\t\t\t\t\t\t class=\"button primary\">Visualizaci\u00f3n de informes sobre esta resoluci\u00f3n<\/a>\n\t\t\t\t\t\t<\/div>\n\t\t\t\t\t\t\t\t\t\t\t<\/div>\n\t<\/div>\n<\/div>\n\n\n\n<div style=\"height:100px\" aria-hidden=\"true\" class=\"wp-block-spacer\"><\/div>\n\n\n\t<div class=\"container\">\n\t\t<div class=\"accordion-block__title-over\">\n\t\t\t<h2>Documentos<\/h2>\n\t\t<\/div>\n\t<\/div>\n<section class=\"about\" style=\"background-color: #ffffff; color: #4D4D4D\">\n\t<div class=\"container\">\n\t\t<div class=\"about__inner\">\n\t\t\t\t\t\t\t<div class=\"about__title\">\n\t\t\t\t\t<h3><\/h3>\n\t\t\t\t<\/div>\n\t\t\t\t\t\t\t\t\t\t<ul class=\"accordion\">\n\t\t\t\t\t\t\t\t\t\t\t<li class=\"accordion__item\">\n\t\t\t\t\t\t\t<div class=\"accordion__title\">\n\t\t\t\t\t\t\t\t<h4>Documentos<\/h4>\n\t\t\t\t\t\t\t<\/div>\n\t\t\t\t\t\t\t<div class=\"accordion__content\">\n\t\t\t\t\t\t\t\t<strong><div class=\"redcross_list-block\"><ul><li><a rel=\"noreferrer noopener\" aria-label=\" (opens in a new tab)\" href=\"https:\/\/pscentre.org\/wp-content\/uploads\/2021\/02\/Movement_roadmap_spanish_spread_FINAL.pdf\" target=\"_blank\">Una hoja de ruta para la implementaci\u00f3n 2020 \u2013 2023: compromisos del Movimiento Internacional de la Cruz Roja y de la Media Luna Roja para atender las necesidades de salud mental y apoyo psicosocial<\/a>.<\/li><li><a href=\"https:\/\/rcrcconference.org\/es\/blog-stories-es\/mental-health-and-psychosocial-consequences-of-emergencies-a-call-for-global-action\/\" target=\"_blank\" rel=\"noreferrer noopener\" aria-label=\" (opens in a new tab)\">Art\u00edculo publicado en la bit\u00e1cora digital de las reuniones estatutarias: Consecuencias psicosociales y de salud mental derivadas de las emergencias \u2013 Llamamiento a la acci\u00f3n mundial<\/a>.<\/li><li><a rel=\"noreferrer noopener\" aria-label=\" (opens in a new tab)\" href=\"https:\/\/rcrcconference.org\/app\/uploads\/2020\/05\/33IC-Commission-II-Shifting-Vulnerabilities-report_FINAL-ES.pdf#page=5\" target=\"_blank\">Informe sobre la ampliaci\u00f3n de la atenci\u00f3n de salud mental y del apoyo psicosocial que se brida a las poblaciones afectadas por situaciones de emergencia<\/a> (incluido en el Informe resumido de la Comisi\u00f3n II sobre la evoluci\u00f3n de las necesidades).<\/li><li>Pol\u00edtica del Movimiento Internacional de la Cruz Roja y de la Media Luna Roja sobre la atenci\u00f3n a necesidades de salud mental y apoyo psicosocial (aprobada por el Consejo de Delegados del Movimiento Internacional de la Cruz Roja y de la media Luna Roja en 2019): <a rel=\"noreferrer noopener\" aria-label=\" (opens in a new tab)\" href=\"https:\/\/pscentre.org\/wp-content\/uploads\/2021\/02\/Movement_MHPSS_Policy_Sp.pdf\" target=\"_blank\">publicaci\u00f3n<\/a> y <a rel=\"noreferrer noopener\" aria-label=\" (opens in a new tab)\" href=\"https:\/\/www.youtube.com\/watch?v=kNFXSRsT5Uw\" target=\"_blank\">video<\/a> del Centro de referencia sobre apoyo psicosocial.<\/li><li><a rel=\"noreferrer noopener\" aria-label=\" (opens in a new tab)\" href=\"https:\/\/www.youtube.com\/watch?v=kSHekOK0drE\" target=\"_blank\">El marco de apoyo psicosocial y de salud mental del Movimiento Internacional de la Cruz Roja y de la Media Luna Roja<\/a>: video del Centro de referencia sobre apoyo psicosocial. <\/li><li>\u201c<a rel=\"noreferrer noopener\" aria-label=\" (opens in a new tab)\" href=\"https:\/\/pscentre.org\/?resource=the-greatest-need-was-to-be-listened-to-the-importance-of-mental-health-and-psychosocial-support-during-covid-19\" target=\"_blank\">The greatest need was to be listened to\u201d: The importance of mental health and psychosocial support during COVID-19<\/a>. (\u00fanicamente en ingl\u00e9s)<\/li><li>Para conocer todos los documentos y material de difusi\u00f3n relacionados con los compromisos de la XXXIII Conferencia Internacional, consulte la p\u00e1gina <a rel=\"noreferrer noopener\" aria-label=\" (opens in a new tab)\" href=\"https:\/\/pscentre.org\/movement-resource-room-mhpss-policy-and-resolution\/\" target=\"_blank\">Resource Room<\/a> del Centro de referencia sobre apoyo psicosocial. <\/li><li>Para consultar otros documentos \/ videos \/ publicaciones sobre el apoyo psicosocial y de salud mental, consulte la p\u00e1gina <a rel=\"noreferrer noopener\" aria-label=\" (opens in a new tab)\" href=\"https:\/\/pscentre.org\/resource-library\/?wpv-language%5B%5D=english&amp;selected=theme\" target=\"_blank\">Resource library<\/a> del Centro de referencia sobre apoyo psicosocial.  <\/li><\/ul><\/strong>\t\t\t\t\t\t\t<\/div>\n\t\t\t\t\t\t<\/li>\n\t\t\t\t\t\t\t\t\t<\/ul>\n\t\t\t\t\t<\/div>\n\t<\/div>\n<\/section>\n\n\n\t<div class=\"container\">\n\t\t<div class=\"btns-fl-block__title-over\">\n\t\t\t<h2>Promesas<\/h2>\n\t\t<\/div>\n\t<\/div>\n<div class=\"btns-fl-block\" style=\"background-image: url('https:\/\/rcrcconference.org\/app\/uploads\/2021\/06\/V-P-CER-E-00797-darken-scaled-e1623335488102.jpg'); color: #ffffff\">\n\t<div class=\"container\" style=\"\">\n\t\t\t\t\t<div class=\"btns-fl-block__title\">\n\t\t\t\t<h3>Informes sobre las promesas relativas a esta resoluci\u00f3n <\/h3>\n\t\t\t<\/div>\n\t\t\t\t<div class=\"btns-fl-block__inner\">\n\t\t\t\t\t\t\t\t\t\t\t\t\t\t<div class=\"btns-fl-block__button\">\n\t\t\t\t\t\t\t<span>Pulse aqu\u00ed para visualizar todas las promesas formuladas durante la XXXIII Conferencia Internacional en relaci\u00f3n con esta resoluci\u00f3n. Si desea rendir informe sobre una promesa formulada o firmada, haga clic en el t\u00edtulo de la promesa seleccionada. <br> <strong>\u00a0<\/strong><br><em>(Para visualizar el formulario en l\u00ednea, los miembros de la Conferencia Internacional deber\u00e1n iniciar una sesi\u00f3n en el sistema con su cuenta y c\u00f3digo de usuario. Existe una sola cuenta para cada miembro, y un solo representante de cada Sociedad Nacional o Estado miembro tiene acceso al formulario y puede rendir un informe. Sin embargo, es posible rendir varios informes. Agradeceremos consulte el apartado de la gu\u00eda relativo a la rendici\u00f3n de informes acerca del seguimiento de los resultados de la XXXIII Conferencia Internacional de la Cruz Roja y de la Media Luna Roja https:\/\/rcrcconference.org\/es\/about\/reporting\/ , para obtener informaci\u00f3n m\u00e1s detallada sobre la manera de rendir informes, iniciar una sesi\u00f3n y buscar informaci\u00f3n en la base de datos.) <\/em><\/span>\n\t\t\t\t\t\t\t<a href=\"https:\/\/rcrcconference.org\/es\/about\/pledges\/search\/?q=&#038;_acf_filters=true&#038;_acf_screen=acf_form&#038;_acf_post_id=new&#038;_acf_validation=1&#038;_acf_form=red-cross-filters&#038;_acf_nonce=6f4ea1360f&#038;_acf_changed=1&#038;acf%5Bps_field_pledge_type%5D=&#038;acf%5Bps_field_pledge_type%5D%5B%5D=specific&#038;acf%5Bps_field_pledge_type%5D%5B%5D=open&#038;acf%5Bps_field_event%5D=&#038;acf%5Bps_field_submitter%5D=&#038;acf%5Bps_field_pledge_id%5D=&#038;acf%5Bps_field_institution%5D=&#038;acf%5Bps_field_country%5D=&#038;acf%5Bps_field_keywords%5D=&#038;acf%5Bps_field_language%5D=&#038;acf%5Bps_field_reference_resolution%5D=&#038;acf%5Bps_field_reference_resolution%5D=1933&#038;_acf_form=test\"\n\t\t\t\t\t\t\t\t class=\"button primary\">Vea las promesas conexas<\/a>\n\t\t\t\t\t\t<\/div>\n\t\t\t\t\t\t\t\t\t\t\t\t\t\t\t\t\t\t\t\t<div class=\"btns-fl-block__button\">\n\t\t\t\t\t\t\t<span><strong>B\u00fasqueda de informes sobre las promesas relativas a esta resoluci\u00f3n<\/strong>\u00a0\u00a0\u00a0\u00a0\u00a0 <\/span>\n\t\t\t\t\t\t\t<a href=\"https:\/\/rcrcconference.org\/es\/about\/pledges\/search\/?q=&#038;_acf_filters=true&#038;_acf_screen=acf_form&#038;_acf_post_id=new&#038;_acf_validation=1&#038;_acf_form=red-cross-filters&#038;_acf_nonce=6f4ea1360f&#038;_acf_changed=1&#038;acf%5Bps_field_pledge_type%5D=&#038;acf%5Bps_field_pledge_type%5D%5B%5D=report&#038;acf%5Bps_field_event%5D=&#038;acf%5Bps_field_submitter%5D=&#038;acf%5Bps_field_pledge_id%5D=&#038;acf%5Bps_field_institution%5D=&#038;acf%5Bps_field_country%5D=&#038;acf%5Bps_field_keywords%5D=&#038;acf%5Bps_field_language%5D=&#038;acf%5Bps_field_reference_resolution%5D=&#038;acf%5Bps_field_reference_resolution%5D=1933&#038;_acf_form=test\"\n\t\t\t\t\t\t\t\t class=\"button primary\">Vea los informes existentes sobre las promesas relativas a esta resoluci\u00f3n <\/a>\n\t\t\t\t\t\t<\/div>\n\t\t\t\t\t\t\t\t\t\t\t<\/div>\n\t<\/div>\n<\/div>\n\n\n<section class=\"about\">\n\t<div class=\"container\">\n\t\t\t\t\t<div class=\"about__title-over\">\n\t\t\t\t<h2>M\u00e1s informaci\u00f3n en los siguientes enlaces<\/h2>\n\t\t\t<\/div>\n\t\t\t\t<div class=\"about__inner\">\n\t\t\t\t\t\t\t<div class=\"about__title\">\n\t\t\t\t\t<h3><\/h3>\n\t\t\t\t<\/div>\n\t\t\t\t\t\t\t\t\t\t<div class=\"about__content\">\n\t\t\t\t\t<img loading=\"lazy\" decoding=\"async\" width=\"150\" height=\"112\" class=\"wp-image-18027\" style=\"width: 150px;\" src=\"https:\/\/rcrcconference.org\/app\/uploads\/2021\/06\/PS-center.png\" alt=\"\">     <a href=\"https:\/\/pscentre.org\/spanish\/\" target=\"_blank\" rel=\"noreferrer noopener\" aria-label=\" (opens in a new tab)\">Centro de Referencia de la Federaci\u00f3n Internacional sobre Apoyo Psicosocial<\/a><br><br><img loading=\"lazy\" decoding=\"async\" width=\"150\" height=\"110\" class=\"wp-image-18031\" style=\"width: 150px;\" src=\"https:\/\/rcrcconference.org\/app\/uploads\/2021\/06\/IFRC-MPHSS-page.png\" alt=\"\">     <a href=\"https:\/\/media.ifrc.org\/ifrc\/what-we-do\/health\/mental-health-psychosocial-support\/?preview_id=66164\" target=\"_blank\" rel=\"noreferrer noopener\" aria-label=\" (opens in a new tab)\">P\u00e1gina en ingl\u00e9s sobre salud mental y apoyo psicosocial del sitio web de la Federaci\u00f3n Internacional<\/a>.  <br><br><img loading=\"lazy\" decoding=\"async\" width=\"150\" height=\"110\" class=\"wp-image-18035\" style=\"width: 150px;\" src=\"https:\/\/rcrcconference.org\/app\/uploads\/2021\/06\/ICRC-health-page.png\" alt=\"\">      <a href=\"https:\/\/www.icrc.org\/es\/nuestras-actividades\/salud\" target=\"_blank\" rel=\"noreferrer noopener\" aria-label=\" (opens in a new tab)\">P\u00e1gina sobre salud del sitio web del CICR<\/a>. \u00a0 \t\t\t\t<\/div>\n\t\t\t\t\t<\/div>\n\t<\/div>\n<\/section>\n\n\n\n<section class=\"single-link\" style=\"background-color: #E5E5E5\" aria-label=\"Single link section\">\n\t<div class=\"container\">\n\t\t<div class=\"single-link__inner\">\n\t\t\t\t\t\t\t<div class=\"single-link__title\">\n\t\t\t\t\t<h2>Si tiene preguntas<\/h2>\n\t\t\t\t<\/div>\n\t\t\t\t\t\t\t<div class=\"single-link__descr\">\n\t\t\t\t\t<span>No dude en escribirnos para obtener m\u00e1s informaci\u00f3n<\/span>\n\t\t\t\t<\/div>\n\t\t\t\t\t\t\t<a href=\"https:\/\/rcrcconference.org\/es\/contact\/\"\n\t\t\t\t   class=\"button primary\">P\u00f3ngase en contacto con nosotros<\/a>\n\t\t\t\t\t<\/div>\n\t<\/div>\n<\/section>\n","protected":false},"excerpt":{"rendered":"","protected":false},"author":408,"featured_media":18180,"parent":18285,"menu_order":0,"comment_status":"closed","ping_status":"closed","template":"","meta":{"_acf_changed":false,"footnotes":""},"class_list":["post-18300","page","type-page","status-publish","has-post-thumbnail","hentry"],"acf":[],"_links":{"self":[{"href":"https:\/\/rcrcconference.org\/es\/wp-json\/wp\/v2\/pages\/18300"}],"collection":[{"href":"https:\/\/rcrcconference.org\/es\/wp-json\/wp\/v2\/pages"}],"about":[{"href":"https:\/\/rcrcconference.org\/es\/wp-json\/wp\/v2\/types\/page"}],"author":[{"embeddable":true,"href":"https:\/\/rcrcconference.org\/es\/wp-json\/wp\/v2\/users\/408"}],"replies":[{"embeddable":true,"href":"https:\/\/rcrcconference.org\/es\/wp-json\/wp\/v2\/comments?post=18300"}],"version-history":[{"count":11,"href":"https:\/\/rcrcconference.org\/es\/wp-json\/wp\/v2\/pages\/18300\/revisions"}],"predecessor-version":[{"id":28313,"href":"https:\/\/rcrcconference.org\/es\/wp-json\/wp\/v2\/pages\/18300\/revisions\/28313"}],"up":[{"embeddable":true,"href":"https:\/\/rcrcconference.org\/es\/wp-json\/wp\/v2\/pages\/18285"}],"wp:featuredmedia":[{"embeddable":true,"href":"https:\/\/rcrcconference.org\/es\/wp-json\/wp\/v2\/media\/18180"}],"wp:attachment":[{"href":"https:\/\/rcrcconference.org\/es\/wp-json\/wp\/v2\/media?parent=18300"}],"curies":[{"name":"wp","href":"https:\/\/api.w.org\/{rel}","templated":true}]}}