{"id":18296,"date":"2021-06-10T14:53:18","date_gmt":"2021-06-10T14:53:18","guid":{"rendered":"https:\/\/rcrcconference.org\/about\/reporting\/33ic-resolution-4-restoring-family-links-while-respecting-privacy\/"},"modified":"2024-08-25T19:55:28","modified_gmt":"2024-08-25T19:55:28","slug":"33ic-resolution-4-restoring-family-links-while-respecting-privacy","status":"publish","type":"page","link":"https:\/\/rcrcconference.org\/es\/about\/reporting\/33ic-resolution-4-restoring-family-links-while-respecting-privacy\/","title":{"rendered":"Resoluci\u00f3n 4 &#8211;  Restablecimiento del contacto entre familiares en un marco de respeto de la privacidad, incluso en materia de protecci\u00f3n de los datos personales"},"content":{"rendered":"<section class=\"about\">\n\t<div class=\"container\">\n\t\t\t\t\t<div class=\"about__title-over\">\n\t\t\t\t<h2>Resumen <\/h2>\n\t\t\t<\/div>\n\t\t\t\t<div class=\"about__inner\">\n\t\t\t\t\t\t\t\t\t\t<div class=\"about__content\">\n\t\t\t\t\tRestablecimiento del contacto entre familiares es el t\u00e9rmino gen\u00e9rico utilizado por el Movimiento Internacional de la Cruz Roja y de la Media Luna Roja (Movimiento) para describir el conjunto de actividades destinadas a evitar las separaciones y desapariciones, esclarecer la suerte y el paradero de las personas desaparecidas, restablecer y mantener el contacto entre familiares y facilitar la reuni\u00f3n de miembros de una familia siempre que sea posible. La resoluci\u00f3n \u201cRestablecimiento del contacto entre familiares en un marco de respeto de la privacidad, incluso en materia de protecci\u00f3n de los datos personales\u201d fue aprobada por la XXXIII Conferencia Internacional, celebrada en diciembre de 2019. En la resoluci\u00f3n se reafirma el papel espec\u00edfico del Movimiento en materia de restablecimiento del contacto entre familiares y la cooperaci\u00f3n de la organizaci\u00f3n con los Estados en este \u00e1mbito, incluido el reconocimiento de la necesidad del Movimiento de gestionar y transferir datos personales con fines exclusivamente humanitarios. <br><br>La aplicaci\u00f3n de la resoluci\u00f3n es dirigida por el grupo de aplicaci\u00f3n de la Estrategia relativa al restablecimiento del contacto entre familiares, formado por el Movimiento. Este grupo apoya tambi\u00e9n la aplicaci\u00f3n de la nueva Estrategia relativa al restablecimiento del contacto entre familiares para 2020-2025, aprobada por el Consejo de Delegados que se reuni\u00f3 en 2019, con el respaldo del grupo de aplicaci\u00f3n del C\u00f3digo de conducta sobre protecci\u00f3n de datos personales en ese contexto, que aporta conocimientos t\u00e9cnicos en esta materia. Con el apoyo del grupo de aplicaci\u00f3n de la Estrategia, la plataforma de directivos guiar\u00e1 la aplicaci\u00f3n de este conjunto de reglas. Este grupo de aplicaci\u00f3n apoya y supervisa la aplicaci\u00f3n de la estrategia relativa al restablecimiento del contacto entre familiares a nivel de servicio mundial y proporciona orientaci\u00f3n y direcci\u00f3n para las plataformas regionales sobre restablecimiento de contacto entre familiares. Adem\u00e1s, elabora un marco de seguimiento y evaluaci\u00f3n para la nueva estrategia en este \u00e1mbito. \t\t\t\t<\/div>\n\t\t\t\t\t<\/div>\n\t<\/div>\n<\/section>\n\n\n<section class=\"accordion-block\" style=\"background-color: #ffffff; color: #4D4D4D\" role=\"region\" aria-label=\"Pedges accordion block\">\n\t\t\t<div class=\"accordion-block__title\" role=\"heading\" aria-level=\"3\">\n\t\t\t<h3>Resoluci\u00f3n aprobada por la XXXIII Conferencia Internacional <\/h3>\n\t\t<\/div>\n\t\t\t\t<ul class=\"accordion\">\n\t\t\t\t\t\t\t<li class=\"accordion__item\">\n\t\t\t\t\t<div class=\"accordion__title\" role=\"button\" aria-expanded=\"false\" aria-label=\"Resoluci\u00f3n 4 -  Restablecimiento del contacto entre familiares en un marco de respeto de la privacidad, incluso en materia de protecci\u00f3n de los datos personales\">\n\t\t\t\t\t\t<h3 class=\"accordion__title-h4\">Resoluci\u00f3n 4 &#8211;  Restablecimiento del contacto entre familiares en un marco de respeto de la privacidad, incluso en materia de protecci\u00f3n de los datos personales<\/h3>\n\t\t\t\t\t<\/div>\n\t\t\t\t\t<div class=\"accordion__content\" role=\"region\" hidden>\n\t\t\t\t\t\t<div class=\"redcross_list-block\"><ul><li><a rel=\"noreferrer noopener\" aria-label=\"Resoluci\u00f3n aprobada (opens in a new tab)\" href=\"https:\/\/rcrcconference.org\/app\/uploads\/2019\/12\/33IC-R4-RFL_es.pdf\" target=\"_blank\"><strong>Resoluci\u00f3n aprobada<\/strong><\/a> (33IC\/19\/R4)<strong><a href=\"https:\/\/rcrcconference.org\/app\/uploads\/2019\/10\/33IC-RFL-background-document_es.pdf\" target=\"_blank\" rel=\"noreferrer noopener\" aria-label=\"\n (opens in a new tab)\"><\/li><li><\/a><a href=\"https:\/\/rcrcconference.org\/app\/uploads\/2019\/10\/33IC-RFL-background-document_es.pdf\" target=\"_blank\" rel=\"noreferrer noopener\" aria-label=\"Documento de antecedentes (opens in a new tab)\">Documento de antecedentes<\/a><\/strong> <strong> <\/strong>(33IC\/19\/12.4)<\/li><\/ul> \t\t\t\t\t<\/div>\n\t\t\t\t<\/li>\n\t\t\t\t\t<\/ul>\n\t<\/section>\n\n\n\n<div style=\"height:100px\" aria-hidden=\"true\" class=\"wp-block-spacer\"><\/div>\n\n\n\t<div class=\"container\">\n\t\t<div class=\"btns-fl-block__title-over\">\n\t\t\t<h2>Informes sobre resoluciones<\/h2>\n\t\t<\/div>\n\t<\/div>\n<div class=\"btns-fl-block\" style=\"\">\n\t<div class=\"container\" style=\"background-color: #E5E5E5; color: #000000\">\n\t\t\t\t\t<div class=\"btns-fl-block__title\">\n\t\t\t\t<h3>D\u00e9 a conocer aqu\u00ed sus logros y puesta en pr\u00e1ctica m\u00e1s destacados <\/h3>\n\t\t\t<\/div>\n\t\t\t\t<div class=\"btns-fl-block__inner\">\n\t\t\t\t\t\t\t\t\t\t\t\t\t\t<div class=\"btns-fl-block__button\">\n\t\t\t\t\t\t\t<span>Los organizadores de la Conferencia desean conocer la experiencia de los Estados y las Sociedades Nacionales en la puesta en pr\u00e1ctica de los compromisos adquiridos en la XXXIII\u00a0Conferencia Internacional. El env\u00edo de informes breves y sencillos es posible en todo momento mediante un formulario espec\u00edfico disponible en l\u00ednea. Se recabar\u00e1 esta informaci\u00f3n peri\u00f3dicamente para evaluar el nivel y el avance de aplicaci\u00f3n.<br> <strong>\u00a0<\/strong><br><em>(Para visualizar el formulario en l\u00ednea, los miembros de la Conferencia Internacional deber\u00e1n iniciar una sesi\u00f3n en el sistema con su cuenta y c\u00f3digo de usuario. Existe una sola cuenta para cada miembro, y un solo representante de cada Sociedad Nacional o Estado miembro tiene acceso al formulario y puede rendir un informe. Sin embargo, es posible rendir varios informes. Agradeceremos consulte el apartado de la gu\u00eda relativo a la rendici\u00f3n de informes acerca del <a href=\"https:\/\/rcrcconference.org\/es\/about\/reporting\/\" target=\"_blank\" rel=\"noreferrer noopener\" aria-label=\" (opens in a new tab)\">seguimiento de los resultados de la XXXIII Conferencia Internacional de la Cruz Roja y de la Media Luna Roja<\/a> <a href=\"https:\/\/rcrcconference.org\/es\/about\/reporting\/\" target=\"_blank\" rel=\"noreferrer noopener\" aria-label=\" (opens in a new tab)\">https:\/\/rcrcconference.org\/es\/about\/reporting\/<\/a> , para obtener informaci\u00f3n m\u00e1s detallada sobre la manera de rendir informes, iniciar una sesi\u00f3n y buscar informaci\u00f3n en la base de datos.)<br><\/em><br><a rel=\"noreferrer noopener\" aria-label=\" (opens in a new tab)\" href=\"https:\/\/rcrcconference.org\/app\/uploads\/2021\/07\/survey-questions-FINAL-rev-ES-1.docx\" target=\"_blank\"><strong>Versi\u00f3n Word del formulario<\/strong><br><\/a>(<em>A t\u00edtulo de referencia y para uso interno exclusivamente. Agradeceremos tenga presente que todos los informes deber\u00e1n ser remitidos mediante el formulario espec\u00edfico disponible en l\u00ednea<\/em>) <br> <strong>\u00a0<\/strong><br><strong>Informe sobre esta resoluci\u00f3n<\/strong> <\/span>\n\t\t\t\t\t\t\t<a href=\"https:\/\/rcrcconference.org\/es\/about\/reporting\/resolution-reporting-form\/\"\n\t\t\t\t\t\t\t\t class=\"button primary\">Formulario en l\u00ednea para rendir informes<\/a>\n\t\t\t\t\t\t<\/div>\n\t\t\t\t\t\t\t\t\t\t\t\t\t\t\t\t\t\t\t\t<div class=\"btns-fl-block__button\">\n\t\t\t\t\t\t\t<span><strong>B\u00fasqueda de informes en la base de datos<\/strong><\/span>\n\t\t\t\t\t\t\t<a href=\"https:\/\/rcrcconference.org\/es\/about\/pledges\/search\/?q=&#038;_acf_filters=true&#038;_acf_screen=acf_form&#038;_acf_post_id=new&#038;_acf_validation=1&#038;_acf_form=red-cross-filters&#038;_acf_nonce=10fb23b5ec&#038;_acf_changed=1&#038;acf%5Bps_field_pledge_type%5D=&#038;acf%5Bps_field_pledge_type%5D%5B%5D=resolution&#038;acf%5Bps_field_event%5D=&#038;acf%5Bps_field_submitter%5D=&#038;acf%5Bps_field_pledge_id%5D=&#038;acf%5Bps_field_institution%5D=&#038;acf%5Bps_field_country%5D=&#038;acf%5Bps_field_keywords%5D=&#038;acf%5Bps_field_language%5D=&#038;acf%5Bps_field_reference_resolution%5D=&#038;acf%5Bps_field_reference_resolution%5D=1935&#038;_acf_form=test\"\n\t\t\t\t\t\t\t\t class=\"button primary\">Visualizaci\u00f3n de informes sobre esta resoluci\u00f3n<\/a>\n\t\t\t\t\t\t<\/div>\n\t\t\t\t\t\t\t\t\t\t\t<\/div>\n\t<\/div>\n<\/div>\n\n\n\n<div style=\"height:100px\" aria-hidden=\"true\" class=\"wp-block-spacer\"><\/div>\n\n\n\t<div class=\"container\">\n\t\t<div class=\"accordion-block__title-over\">\n\t\t\t<h2>Documentos<\/h2>\n\t\t<\/div>\n\t<\/div>\n<section class=\"about\" style=\"background-color: #ffffff; color: #4D4D4D\">\n\t<div class=\"container\">\n\t\t<div class=\"about__inner\">\n\t\t\t\t\t\t\t<div class=\"about__title\">\n\t\t\t\t\t<h3><\/h3>\n\t\t\t\t<\/div>\n\t\t\t\t\t\t\t\t\t\t<ul class=\"accordion\">\n\t\t\t\t\t\t\t\t\t\t\t<li class=\"accordion__item\">\n\t\t\t\t\t\t\t<div class=\"accordion__title\">\n\t\t\t\t\t\t\t\t<h4>Documentos<\/h4>\n\t\t\t\t\t\t\t<\/div>\n\t\t\t\t\t\t\t<div class=\"accordion__content\">\n\t\t\t\t\t\t\t\t<strong><div class=\"redcross_list-block\"><ul><li><a href=\"https:\/\/www.icrc.org\/es\/document\/codigo-conducta-proteccion-datos-personales-actividades-restablecimiento-contactos-familiares\" target=\"_blank\" rel=\"noreferrer noopener\" aria-label=\" (opens in a new tab)\">C\u00f3digo de Conducta sobre protecci\u00f3n de datos personales en las actividades de restablecimiento del contacto entre familiares, 2015<\/a>.<\/li><li><a href=\"https:\/\/rcrcconference.org\/app\/uploads\/2019\/12\/190030_es-CD19-DR-on-RFL-Strategy-with-annex_es.pdf\" target=\"_blank\" rel=\"noreferrer noopener\" aria-label=\" (opens in a new tab)\">Restablecimiento del contacto entre familiares: estrategia para el Movimiento Internacional de la Cruz Roja y de la Media Luna Roja (2020-2025) (Resoluci\u00f3n 6)<\/a>.<\/li><li><a href=\"https:\/\/rcrcconference.org\/es\/blog-es\/restoring-family-links-protecting-data-protecting-individuals\/\" target=\"_blank\" rel=\"noreferrer noopener\" aria-label=\" (opens in a new tab)\">Art\u00edculo de la bit\u00e1cora digital \u2013 Restablecimiento del contacto entre familiares: proteger datos, proteger a las personas<\/a>.<\/li><li><a href=\"https:\/\/www.icrc.org\/es\/publication\/manual-sobre-proteccion-de-datos-en-la-accion-humanitaria\" target=\"_blank\" rel=\"noreferrer noopener\" aria-label=\" (opens in a new tab)\">Manual sobre protecci\u00f3n de datos en la acci\u00f3n humanitaria, 2020 (CICR y Brussels Privacy Hub). <\/a><\/li><li><a href=\"http:\/\/www.privacyconference2011.org\/htmls\/adoptedResolutions\/2011_Mexico\/2011_CC_RES_002_Resol_Acred_ESP.pdf\" target=\"_blank\" rel=\"noreferrer noopener\" aria-label=\" (opens in a new tab)\">Resoluci\u00f3n en protecci\u00f3n de datos y desastres naturales importantes, aprobada por la 33\u00aa\u00a0Conferencia Internacional de los Comisionados de Protecci\u00f3n de Datos y Privacidad el 1\u00a0de\u00a0noviembre de 2011 en la ciudad de M\u00e9xico<\/a>.<\/li><li><a href=\"http:\/\/globalprivacyassembly.org\/wp-content\/uploads\/2015\/02\/Privacy-and-International-Humanitarian-Action-ES.pdf\" target=\"_blank\" rel=\"noreferrer noopener\" aria-label=\" (opens in a new tab)\">Resoluci\u00f3n sobre la elaboraci\u00f3n de informes de transparencia aprobada por la 37\u00aa Conferencia Internacional de los Comisionados de Protecci\u00f3n de Datos y Privacidad el 27 de octubre de 2015 en \u00c1msterdam<\/a>.<\/li><li><a href=\"https:\/\/www.icrc.org\/sites\/default\/files\/topic\/file_plus_list\/rfl_covid-19.pdf\" target=\"_blank\" rel=\"noreferrer noopener\" aria-label=\" (opens in a new tab)\"><em>Protection of Family Links during COVID-19<\/em><\/a> (en ingl\u00e9s).<\/li><li>Para consultar otros documentos o publicaciones sobre el restablecimiento del contacto entre familiares, visite la p\u00e1gina <a href=\"https:\/\/www.icrc.org\/en\/resource-centre\/result?t=restoring+family+links\" target=\"_blank\" rel=\"noreferrer noopener\" aria-label=\" (opens in a new tab)\">ICRC Resource Centre<\/a>. <\/li><\/ul><\/strong>\t\t\t\t\t\t\t<\/div>\n\t\t\t\t\t\t<\/li>\n\t\t\t\t\t\t\t\t\t<\/ul>\n\t\t\t\t\t<\/div>\n\t<\/div>\n<\/section>\n\n\n\t<div class=\"container\">\n\t\t<div class=\"btns-fl-block__title-over\">\n\t\t\t<h2>Promesas<\/h2>\n\t\t<\/div>\n\t<\/div>\n<div class=\"btns-fl-block\" style=\"background-image: url('https:\/\/rcrcconference.org\/app\/uploads\/2021\/06\/V-P-CER-E-00797-darken-scaled-e1623335488102.jpg'); color: #ffffff\">\n\t<div class=\"container\" style=\"\">\n\t\t\t\t\t<div class=\"btns-fl-block__title\">\n\t\t\t\t<h3>Informes sobre las promesas relativas a esta resoluci\u00f3n <\/h3>\n\t\t\t<\/div>\n\t\t\t\t<div class=\"btns-fl-block__inner\">\n\t\t\t\t\t\t\t\t\t\t\t\t\t\t<div class=\"btns-fl-block__button\">\n\t\t\t\t\t\t\t<span>Pulse aqu\u00ed para visualizar todas las promesas formuladas durante la XXXIII Conferencia Internacional en relaci\u00f3n con esta resoluci\u00f3n. Si desea rendir informe sobre una promesa formulada o firmada, haga clic en el t\u00edtulo de la promesa seleccionada. <br> <strong>\u00a0<\/strong><br><em>(Para visualizar el formulario en l\u00ednea, los miembros de la Conferencia Internacional deber\u00e1n iniciar una sesi\u00f3n en el sistema con su cuenta y c\u00f3digo de usuario. Existe una sola cuenta para cada miembro, y un solo representante de cada Sociedad Nacional o Estado miembro tiene acceso al formulario y puede rendir un informe. Sin embargo, es posible rendir varios informes. Agradeceremos consulte el apartado de la gu\u00eda relativo a la rendici\u00f3n de informes acerca del seguimiento de los resultados de la XXXIII Conferencia Internacional de la Cruz Roja y de la Media Luna Roja https:\/\/rcrcconference.org\/es\/about\/reporting\/ , para obtener informaci\u00f3n m\u00e1s detallada sobre la manera de rendir informes, iniciar una sesi\u00f3n y buscar informaci\u00f3n en la base de datos.) <\/em><\/span>\n\t\t\t\t\t\t\t<a href=\"https:\/\/rcrcconference.org\/es\/about\/pledges\/search\/?q=&#038;_acf_filters=true&#038;_acf_screen=acf_form&#038;_acf_post_id=new&#038;_acf_validation=1&#038;_acf_form=red-cross-filters&#038;_acf_nonce=10fb23b5ec&#038;_acf_changed=1&#038;acf%5Bps_field_pledge_type%5D=&#038;acf%5Bps_field_pledge_type%5D%5B%5D=specific&#038;acf%5Bps_field_pledge_type%5D%5B%5D=open&#038;acf%5Bps_field_event%5D=&#038;acf%5Bps_field_submitter%5D=&#038;acf%5Bps_field_pledge_id%5D=&#038;acf%5Bps_field_institution%5D=&#038;acf%5Bps_field_country%5D=&#038;acf%5Bps_field_keywords%5D=&#038;acf%5Bps_field_language%5D=&#038;acf%5Bps_field_reference_resolution%5D=&#038;acf%5Bps_field_reference_resolution%5D=1935&#038;_acf_form=test\"\n\t\t\t\t\t\t\t\t class=\"button primary\">Vea las promesas conexas<\/a>\n\t\t\t\t\t\t<\/div>\n\t\t\t\t\t\t\t\t\t\t\t\t\t\t\t\t\t\t\t\t<div class=\"btns-fl-block__button\">\n\t\t\t\t\t\t\t<span><strong>B\u00fasqueda de informes sobre las promesas relativas a esta resoluci\u00f3n<\/strong><\/span>\n\t\t\t\t\t\t\t<a href=\"https:\/\/rcrcconference.org\/es\/about\/pledges\/search\/?q=&#038;_acf_filters=true&#038;_acf_screen=acf_form&#038;_acf_post_id=new&#038;_acf_validation=1&#038;_acf_form=red-cross-filters&#038;_acf_nonce=10fb23b5ec&#038;_acf_changed=1&#038;acf%5Bps_field_pledge_type%5D=&#038;acf%5Bps_field_pledge_type%5D%5B%5D=report&#038;acf%5Bps_field_event%5D=&#038;acf%5Bps_field_submitter%5D=&#038;acf%5Bps_field_pledge_id%5D=&#038;acf%5Bps_field_institution%5D=&#038;acf%5Bps_field_country%5D=&#038;acf%5Bps_field_keywords%5D=&#038;acf%5Bps_field_language%5D=&#038;acf%5Bps_field_reference_resolution%5D=&#038;acf%5Bps_field_reference_resolution%5D=1935&#038;_acf_form=test\"\n\t\t\t\t\t\t\t\t class=\"button primary\">Vea los informes existentes sobre las promesas relativas a esta resoluci\u00f3n<\/a>\n\t\t\t\t\t\t<\/div>\n\t\t\t\t\t\t\t\t\t\t\t<\/div>\n\t<\/div>\n<\/div>\n\n\n<section class=\"about\">\n\t<div class=\"container\">\n\t\t\t\t\t<div class=\"about__title-over\">\n\t\t\t\t<h2>M\u00e1s informaci\u00f3n en los siguientes enlaces<\/h2>\n\t\t\t<\/div>\n\t\t\t\t<div class=\"about__inner\">\n\t\t\t\t\t\t\t\t\t\t<div class=\"about__content\">\n\t\t\t\t\t<img loading=\"lazy\" decoding=\"async\" width=\"150\" height=\"112\" class=\"wp-image-18152\" style=\"width: 150px;\" src=\"https:\/\/rcrcconference.org\/app\/uploads\/2021\/07\/RFL.png\" alt=\"\">   <a href=\"https:\/\/familylinks.icrc.org\/es\/Paginas\/inicio.aspx\" target=\"_blank\" rel=\"noreferrer noopener\" aria-label=\" (opens in a new tab)\">Sitio web sobre el restablecimiento del contacto entre familiares<\/a><br><br><img loading=\"lazy\" decoding=\"async\" width=\"150\" height=\"112\" class=\"wp-image-18156\" style=\"width: 150px;\" src=\"https:\/\/rcrcconference.org\/app\/uploads\/2021\/07\/ICRC-data.png\" alt=\"\">  <a href=\"https:\/\/www.icrc.org\/es\/el-cicr-y-la-proteccion-de-datos\" target=\"_blank\" rel=\"noreferrer noopener\" aria-label=\" (opens in a new tab)\">El CICR y la protecci\u00f3n de datos<\/a>\t\t\t\t<\/div>\n\t\t\t\t\t<\/div>\n\t<\/div>\n<\/section>\n\n\n\n<section class=\"single-link\" style=\"background-color: #E5E5E5\" aria-label=\"Single link section\">\n\t<div class=\"container\">\n\t\t<div class=\"single-link__inner\">\n\t\t\t\t\t\t\t<div class=\"single-link__title\">\n\t\t\t\t\t<h2>Si tiene preguntas<\/h2>\n\t\t\t\t<\/div>\n\t\t\t\t\t\t\t<div class=\"single-link__descr\">\n\t\t\t\t\t<span>No dude en escribirnos para obtener m\u00e1s informaci\u00f3n.<\/span>\n\t\t\t\t<\/div>\n\t\t\t\t\t\t\t<a href=\"https:\/\/rcrcconference.org\/es\/contact\/\"\n\t\t\t\t   class=\"button primary\">P\u00f3ngase en contacto con nosotros<\/a>\n\t\t\t\t\t<\/div>\n\t<\/div>\n<\/section>\n","protected":false},"excerpt":{"rendered":"","protected":false},"author":408,"featured_media":18172,"parent":18285,"menu_order":0,"comment_status":"closed","ping_status":"closed","template":"","meta":{"_acf_changed":false,"footnotes":""},"class_list":["post-18296","page","type-page","status-publish","has-post-thumbnail","hentry"],"acf":[],"_links":{"self":[{"href":"https:\/\/rcrcconference.org\/es\/wp-json\/wp\/v2\/pages\/18296"}],"collection":[{"href":"https:\/\/rcrcconference.org\/es\/wp-json\/wp\/v2\/pages"}],"about":[{"href":"https:\/\/rcrcconference.org\/es\/wp-json\/wp\/v2\/types\/page"}],"author":[{"embeddable":true,"href":"https:\/\/rcrcconference.org\/es\/wp-json\/wp\/v2\/users\/408"}],"replies":[{"embeddable":true,"href":"https:\/\/rcrcconference.org\/es\/wp-json\/wp\/v2\/comments?post=18296"}],"version-history":[{"count":7,"href":"https:\/\/rcrcconference.org\/es\/wp-json\/wp\/v2\/pages\/18296\/revisions"}],"predecessor-version":[{"id":28322,"href":"https:\/\/rcrcconference.org\/es\/wp-json\/wp\/v2\/pages\/18296\/revisions\/28322"}],"up":[{"embeddable":true,"href":"https:\/\/rcrcconference.org\/es\/wp-json\/wp\/v2\/pages\/18285"}],"wp:featuredmedia":[{"embeddable":true,"href":"https:\/\/rcrcconference.org\/es\/wp-json\/wp\/v2\/media\/18172"}],"wp:attachment":[{"href":"https:\/\/rcrcconference.org\/es\/wp-json\/wp\/v2\/media?parent=18296"}],"curies":[{"name":"wp","href":"https:\/\/api.w.org\/{rel}","templated":true}]}}