{"id":17412,"date":"2021-04-13T08:23:50","date_gmt":"2021-04-13T08:23:50","guid":{"rendered":"https:\/\/rcrcconference.org\/?page_id=17412"},"modified":"2024-08-25T15:20:53","modified_gmt":"2024-08-25T15:20:53","slug":"xxiii-sesiones-asamblea-general-ficr","status":"publish","type":"page","link":"https:\/\/rcrcconference.org\/es\/22nd-ifrc-general-assembly\/xxiii-sesiones-asamblea-general-ficr\/","title":{"rendered":"La Asamblea General de la Federaci\u00f3n internacional de Sociedades de la Cruz Roja y de la Media Luna Roja"},"content":{"rendered":"\n<section class=\"wp-block-red-cross-block-red-cross-text-block about\"><div class=\"container\"><div class=\"about__inner\"><div class=\"about__title\"><h3><\/h3><\/div><div class=\"about__content\">De conformidad con los estatutos de la Federaci\u00f3n Internacional, la Asamblea General es el \u00f3rgano de gobierno supremo que determina la visi\u00f3n futura y la estrategia de la organizaci\u00f3n, al igual que las pol\u00edticas generales que rigen a la Federaci\u00f3n Internacional y a las Sociedades Nacionales. Celebra reuniones bienales\u00a0a las que asisten\u00a0los delegados de las 191 Sociedades Nacionales reconocidas de la Cruz Roja y de la Media Luna Roja para determinar la pol\u00edtica general de la organizaci\u00f3n. <\/div><\/div><\/div><\/section>\n\n\n<section class=\"accordion-block\" style=\"background-color: #ffffff; color: #4D4D4D\" role=\"region\" aria-label=\"Pedges accordion block\">\n\t\t\t<div class=\"accordion-block__title\" role=\"heading\" aria-level=\"3\">\n\t\t\t<h3>La Asamblea General de la Federaci\u00f3n Internacional<\/h3>\n\t\t<\/div>\n\t\t\t\t<ul class=\"accordion\">\n\t\t\t\t\t\t\t<li class=\"accordion__item\">\n\t\t\t\t\t<div class=\"accordion__title\" role=\"button\" aria-expanded=\"false\" aria-label=\"Orden del d\u00eda y contenido del XXIV periodo de sesiones de la Asamblea General\">\n\t\t\t\t\t\t<h3 class=\"accordion__title-h4\">Orden del d\u00eda y contenido del XXIV periodo de sesiones de la Asamblea General<\/h3>\n\t\t\t\t\t<\/div>\n\t\t\t\t\t<div class=\"accordion__content\" role=\"region\" hidden>\n\t\t\t\t\t\tEl XXIV periodo de sesiones de la Asamblea General congregar\u00e1 a representantes de las 191 Sociedades Nacionales de la Cruz Roja y de la Media Luna Roja que deliberar\u00e1n y determinar\u00e1n las prioridades de la Federaci\u00f3n Internacional durante los pr\u00f3ximos dos a\u00f1os. Aprobar\u00e1n las pol\u00edticas e instrumentos que orientar\u00e1n la labor humanitaria cotidiana de las Sociedades Nacionales. Ciertas cuestiones fundamentales, tales como la confianza, la integridad, la contextualizaci\u00f3n local de la asistencia, el servicio voluntario y la inversi\u00f3n en las Sociedades Nacionales, han guiado los preparativos de las reuniones estatutarias. Estas brindar\u00e1n la oportunidad de examinar cauces y medios para preservar la pertinencia de la organizaci\u00f3n.\t\t\t\t\t<\/div>\n\t\t\t\t<\/li>\n\t\t\t\t\t\t\t<li class=\"accordion__item\">\n\t\t\t\t\t<div class=\"accordion__title\" role=\"button\" aria-expanded=\"false\" aria-label=\"Participantes en el XXIV periodo de sesiones de la Asamblea General\">\n\t\t\t\t\t\t<h3 class=\"accordion__title-h4\">Participantes en el XXIV periodo de sesiones de la Asamblea General<\/h3>\n\t\t\t\t\t<\/div>\n\t\t\t\t\t<div class=\"accordion__content\" role=\"region\" hidden>\n\t\t\t\t\t\t\u00danicamente los miembros de la Federaci\u00f3n Internacional, esto es las Sociedades Nacionales de la Cruz Roja y de la Media Luna Roja, asisten a los periodos de sesiones de la Asamblea General. Las delegaciones de los miembros gozan de id\u00e9nticos derechos y cuentan, respectivamente, con un voto. \t\t\t\t\t<\/div>\n\t\t\t\t<\/li>\n\t\t\t\t\t\t\t<li class=\"accordion__item\">\n\t\t\t\t\t<div class=\"accordion__title\" role=\"button\" aria-expanded=\"false\" aria-label=\"Lugar y fecha de la reuni\u00f3n\">\n\t\t\t\t\t\t<h3 class=\"accordion__title-h4\">Lugar y fecha de la reuni\u00f3n<\/h3>\n\t\t\t\t\t<\/div>\n\t\t\t\t\t<div class=\"accordion__content\" role=\"region\" hidden>\n\t\t\t\t\t\tLa Asamblea General se re\u00fane cada dos a\u00f1os. Cuando sus periodos de sesiones coinciden con la celebraci\u00f3n de la Conferencia Internacional de la Cruz Roja y de la Media Luna Roja, estos tienen lugar en Ginebra. Caso contrario, pueden celebrarse en otro lugar, en general acogidos en pa\u00edses de distintas Sociedades Nacionales.  <br><br>El XXIV periodo de sesiones de la Asamblea General tendr\u00e1 lugar del 23 al 25 de octubre de 2024, en Ginebra (Suiza). \t\t\t\t\t<\/div>\n\t\t\t\t<\/li>\n\t\t\t\t\t<\/ul>\n\t<\/section>\n","protected":false},"excerpt":{"rendered":"","protected":false},"author":1,"featured_media":6242,"parent":4358,"menu_order":0,"comment_status":"closed","ping_status":"closed","template":"","meta":{"_acf_changed":false,"footnotes":""},"class_list":["post-17412","page","type-page","status-publish","has-post-thumbnail","hentry"],"acf":[],"_links":{"self":[{"href":"https:\/\/rcrcconference.org\/es\/wp-json\/wp\/v2\/pages\/17412"}],"collection":[{"href":"https:\/\/rcrcconference.org\/es\/wp-json\/wp\/v2\/pages"}],"about":[{"href":"https:\/\/rcrcconference.org\/es\/wp-json\/wp\/v2\/types\/page"}],"author":[{"embeddable":true,"href":"https:\/\/rcrcconference.org\/es\/wp-json\/wp\/v2\/users\/1"}],"replies":[{"embeddable":true,"href":"https:\/\/rcrcconference.org\/es\/wp-json\/wp\/v2\/comments?post=17412"}],"version-history":[{"count":7,"href":"https:\/\/rcrcconference.org\/es\/wp-json\/wp\/v2\/pages\/17412\/revisions"}],"predecessor-version":[{"id":28252,"href":"https:\/\/rcrcconference.org\/es\/wp-json\/wp\/v2\/pages\/17412\/revisions\/28252"}],"up":[{"embeddable":true,"href":"https:\/\/rcrcconference.org\/es\/wp-json\/wp\/v2\/pages\/4358"}],"wp:featuredmedia":[{"embeddable":true,"href":"https:\/\/rcrcconference.org\/es\/wp-json\/wp\/v2\/media\/6242"}],"wp:attachment":[{"href":"https:\/\/rcrcconference.org\/es\/wp-json\/wp\/v2\/media?parent=17412"}],"curies":[{"name":"wp","href":"https:\/\/api.w.org\/{rel}","templated":true}]}}