{"id":12833,"date":"2019-11-25T12:42:24","date_gmt":"2019-11-25T12:42:24","guid":{"rendered":"https:\/\/rcrcconference.org\/trail\/digital-expo\/biometrics\/"},"modified":"2019-12-02T13:30:40","modified_gmt":"2019-12-02T13:30:40","slug":"biometrics","status":"publish","type":"page","link":"https:\/\/rcrcconference.org\/es\/trail\/digital-expo\/biometrics\/","title":{"rendered":"Biometr\u00eda"},"content":{"rendered":"\n<section class=\"wp-block-red-cross-block-red-cross-text-block about\"><div class=\"container\"><div class=\"about__inner\"><div class=\"about__title\"><h3><\/h3><\/div><div class=\"about__content\"><strong>El reconocimiento biom\u00e9trico es \u00abel reconocimiento autom\u00e1tico de personas en funci\u00f3n de sus caracter\u00edsticas biol\u00f3gicas y comportamientos\u00bb. Es decir, la biometr\u00eda se ocupa de los rasgos humanos singulares medibles, como la huella dactilar, el escaneo de iris o la manera en que una persona realiza determinadas acciones (como caminar o escribir en una computadora). Se trata de uno de los medios de identificaci\u00f3n m\u00e1s confiables a nuestra disposici\u00f3n, ya que es sumamente dif\u00edcil de falsificar.<\/strong><br\/><strong><br\/><\/strong> Las organizaciones humanitarias utilizan cada vez m\u00e1s la biometr\u00eda porque facilita enormemente la identificaci\u00f3n de personas y la prevenci\u00f3n del uso indebido de la asistencia humanitaria. Los medios de identificaci\u00f3n convencionales e impresos (como los documentos de identidad f\u00edsicos) son f\u00e1ciles de falsificar y, en relaci\u00f3n con la asistencia, pueden dar lugar a casos de duplicaci\u00f3n, denegaci\u00f3n o fraude. Adem\u00e1s, los documentos de identificaci\u00f3n impresos pueden perderse, destruirse o robarse con facilidad. Los datos biom\u00e9tricos, por su parte, permiten confirmar la identidad de las personas que no tienen otra forma de demostrar qui\u00e9nes son, por ejemplo, en caso de estar escapando de su lugar o pa\u00eds de origen. Adem\u00e1s de ser dif\u00edciles de falsificar, los datos biom\u00e9tricos, al ser producidos y almacenados de manera digital, facilitan la gesti\u00f3n eficiente de la ayuda humanitaria.<br\/> Al mismo tiempo, esta posibilidad de identificar a una persona f\u00e1cilmente y a largo plazo tambi\u00e9n despierta fuertes interrogantes en cuanto a la \u00e9tica y la protecci\u00f3n de datos. Las organizaciones humanitarias recopilan datos con el objetivo expreso de brindar asistencia y protecci\u00f3n a las personas que lo necesitan. El uso de esos datos con otros fines implicar\u00eda, por ende, traicionar la confianza depositada en las organizaciones por las personas que los otorgan, adem\u00e1s de un posible riesgo de protecci\u00f3n para ambas partes, seg\u00fan c\u00f3mo se utilicen esos datos y qui\u00e9n tenga acceso a ellos.<br\/><br\/> Se trata de una preocupaci\u00f3n normal en relaci\u00f3n con cualquier tipo de datos humanitarios, pero, si consideramos lo dif\u00edcil que es falsificar datos biom\u00e9tricos, no deber\u00eda representar un problema en este caso. Las caracter\u00edsticas que hacen que sean tan eficientes para la organizaci\u00f3n y la distribuci\u00f3n de asistencia \u2014el hecho de que sean propios de cada persona y puedan almacenarse, intercambiarse y cotejarse f\u00e1cilmente entre organizaciones, incluso de manera transfronteriza\u2014 tambi\u00e9n pueden generar un problema si se utilizan con fines que no sean humanitarios (como la aplicaci\u00f3n de la ley, la seguridad, el control fronterizo y de flujos migratorios, sin nombrar los posibles fines il\u00edcitos).<br\/><br\/> Las organizaciones humanitarias reciben cada vez m\u00e1s presi\u00f3n para transmitir datos a autoridades nacionales o regionales con fines que exceden la labor humanitaria, con la justificaci\u00f3n de que son necesarios por razones de seguridad nacional o acciones antiterroristas. Los terceros que suministran la tecnolog\u00eda para recopilar y almacenar datos biom\u00e9tricos (y de otro tipo) tambi\u00e9n son objeto de presiones similares. Este inter\u00e9s en los datos biom\u00e9tricos tambi\u00e9n habilita la posibilidad de que se intente acceder a ellos de manera il\u00edcita por medios no autorizados (como en el caso de los piratas inform\u00e1ticos), lo que implica riesgos a\u00fan m\u00e1s profundos en materia de protecci\u00f3n.<br\/><br\/> Cuando las personas otorgan sus datos personales para obtener ayuda en medio de una crisis, parten del supuesto de que esos datos no se utilizar\u00e1n en su contra en otro momento.<br\/><br\/><em> Es por eso que, en la XXXIII Conferencia Internacional, el Movimiento Internacional de la Cruz Roja y de la Media Luna Roja promueve una protecci\u00f3n m\u00e1s s\u00f3lida y exhaustiva de los datos recopilados con fines humanitarios.<\/em><\/div><\/div><\/div><\/section>\n\n\n\n<section class=\"wp-block-red-cross-block-red-cross-text-block about\"><div class=\"container\"><div class=\"about__inner\"><div class=\"about__title\"><h3>Recursos<\/h3><\/div><div class=\"about__content\"><strong><a rel=\"noreferrer noopener\" href=\"https:\/\/blogs.icrc.org\/law-and-policy\/2019\/10\/18\/innovation-protection-icrc-biometrics-policy\/\" target=\"_blank\">Ben Hayes and Massimo Marelli, Facilitating innovation, ensuring protection: the ICRC Biometrics Policy (18.10.2019)<\/a> <br\/><a rel=\"noreferrer noopener\" href=\"https:\/\/www.icrc.org\/en\/document\/icrc-biometrics-policy\" target=\"_blank\">The ICRC Biometrics Policy (16.10.2019)<\/a>  <br\/> <a rel=\"noreferrer noopener\" href=\"https:\/\/future-rcrc.com\/2019\/01\/15\/the-promise-and-peril-of-digital-identification-for-aid-distribution\/\" target=\"_blank\">The Promise and Peril of Digital Identification for Aid Distribution (15.01.2019)<\/a> <br\/><a rel=\"noreferrer noopener\" href=\"https:\/\/www.icrc.org\/en\/handbook-data-protection-humanitarian-action\" target=\"_blank\">ICRC and Brussels Privacy Hub, Handbook on Data Protection in Humanitarian Action (July 2017)<\/a>  <br\/><a rel=\"noreferrer noopener\" href=\"http:\/\/media.ifrc.org\/innovation\/solferino-academy\/the-future-is-now\/\" target=\"_blank\">IFRC and Solferino Academy, The Future is Now (online exhibition) <\/a><\/strong>  <\/div><\/div><\/div><\/section>\n","protected":false},"excerpt":{"rendered":"","protected":false},"author":404,"featured_media":12830,"parent":12411,"menu_order":0,"comment_status":"closed","ping_status":"closed","template":"","meta":{"_acf_changed":false,"footnotes":""},"class_list":["post-12833","page","type-page","status-publish","has-post-thumbnail","hentry"],"acf":[],"_links":{"self":[{"href":"https:\/\/rcrcconference.org\/es\/wp-json\/wp\/v2\/pages\/12833"}],"collection":[{"href":"https:\/\/rcrcconference.org\/es\/wp-json\/wp\/v2\/pages"}],"about":[{"href":"https:\/\/rcrcconference.org\/es\/wp-json\/wp\/v2\/types\/page"}],"author":[{"embeddable":true,"href":"https:\/\/rcrcconference.org\/es\/wp-json\/wp\/v2\/users\/404"}],"replies":[{"embeddable":true,"href":"https:\/\/rcrcconference.org\/es\/wp-json\/wp\/v2\/comments?post=12833"}],"version-history":[{"count":1,"href":"https:\/\/rcrcconference.org\/es\/wp-json\/wp\/v2\/pages\/12833\/revisions"}],"predecessor-version":[{"id":12836,"href":"https:\/\/rcrcconference.org\/es\/wp-json\/wp\/v2\/pages\/12833\/revisions\/12836"}],"up":[{"embeddable":true,"href":"https:\/\/rcrcconference.org\/es\/wp-json\/wp\/v2\/pages\/12411"}],"wp:featuredmedia":[{"embeddable":true,"href":"https:\/\/rcrcconference.org\/es\/wp-json\/wp\/v2\/media\/12830"}],"wp:attachment":[{"href":"https:\/\/rcrcconference.org\/es\/wp-json\/wp\/v2\/media?parent=12833"}],"curies":[{"name":"wp","href":"https:\/\/api.w.org\/{rel}","templated":true}]}}