{"id":12816,"date":"2019-11-25T12:37:42","date_gmt":"2019-11-25T12:37:42","guid":{"rendered":"https:\/\/rcrcconference.org\/trail\/digital-expo\/hate-speech\/"},"modified":"2019-12-02T13:23:24","modified_gmt":"2019-12-02T13:23:24","slug":"hate-speech","status":"publish","type":"page","link":"https:\/\/rcrcconference.org\/es\/trail\/digital-expo\/hate-speech\/","title":{"rendered":"El discurso de odio en las redes sociales"},"content":{"rendered":"\n<section class=\"wp-block-red-cross-block-red-cross-text-block about\"><div class=\"container\"><div class=\"about__inner\"><div class=\"about__title\"><h3><\/h3><\/div><div class=\"about__content\"><strong>Las plataformas de comunicaci\u00f3n en l\u00ednea han cobrado una importancia vital para millones de personas afectadas por desastres naturales y conflictos armados. Las redes sociales y la mensajer\u00eda instant\u00e1nea ayudan a mantener el contacto con familiares y amigos, as\u00ed como a acceder a informaci\u00f3n, por ejemplo, acerca de d\u00f3nde encontrar alimentos, refugio o asistencia m\u00e9dica. Esta informaci\u00f3n puede influir directamente en la preparaci\u00f3n, la respuesta y la recuperaci\u00f3n ante distintos tipos de crisis por parte de las personas afectadas.<\/strong><br\/><strong><br\/><\/strong> Cada vez m\u00e1s personas est\u00e1n conectadas a internet, por lo cual estas plataformas se han vuelto un canal de comunicaci\u00f3n esencial tanto para quienes atraviesan una crisis como para las organizaciones que procuran prestarles asistencia. Sin embargo, el flujo constante de intercambios instant\u00e1neos y sin filtrar tambi\u00e9n habilita la posibilidad de que esta informaci\u00f3n se utilice como un arma, es decir que se explote, ya sea deliberada o inconscientemente, de modo tal que provoque a la poblaci\u00f3n, la confunda o ejerza una influencia en ella, lo que, a menudo, puede tener consecuencias peligrosas o generar polarizaciones.<br\/> Una de las tendencias m\u00e1s preocupantes en este contexto es la presencia cada vez m\u00e1s notoria de un discurso de odio en las redes sociales, sobre todo en momentos de crisis o en situaciones de tensi\u00f3n pol\u00edtica o social. <br\/><br\/> En este tipo de discurso, la intolerancia suele incentivar la generaci\u00f3n y difusi\u00f3n de mensajes de odio que luego se amplifican a trav\u00e9s de canales en l\u00ednea. Los mensajes se reproducen en sistemas de comunicaci\u00f3n anal\u00f3gicos y digitales por igual, y se caracterizan por su capacidad de avivar tensiones colectivas y desatar la violencia en contra de integrantes de otros grupos. El aumento de ataques contra inmigrantes y otras minor\u00edas ha despertado nuevas preocupaciones acerca de la relaci\u00f3n entre el discurso provocador por internet y los hechos de violencia. Los incidentes pueden provocar o empeorar el da\u00f1o emocional, psicol\u00f3gico, social, material e, incluso, f\u00edsico que sufren algunas personas. En casi todos los continentes, se han denunciado hechos de este tipo. <br\/><br\/> El uso de herramientas digitales para distorsionar hechos y difundir mensajes provocadores tiene efectos profundos en las crisis y los conflictos, lo que exacerba las vulnerabilidades sociales de maneras nuevas e impensadas. Incluso antes de la transformaci\u00f3n digital, la tecnolog\u00eda de la comunicaci\u00f3n (medios gr\u00e1ficos, radio y televisi\u00f3n, por ejemplo) ya se consideraba un factor importante que incitaba a la violencia. La historia reciente nos da ejemplos terribles de c\u00f3mo se han aprovechado la propaganda y el discurso del odio para obtener resultados fatales; como ejemplo paradigm\u00e1tico, basta pensar en los genocidios nazi y ruand\u00e9s. En el \u00e1mbito digital, sin embargo, pueden desarrollarse, incluso, con m\u00e1s rapidez, y extenderse m\u00e1s all\u00e1 del alcance de quienes, tradicionalmente, han disminuido el posible da\u00f1o de las amenazas asociadas con la informaci\u00f3n.<br\/> La misma tecnolog\u00eda que permite que las redes sociales impulsen el activismo en favor de la democracia pueden utilizarla grupos con intenciones maliciosas que procuran organizarse y cosechar adeptos. Tambi\u00e9n posibilita que grupos marginales, incluidos los que abonan teor\u00edas conspirativas y promueven la discriminaci\u00f3n, lleguen a muchos m\u00e1s destinatarios que los habituales. <br\/> Por el veloz desarrollo de la tecnolog\u00eda de la informaci\u00f3n digital y su potencial creciente para exacerbar y acelerar las din\u00e1micas de conflicto, violencia y da\u00f1o, esta cuesti\u00f3n es por dem\u00e1s preocupante.<br\/><br\/><em> Por eso, el Movimiento Internacional de la Cruz Roja y de la Media Luna Roja se esfuerza por entender mejor el discurso de odio en las redes sociales, mejorar la capacidad de su personal para identificarlo y buscar maneras de abordarlo, a fin de proteger los principios humanitarios en la era digital.<\/em><\/div><\/div><\/div><\/section>\n\n\n\n<section class=\"wp-block-red-cross-block-red-cross-text-block about\"><div class=\"container\"><div class=\"about__inner\"><div class=\"about__title\"><h3>Recursos<\/h3><\/div><div class=\"about__content\">  <strong><a rel=\"noreferrer noopener\" href=\"https:\/\/blogs.icrc.org\/law-and-policy\/2019\/06\/12\/digital-risks-populations-armed-conflict-five-key-gaps-humanitarian-sector\/\" target=\"_blank\">Delphine van Solinge, Digital risks for populations in armed conflict: Five key gaps the humanitarian sector should address (12.06.2019) <\/a><br\/><a rel=\"noreferrer noopener\" href=\"https:\/\/www.icrc.org\/en\/publication\/4403-symposium-report-digital-risks-armed-conflicts\" target=\"_blank\">ICRC, Symposium on digital risks in situations of armed conflict (January 2019) <\/a><br\/><a rel=\"noreferrer noopener\" href=\"https:\/\/www.icrc.org\/en\/download\/file\/57272\/icrc-ifrc-ocha-social-media-guide.pdf\" target=\"_blank\">ICRC, IFRC and UNOCHA, How to use social media to engage better with people affected by crisis (October 2017) <\/a><\/strong><br\/><a rel=\"noreferrer noopener\" href=\"https:\/\/media.ifrc.org\/ifrc\/document\/community-engagement-and-accountability-toolkit\/\" target=\"_blank\"><strong>Community Engagement and Accountability Toolkit<\/strong><\/a>    <\/div><\/div><\/div><\/section>\n","protected":false},"excerpt":{"rendered":"","protected":false},"author":404,"featured_media":12814,"parent":12411,"menu_order":0,"comment_status":"closed","ping_status":"closed","template":"","meta":{"_acf_changed":false,"footnotes":""},"class_list":["post-12816","page","type-page","status-publish","has-post-thumbnail","hentry"],"acf":[],"_links":{"self":[{"href":"https:\/\/rcrcconference.org\/es\/wp-json\/wp\/v2\/pages\/12816"}],"collection":[{"href":"https:\/\/rcrcconference.org\/es\/wp-json\/wp\/v2\/pages"}],"about":[{"href":"https:\/\/rcrcconference.org\/es\/wp-json\/wp\/v2\/types\/page"}],"author":[{"embeddable":true,"href":"https:\/\/rcrcconference.org\/es\/wp-json\/wp\/v2\/users\/404"}],"replies":[{"embeddable":true,"href":"https:\/\/rcrcconference.org\/es\/wp-json\/wp\/v2\/comments?post=12816"}],"version-history":[{"count":1,"href":"https:\/\/rcrcconference.org\/es\/wp-json\/wp\/v2\/pages\/12816\/revisions"}],"predecessor-version":[{"id":12820,"href":"https:\/\/rcrcconference.org\/es\/wp-json\/wp\/v2\/pages\/12816\/revisions\/12820"}],"up":[{"embeddable":true,"href":"https:\/\/rcrcconference.org\/es\/wp-json\/wp\/v2\/pages\/12411"}],"wp:featuredmedia":[{"embeddable":true,"href":"https:\/\/rcrcconference.org\/es\/wp-json\/wp\/v2\/media\/12814"}],"wp:attachment":[{"href":"https:\/\/rcrcconference.org\/es\/wp-json\/wp\/v2\/media?parent=12816"}],"curies":[{"name":"wp","href":"https:\/\/api.w.org\/{rel}","templated":true}]}}