{"id":12795,"date":"2019-11-25T12:36:59","date_gmt":"2019-11-25T12:36:59","guid":{"rendered":"https:\/\/rcrcconference.org\/trail\/digital-expo\/connectivity\/"},"modified":"2019-12-02T13:11:02","modified_gmt":"2019-12-02T13:11:02","slug":"connectivity","status":"publish","type":"page","link":"https:\/\/rcrcconference.org\/es\/trail\/digital-expo\/connectivity\/","title":{"rendered":"Conectividad y protecci\u00f3n de datos"},"content":{"rendered":"\n<section class=\"wp-block-red-cross-block-red-cross-text-block about\"><div class=\"container\"><div class=\"about__inner\"><div class=\"about__title\"><h3><\/h3><\/div><div class=\"about__content\"><strong>La conectividad es la capacidad de estar conectados con otras personas por medio de la tecnolog\u00eda anal\u00f3gica o digital. En una emergencia, es fundamental poder comunicarse con amigos o familiares, en cualquier parte, y obtener informaci\u00f3n pertinente y actualizada sobre lo que est\u00e1 sucediendo. Sin conectividad, es dif\u00edcil y, a menudo, imposible, comunicarse con otras personas o intercambiar informaci\u00f3n. Ante una crisis, la falta de conectividad puede dificultar enormemente la localizaci\u00f3n de servicios b\u00e1sicos, como la atenci\u00f3n de salud y la educaci\u00f3n, o bien el acceso a ellos, el contacto con familiares y amigos, o la b\u00fasqueda de informaci\u00f3n necesaria para tomar decisiones, informaci\u00f3n que, en algunos casos, puede salvar vidas. La conectividad es esencial para prestar ayuda y generar resiliencia, as\u00ed como para idear soluciones innovadoras y favorecer la continua transformaci\u00f3n de la asistencia humanitaria. <\/strong><br\/><strong><br\/><\/strong> Hoy en d\u00eda, la conectividad suele ser imprescindible. Sin embargo, en situaciones de emergencia, por lo general, la infraestructura se da\u00f1a y las telecomunicaciones dejan de funcionar. Como consecuencia, es imposible acceder a informaci\u00f3n actualizada y comunicarse con seres queridos. Por eso, cada vez m\u00e1s, varias organizaciones humanitarias conciben la informaci\u00f3n como una forma de asistencia: establecen puntos de acceso wifi, entregan tarjetas SIM y tel\u00e9fonos, y ponen a disposici\u00f3n infraestructuras varias para ayudar a restablecer la conectividad. Pero es importante tener presente que las necesidades variar\u00e1n seg\u00fan las particularidades de cada crisis. La forma de utilizar la conectividad y qui\u00e9nes podr\u00e1n supervisar esa utilizaci\u00f3n tambi\u00e9n depender\u00e1n de la situaci\u00f3n. Por lo tanto, las iniciativas de las organizaciones humanitarias para restablecer la conectividad deben contemplar la responsabilidad y la inclusi\u00f3n digital, as\u00ed como los conocimientos en la materia. <br\/><br\/> A la hora de proporcionar conectividad, las organizaciones humanitarias recurren cada vez con mayor frecuencia a prestadores externos, como empresas de telecomunicaciones. Esta modalidad plantea el interrogante de qui\u00e9n tiene acceso a los datos generados (por ejemplo, el c\u00f3digo de identificaci\u00f3n de usuario, los patrones de llamadas, la frecuencia de uso, etc.) y qu\u00e9 se hace con ellos. En principio, los datos recopilados con fines humanitarios no deber\u00edan utilizarse con otros fines. Por lo tanto, las organizaciones humanitarias tienen el deber de disponer todo lo necesario para que los datos que recojan est\u00e9n debidamente protegidos de una vigilancia no justificada.<br\/><br\/> La vigilancia ser\u00e1 l\u00edcita o il\u00edcita dependiendo de si la persona o la organizaci\u00f3n que accede a esos datos tiene derecho a hacerlo y los utiliza con fines leg\u00edtimos (como la aplicaci\u00f3n de la ley). Sin embargo, los Estados tienen reglas distintas respecto de qui\u00e9n puede acceder a qu\u00e9 datos y en qu\u00e9 circunstancias. Por su parte, las organizaciones y sus socios (como las empresas de telecomunicaciones) pueden desempe\u00f1ar sus actividades en varios Estados. Por consiguiente, para las organizaciones, es muy dif\u00edcil controlar que los datos que recopilan no se utilizar\u00e1n con fines que no sean humanitarios, lo que podr\u00eda llegar a tener consecuencias desastrosas.<br\/><br\/><em> Es por eso que, en la XXXIII Conferencia Internacional, el Movimiento Internacional de la Cruz Roja y de la Media Luna Roja promueve una protecci\u00f3n m\u00e1s s\u00f3lida y exhaustiva de los datos recopilados con fines humanitarios.<\/em><br\/><\/div><\/div><\/div><\/section>\n\n\n\n<section class=\"wp-block-red-cross-block-red-cross-text-block about\"><div class=\"container\"><div class=\"about__inner\"><div class=\"about__title\"><h3>Recursos<\/h3><\/div><div class=\"about__content\"> <strong><a rel=\"noreferrer noopener\" href=\"https:\/\/www.preparecenter.org\/toolkit\/data-playbook-toolkit\" target=\"_blank\">IFRC Data Playbook (toolkit)<\/a> <br\/><a rel=\"noreferrer noopener\" href=\"https:\/\/media.ifrc.org\/ifrc\/theme\/data\/\" target=\"_blank\">IFRC Data Blog (lessons, best practices, products\/services, podcasts, training)<\/a> <br\/><a rel=\"noreferrer noopener\" href=\"https:\/\/future-rcrc.com\/tr6-digital-transformation\/\" target=\"_blank\">IFRC, Transformation 6: Undergoing a digital transformation (2019)<\/a> <br\/><a rel=\"noreferrer noopener\" href=\"https:\/\/blogs.icrc.org\/law-and-policy\/2018\/12\/07\/price-virtual-proximity-how-humanitarian-organizations-digital-trails-put-people-risk\/\" target=\"_blank\">Tina Bouffet &amp; Massimo Marelli, The price of virtual proximity: How humanitarian organizations\u2019 digital trails can put people at risk (07.12.18)<\/a>  <br\/><a rel=\"noreferrer noopener\" href=\"https:\/\/www.icrc.org\/en\/download\/file\/101039\/final_web_the_humanitarian_metadata_problem_-_doing_no_harm_in_the_digital_era.pdf\" target=\"_blank\">ICRC and Privacy International, The humanitarian metadata problem: \u201cDoing no harm\u201d in the digital era (October 2018)<\/a>  <br\/><a rel=\"noreferrer noopener\" href=\"https:\/\/blogs.icrc.org\/law-and-policy\/2018\/06\/12\/protecting-digital-beneficiary\/\" target=\"_blank\">Gus Hosein, Protecting the digital beneficiary (12.06.2018)<\/a>  <br\/><a rel=\"noreferrer noopener\" href=\"https:\/\/www.icrc.org\/en\/handbook-data-protection-humanitarian-action\" target=\"_blank\">ICRC and Brussels Privacy Hub, Handbook on Data Protection in Humanitarian Action (July 2017)<\/a>  <\/strong>  <\/div><\/div><\/div><\/section>\n","protected":false},"excerpt":{"rendered":"","protected":false},"author":404,"featured_media":12642,"parent":12411,"menu_order":0,"comment_status":"closed","ping_status":"closed","template":"","meta":{"_acf_changed":false,"footnotes":""},"class_list":["post-12795","page","type-page","status-publish","has-post-thumbnail","hentry"],"acf":[],"_links":{"self":[{"href":"https:\/\/rcrcconference.org\/es\/wp-json\/wp\/v2\/pages\/12795"}],"collection":[{"href":"https:\/\/rcrcconference.org\/es\/wp-json\/wp\/v2\/pages"}],"about":[{"href":"https:\/\/rcrcconference.org\/es\/wp-json\/wp\/v2\/types\/page"}],"author":[{"embeddable":true,"href":"https:\/\/rcrcconference.org\/es\/wp-json\/wp\/v2\/users\/404"}],"replies":[{"embeddable":true,"href":"https:\/\/rcrcconference.org\/es\/wp-json\/wp\/v2\/comments?post=12795"}],"version-history":[{"count":3,"href":"https:\/\/rcrcconference.org\/es\/wp-json\/wp\/v2\/pages\/12795\/revisions"}],"predecessor-version":[{"id":12802,"href":"https:\/\/rcrcconference.org\/es\/wp-json\/wp\/v2\/pages\/12795\/revisions\/12802"}],"up":[{"embeddable":true,"href":"https:\/\/rcrcconference.org\/es\/wp-json\/wp\/v2\/pages\/12411"}],"wp:featuredmedia":[{"embeddable":true,"href":"https:\/\/rcrcconference.org\/es\/wp-json\/wp\/v2\/media\/12642"}],"wp:attachment":[{"href":"https:\/\/rcrcconference.org\/es\/wp-json\/wp\/v2\/media?parent=12795"}],"curies":[{"name":"wp","href":"https:\/\/api.w.org\/{rel}","templated":true}]}}