{"id":12411,"date":"2019-11-20T11:01:51","date_gmt":"2019-11-20T11:01:51","guid":{"rendered":"https:\/\/rcrcconference.org\/trail\/digital-expo\/"},"modified":"2019-12-06T13:58:22","modified_gmt":"2019-12-06T13:58:22","slug":"digital-expo","status":"publish","type":"page","link":"https:\/\/rcrcconference.org\/es\/trail\/digital-expo\/","title":{"rendered":"Crisis humanitarias &#038;  Dilemas digitales"},"content":{"rendered":"<section class=\"banner small\" style=\"background-image: url('https:\/\/rcrcconference.org\/app\/uploads\/2019\/11\/Slide8-002.png');\">\n\t<div class=\"container\">\n\t\t<div class=\"banner__inner\">\n\t\t\t<div class=\"banner__title\">\n\t\t\t\t<h1>CRISIS HUMANITARIAS &#038; DILEMAS DIGITALES<\/h1>\n\t\t\t<\/div>\n                        \t\t<\/div>\n\t<\/div>\n<\/section>\n\n\n\n<section class=\"wp-block-red-cross-block-red-cross-text-block about\"><div class=\"container\"><div class=\"about__inner\"><div class=\"about__title\"><h3><\/h3><\/div><div class=\"about__content\">Una experiencia interactiva sin igual que permite ver c\u00f3mo las tecnolog\u00edas digitales, desde las redes sociales hasta la biom\u00e9trica y la conectividad, transforman las crisis humanitarias. La exposici\u00f3n pone de relieve los profundos efectos que tienen estas tecnolog\u00edas en las crisis y en la respuesta a ellas, desde la perspectiva de las personas afectadas.<br\/><br\/> Se realiza en Place des Nations y est\u00e1 abierta al p\u00fablico desde las 10:00 hasta las 19:00, entre el 5 y el 12 de diciembre de 2019.<br\/><br\/><em><strong>No se recomienda la asistencia de ni\u00f1os menores de doce a\u00f1os.<\/strong><\/em><br\/><em><strong><br\/><\/strong><\/em>  \u00bfQu\u00e9 temas aborda la exposici\u00f3n? Haga clic para obtener m\u00e1s informaci\u00f3n:<br\/> <\/div><\/div><\/div><\/section>\n\n\n\n<figure class=\"wp-block-embed-youtube aligncenter wp-block-embed is-type-video is-provider-youtube wp-embed-aspect-16-9 wp-has-aspect-ratio\"><div class=\"wp-block-embed__wrapper\">\n<iframe loading=\"lazy\" title=\"Humanitarian Trail - Digital EXPO\" width=\"500\" height=\"281\" src=\"https:\/\/www.youtube.com\/embed\/XEuoWm8W5Zo?feature=oembed\" frameborder=\"0\" allow=\"accelerometer; autoplay; clipboard-write; encrypted-media; gyroscope; picture-in-picture; web-share\" referrerpolicy=\"strict-origin-when-cross-origin\" allowfullscreen><\/iframe>\n<\/div><\/figure>\n\n\n<section class=\"events\">\n    <div class=\"container\">\n        <ul class=\"events__list\">\n                                                <li class=\"event\">\n                        <div class=\"event__pic\">\n                            <img decoding=\"async\" src=\"https:\/\/rcrcconference.org\/app\/uploads\/2019\/11\/connectivity-1.jpg\" alt=\"\">\n                        <\/div>\n                                                                            <div class=\"event__title\">\n                                <h2>Conectividad y protecci\u00f3n de datos<\/h2>\n                            <\/div>\n                                                                            <a href=\"https:\/\/rcrcconference.org\/trail\/digital-expo\/connectivity\/\" class=\"button secondary\">\n                                Conocer m\u00e1s                            <\/a>\n                                            <\/li>\n                                                                <li class=\"event\">\n                        <div class=\"event__pic\">\n                            <img decoding=\"async\" src=\"https:\/\/rcrcconference.org\/app\/uploads\/2019\/11\/Hate-speech2.jpg\" alt=\"\">\n                        <\/div>\n                                                                            <div class=\"event__title\">\n                                <h2>Discurso de odio y redes sociales<\/h2>\n                            <\/div>\n                                                                            <a href=\"https:\/\/rcrcconference.org\/trail\/digital-expo\/hate-speech\/\" class=\"button secondary\">\n                                Conocer m\u00e1s                            <\/a>\n                                            <\/li>\n                                    <\/ul>\n    <\/div>\n<\/section>\n\n\n<section class=\"events\">\n    <div class=\"container\">\n        <ul class=\"events__list\">\n                                                <li class=\"event\">\n                        <div class=\"event__pic\">\n                            <img decoding=\"async\" src=\"https:\/\/rcrcconference.org\/app\/uploads\/2019\/11\/biometrics.jpg\" alt=\"\">\n                        <\/div>\n                                                                            <div class=\"event__title\">\n                                <h2>Biometr\u00eda<\/h2>\n                            <\/div>\n                                                                            <a href=\"https:\/\/rcrcconference.org\/trail\/digital-expo\/biometrics\/\" class=\"button secondary\">\n                                Conocer m\u00e1s                            <\/a>\n                                            <\/li>\n                                                                <li class=\"event\">\n                        <div class=\"event__pic\">\n                            <img decoding=\"async\" src=\"https:\/\/rcrcconference.org\/app\/uploads\/2019\/11\/CTP.jpg\" alt=\"\">\n                        <\/div>\n                                                                            <div class=\"event__title\">\n                                <h2>Ayuda mediante transferencias monetarias digitales<\/h2>\n                            <\/div>\n                                                                            <a href=\"https:\/\/rcrcconference.org\/trail\/digital-expo\/cash-transfer\/\" class=\"button secondary\">\n                                Conocer m\u00e1s                            <\/a>\n                                            <\/li>\n                                    <\/ul>\n    <\/div>\n<\/section>\n","protected":false},"excerpt":{"rendered":"","protected":false},"author":404,"featured_media":0,"parent":11750,"menu_order":0,"comment_status":"closed","ping_status":"closed","template":"front-page.php","meta":{"_acf_changed":false,"footnotes":""},"class_list":["post-12411","page","type-page","status-publish","hentry"],"acf":[],"_links":{"self":[{"href":"https:\/\/rcrcconference.org\/es\/wp-json\/wp\/v2\/pages\/12411"}],"collection":[{"href":"https:\/\/rcrcconference.org\/es\/wp-json\/wp\/v2\/pages"}],"about":[{"href":"https:\/\/rcrcconference.org\/es\/wp-json\/wp\/v2\/types\/page"}],"author":[{"embeddable":true,"href":"https:\/\/rcrcconference.org\/es\/wp-json\/wp\/v2\/users\/404"}],"replies":[{"embeddable":true,"href":"https:\/\/rcrcconference.org\/es\/wp-json\/wp\/v2\/comments?post=12411"}],"version-history":[{"count":8,"href":"https:\/\/rcrcconference.org\/es\/wp-json\/wp\/v2\/pages\/12411\/revisions"}],"predecessor-version":[{"id":13549,"href":"https:\/\/rcrcconference.org\/es\/wp-json\/wp\/v2\/pages\/12411\/revisions\/13549"}],"up":[{"embeddable":true,"href":"https:\/\/rcrcconference.org\/es\/wp-json\/wp\/v2\/pages\/11750"}],"wp:attachment":[{"href":"https:\/\/rcrcconference.org\/es\/wp-json\/wp\/v2\/media?parent=12411"}],"curies":[{"name":"wp","href":"https:\/\/api.w.org\/{rel}","templated":true}]}}