{"id":11750,"date":"2019-11-05T09:32:25","date_gmt":"2019-11-05T09:32:25","guid":{"rendered":"https:\/\/rcrcconference.org\/trail\/"},"modified":"2019-12-05T10:19:04","modified_gmt":"2019-12-05T10:19:04","slug":"trail","status":"publish","type":"page","link":"https:\/\/rcrcconference.org\/es\/trail\/","title":{"rendered":"El sendero humanitario"},"content":{"rendered":"<section class=\"banner\" style=\"background-image: url('https:\/\/rcrcconference.org\/app\/uploads\/2019\/11\/Mus\u00e9eepg.jpg');\">\n\t<div class=\"container\">\n\t\t<div class=\"banner__inner\">\n\t\t\t<span class=\"banner__subtitle\">Entre el 4 y el 12 de diciembr<\/span>\n\t\t\t<div class=\"banner__title\">\n\t\t\t\t<h1>El sendero humanitario <\/h1>\n\t\t\t<\/div>\n\t\t\t\t\t<\/div>\n\t<\/div>\n<\/section>\n\n\n\n<section class=\"wp-block-red-cross-block-red-cross-text-block about\"><div class=\"container\"><div class=\"about__inner\"><div class=\"about__title\"><h3><\/h3><\/div><div class=\"about__content\"><strong> El sendero humanitario<\/strong> se asemeja a un museo al aire libre que propone recorridos entre puntos de referencia ricos en historia y simbolismo. Ofrece exposiciones temporarias y actividades a lo largo del recorrido basados en las tem\u00e1ticas de la XXXIII Conferencia Internacional de la Cruz Roja y de la Media Luna Roja.<br\/> Entre el 4 y el 12 de diciembre, el p\u00fablico y las <a rel=\"noreferrer noopener\" aria-label=\"escuelas  (opens in a new tab)\" href=\"https:\/\/www.eventbrite.com\/e\/sentier-humanitaire-a-geneve-visites-exclusives-tickets-78588047967\" target=\"_blank\"><strong>escuelas <\/strong><\/a>tendr\u00e1n la oportunidad \u00fanica de descubrir, a lo largo de dos senderos:<br\/>&#8211;  Los temas que se abordar\u00e1n en la Conferencia visitando lugares hist\u00f3ricos y otros puntos pertinentes y asistiendo a eventos que tendr\u00e1n lugar en la ciudad de Ginebra;<br\/>&#8211; El camino recorrido por la Cruz Roja desde sus inicios hasta los desaf\u00edos actuales y futuros.<br\/><br\/><strong>Recorrido 1: El legado humanitario: casco antiguo<\/strong><br\/> Descubra c\u00f3mo un grupo de ciudadanos de Ginebra dieron inicio a la historia de la Cruz Roja, que en poco tiempo se transform\u00f3 en acci\u00f3n humanitaria y luego dio lugar al desarrollo del derecho internacional humanitario. <br\/><br\/><br\/><strong>Recorrido 2: El camino humanitario: distrito internacional<br\/><\/strong> Explore la fascinante historia del Movimiento Internacional de la Cruz Roja y de la Media Luna Roja, emprenda el camino del interesante desarrollo de la acci\u00f3n humanitaria y del derecho internacional humanitario y conozca los desaf\u00edos emergentes y futuros. <br\/><br\/>Seleccione en el mapa el sendero que desee recorrer, descargue el folleto y descubra la fascinante historia de la Cruz Roja y de la Media Luna Roja y conozca los desaf\u00edos emergentes que dar\u00e1n forma a la evoluci\u00f3n de la acci\u00f3n humanitaria y del derecho humanitario.  <br\/><br\/><strong>Para descargar el folleto <a rel=\"noreferrer noopener\" aria-label=\"El Sendero humanitario (opens in a new tab)\" href=\"https:\/\/rcrcconference.org\/app\/uploads\/2019\/12\/CICR_Les-sentiers-humanitaires_Programme_SP_prod_web.pdf\" target=\"_blank\">El Sendero humanitario<\/a><\/strong><\/div><\/div><\/div><\/section>\n\n\n\n<div class=\"wp-block-image\"><figure class=\"aligncenter size-full is-resized\"><a href=\"https:\/\/rcrcconference.org\/es\/trail\/digital-expo\/\"><img loading=\"lazy\" decoding=\"async\" src=\"https:\/\/rcrcconference.org\/app\/uploads\/2019\/12\/Digital-Expo-1.gif\" alt=\"\" class=\"wp-image-12760\" width=\"900\" height=\"180\"\/><\/a><figcaption><strong><a href=\"https:\/\/rcrcconference.org\/es\/trail\/digital-expo\/\">Crisis humanitarias &amp; dilemas digitales- Place des Nations<\/a><\/strong><\/figcaption><\/figure><\/div>\n\n\n\n<section class=\"wp-block-red-cross-block-red-cross-text-block about\"><div class=\"container\"><div class=\"about__inner\"><div class=\"about__title\"><h3><\/h3><\/div><div class=\"about__content\"> <strong>Acceso<br\/><\/strong> Las actividades temporarias que se organizan  a lo largo del sendero son gratuitas, salvo  la exposici\u00f3n Posters Unpacked, en el Museo Internacional de la Cruz Roja y de la Media Luna<br\/> Roja, y War and Peace, en el Museo Bodmer.  M\u00e1s informaci\u00f3n disponible en cada uno de  los establecimientos asociados. La entrada  al Museo Internacional de la Cruz Roja y de la<br\/> Media Luna Roja es gratuita para los delegados de la Conferencia, que deben presentar la credencial con su nombre.<br\/> <a rel=\"noreferrer noopener\" href=\"http:\/\/www.fondationbodmer.ch\/en\/\" target=\"_blank\">www.fondationbodmer.ch\/en\/<\/a><br\/> <a rel=\"noreferrer noopener\" href=\"http:\/\/www.redcrossmuseum.ch\/en\/your-visit\/practical-information\/\" target=\"_blank\">www.redcrossmuseum.ch\/en\/your-visit\/practical-information\/<\/a> <a rel=\"noreferrer noopener\" href=\"http:\/\/www.redcrossmuseum.ch\/en\/your-visit\/practical-information\/\" target=\"_blank\">\/<\/a><br\/><br\/><strong><em>Exclusivamente para delegados y participantes en la Conferencia:<\/em><\/strong> El 9 de diciembre, s\u00famese a una de nuestras visitas grupales guiadas y gratuitas, que se ofrecen en franc\u00e9s, ingl\u00e9s y \u00e1rabe durante todo el d\u00eda. Para registrarse, complete este <a href=\"https:\/\/rcrcconference.org\/es\/contact\/\"><strong>formulario <\/strong><\/a>poniendo \u00abHumanitarian Trail registration\u00bb en el tema de su mensaje o verifique la comunicaci\u00f3n enviada a todos los participantes el 25 de octubre.  <\/div><\/div><\/div><\/section>\n\n\n\n<div class=\"wp-block-image\"><figure class=\"aligncenter\"><a href=\"https:\/\/maphub.net\/LeSentierHumanitaire\/el-sendero-humanitario-de-ginebra\" target=\"_blank\" rel=\"noreferrer noopener\"><img loading=\"lazy\" decoding=\"async\" width=\"1920\" height=\"971\" src=\"https:\/\/rcrcconference.org\/app\/uploads\/2019\/11\/Humanitarian-trail.png\" alt=\"\" class=\"wp-image-11224\" srcset=\"https:\/\/rcrcconference.org\/app\/uploads\/2019\/11\/Humanitarian-trail.png 1920w, https:\/\/rcrcconference.org\/app\/uploads\/2019\/11\/Humanitarian-trail-300x152.png 300w, https:\/\/rcrcconference.org\/app\/uploads\/2019\/11\/Humanitarian-trail-768x388.png 768w, https:\/\/rcrcconference.org\/app\/uploads\/2019\/11\/Humanitarian-trail-1024x518.png 1024w\" sizes=\"(max-width: 1920px) 100vw, 1920px\" \/><\/a><\/figure><\/div>\n\n\n<div class=\"pledges-btn\" aria-label=\"Pledges button container\">\n\t<div class=\"container\">\n\t\t<div class=\"pledges-btn__inner\" role=\"button\">\n\t\t\t\t\t\t\t\t\t\t\t\t<a href=\"https:\/\/rcrcconference.org\/es\/contact\/\" class=\"button primary\">Para m\u00e1s informaci\u00f3n sobre \nel Sendero Humanitario, cont\u00e1ctenos<\/a>\n\t\t\t\t\t\t\t\t\t<\/div>\n\t<\/div>\n<\/div>\n","protected":false},"excerpt":{"rendered":"","protected":false},"author":1,"featured_media":10901,"parent":0,"menu_order":0,"comment_status":"closed","ping_status":"closed","template":"front-page.php","meta":{"_acf_changed":false,"footnotes":""},"class_list":["post-11750","page","type-page","status-publish","has-post-thumbnail","hentry"],"acf":[],"_links":{"self":[{"href":"https:\/\/rcrcconference.org\/es\/wp-json\/wp\/v2\/pages\/11750"}],"collection":[{"href":"https:\/\/rcrcconference.org\/es\/wp-json\/wp\/v2\/pages"}],"about":[{"href":"https:\/\/rcrcconference.org\/es\/wp-json\/wp\/v2\/types\/page"}],"author":[{"embeddable":true,"href":"https:\/\/rcrcconference.org\/es\/wp-json\/wp\/v2\/users\/1"}],"replies":[{"embeddable":true,"href":"https:\/\/rcrcconference.org\/es\/wp-json\/wp\/v2\/comments?post=11750"}],"version-history":[{"count":14,"href":"https:\/\/rcrcconference.org\/es\/wp-json\/wp\/v2\/pages\/11750\/revisions"}],"predecessor-version":[{"id":13303,"href":"https:\/\/rcrcconference.org\/es\/wp-json\/wp\/v2\/pages\/11750\/revisions\/13303"}],"wp:featuredmedia":[{"embeddable":true,"href":"https:\/\/rcrcconference.org\/es\/wp-json\/wp\/v2\/media\/10901"}],"wp:attachment":[{"href":"https:\/\/rcrcconference.org\/es\/wp-json\/wp\/v2\/media?parent=11750"}],"curies":[{"name":"wp","href":"https:\/\/api.w.org\/{rel}","templated":true}]}}