{"id":11589,"date":"2019-11-15T12:16:27","date_gmt":"2019-11-15T12:16:27","guid":{"rendered":"https:\/\/rcrcconference.org\/about\/33rd-international-conference\/for-the-record-voices-from-the-conference\/"},"modified":"2020-03-03T15:06:25","modified_gmt":"2020-03-03T15:06:25","slug":"for-the-record-voices-from-the-conference","status":"publish","type":"page","link":"https:\/\/rcrcconference.org\/es\/about\/33rd-international-conference\/for-the-record-voices-from-the-conference\/","title":{"rendered":"Para la memoria: Voces de la Conferencia"},"content":{"rendered":"<section class=\"banner\" style=\"background-image: url('https:\/\/rcrcconference.org\/app\/uploads\/2019\/07\/IMG-1796-e1573820256651.jpg');\">\n\t<div class=\"container\">\n\t\t<div class=\"banner__inner\">\n\t\t\t<span class=\"banner__subtitle\">10 \u2013 12 de diciembre de 2019, Salas 5 y 6, CICG<\/span>\n\t\t\t<div class=\"banner__title\">\n\t\t\t\t<h1>Para la memoria: Voces de la Conferencia <\/h1>\n\t\t\t<\/div>\n\t\t\t\t\t<\/div>\n\t<\/div>\n<\/section>\n\n\n\n<section class=\"wp-block-red-cross-block-red-cross-text-block about\"><div class=\"container\"><div class=\"about__inner\"><div class=\"about__title\"><h3><\/h3><\/div><div class=\"about__content\"> <br\/> <br\/> <br\/> <br\/>Durante esta sesi\u00f3n plenaria, los miembros y observadores de la Conferencia Internacional tuvieron la oportunidad de pronunciar declaraciones formales sobre los temas que se debatieron en el evento. Al tratarse de una sesi\u00f3n oficial, las declaraciones se transcribir\u00e1n en su totalidad en las actas oficiales, que se publicar\u00e1n en l\u00ednea y se distribuir\u00e1n a los miembros una vez listas. <br\/><br\/> <br\/> <\/div><\/div><\/div><\/section>\n","protected":false},"excerpt":{"rendered":"","protected":false},"author":1,"featured_media":0,"parent":507,"menu_order":0,"comment_status":"closed","ping_status":"closed","template":"front-page.php","meta":{"_acf_changed":false,"footnotes":""},"class_list":["post-11589","page","type-page","status-publish","hentry"],"acf":[],"_links":{"self":[{"href":"https:\/\/rcrcconference.org\/es\/wp-json\/wp\/v2\/pages\/11589"}],"collection":[{"href":"https:\/\/rcrcconference.org\/es\/wp-json\/wp\/v2\/pages"}],"about":[{"href":"https:\/\/rcrcconference.org\/es\/wp-json\/wp\/v2\/types\/page"}],"author":[{"embeddable":true,"href":"https:\/\/rcrcconference.org\/es\/wp-json\/wp\/v2\/users\/1"}],"replies":[{"embeddable":true,"href":"https:\/\/rcrcconference.org\/es\/wp-json\/wp\/v2\/comments?post=11589"}],"version-history":[{"count":12,"href":"https:\/\/rcrcconference.org\/es\/wp-json\/wp\/v2\/pages\/11589\/revisions"}],"predecessor-version":[{"id":15557,"href":"https:\/\/rcrcconference.org\/es\/wp-json\/wp\/v2\/pages\/11589\/revisions\/15557"}],"up":[{"embeddable":true,"href":"https:\/\/rcrcconference.org\/es\/wp-json\/wp\/v2\/pages\/507"}],"wp:attachment":[{"href":"https:\/\/rcrcconference.org\/es\/wp-json\/wp\/v2\/media?parent=11589"}],"curies":[{"name":"wp","href":"https:\/\/api.w.org\/{rel}","templated":true}]}}