{"id":11148,"date":"2019-11-07T19:49:30","date_gmt":"2019-11-07T19:49:30","guid":{"rendered":"https:\/\/rcrcconference.org\/trust-in-humanitarian-action\/"},"modified":"2019-12-10T11:55:26","modified_gmt":"2019-12-10T11:55:26","slug":"confianza-en-la-accion-humanitaria","status":"publish","type":"page","link":"https:\/\/rcrcconference.org\/es\/about\/33rd-international-conference\/confianza-en-la-accion-humanitaria\/","title":{"rendered":"Confianza en la acci\u00f3n humanitaria"},"content":{"rendered":"\n<section class=\"wp-block-red-cross-block-red-cross-text-block about\"><div class=\"container\"><div class=\"about__inner\"><div class=\"about__title\"><h3><\/h3><\/div><div class=\"about__content\">La confianza es la base de la acci\u00f3n humanitaria. Para lograr acceso, apoyo y respeto por su misi\u00f3n, el Movimiento Internacional de la Cruz Roja y de la Media Luna Roja depende de la confianza de las autoridades, del p\u00fablico en general y de las personas y las comunidades a las que se propone ayudar.<br\/> Este tema forma parte del programa de la XXXIII Conferencia Internacional debido a la disminuci\u00f3n de la confianza en las instituciones y en los Gobiernos, al aumento de la vigilancia que ejerce la opini\u00f3n p\u00fablica y a los llamamientos por una mayor rendici\u00f3n de cuentas e integridad. Esta comisi\u00f3n analizar\u00e1 c\u00f3mo los componentes del Movimiento pueden trabajar junto con los Estados para mantener y fortalecer la confianza en la acci\u00f3n humanitaria basada en principios.<br\/><br\/><a href=\"https:\/\/rcrcconference.org\/app\/uploads\/2019\/12\/33IC-Trust-conceptual-paper_ES.pdf\" target=\"_blank\" rel=\"noreferrer noopener\" aria-label=\" Documento de antecedentes sobre el concepto de confianza  (opens in a new tab)\"><strong> Documento de antecedentes sobre el concepto de confianza <\/strong><\/a><\/div><\/div><\/div><\/section>\n\n\n\n<figure class=\"wp-block-embed-youtube aligncenter wp-block-embed is-type-video is-provider-youtube wp-embed-aspect-16-9 wp-has-aspect-ratio\"><div class=\"wp-block-embed__wrapper\">\n<iframe loading=\"lazy\" title=\"Trust in Humanitarian Action at the 33rd International Conference ES\" width=\"500\" height=\"281\" src=\"https:\/\/www.youtube.com\/embed\/0S5lAyMIw1A?list=PLf2g_NkFyyv7UH3vzIRpDXuC_M1fU-d2_\" frameborder=\"0\" allow=\"accelerometer; autoplay; clipboard-write; encrypted-media; gyroscope; picture-in-picture; web-share\" referrerpolicy=\"strict-origin-when-cross-origin\" allowfullscreen><\/iframe>\n<\/div><\/figure>\n\n\n<section class=\"accordion-block\" style=\"background-color: #8C8C8C; color: #ffffff\" role=\"region\" aria-label=\"Pedges accordion block\">\n\t\t\t<div class=\"accordion-block__title\" role=\"heading\" aria-level=\"3\">\n\t\t\t<h3>Ofrecer\u00e1 una sesi\u00f3n plenaria de apertura y una de cierre, que establecer\u00e1 nexos entre los temas tratados los d\u00edas anteriores desde la \u00f3ptica de la confianza, as\u00ed como tres sesiones \u00abEn el candelero\u00bb, que girar\u00e1n en torno de las siguientes cuestiones. <\/h3>\n\t\t<\/div>\n\t\t\t\t<ul class=\"accordion\">\n\t\t\t\t\t\t\t<li class=\"accordion__item\">\n\t\t\t\t\t<div class=\"accordion__title\" role=\"button\" aria-expanded=\"false\" aria-label=\"1. La confianza a trav\u00e9s de la participaci\u00f3n comunitaria y la rendici\u00f3n de cuentas: \u00bfqu\u00e9 cambios fundamentales se necesitan?\">\n\t\t\t\t\t\t<h3 class=\"accordion__title-h4\">1. La confianza a trav\u00e9s de la participaci\u00f3n comunitaria y la rendici\u00f3n de cuentas: \u00bfqu\u00e9 cambios fundamentales se necesitan?<\/h3>\n\t\t\t\t\t<\/div>\n\t\t\t\t\t<div class=\"accordion__content\" role=\"region\" hidden>\n\t\t\t\t\t\tEl objetivo de esta sesi\u00f3n es generar un debate sobre los cambios fundamentales necesarios para desarrollar la participaci\u00f3n de las comunidades y aumentar la rendici\u00f3n de cuentas a ellas. El intercambio girar\u00e1 en torno del establecimiento de una noci\u00f3n com\u00fan de la relaci\u00f3n entre la confianza y la participaci\u00f3n comunitaria, la exposici\u00f3n de iniciativas que hayan dado resultado y la identificaci\u00f3n de qu\u00e9 acciones se han de adoptar de manera colectiva. <br> \u2022    <a rel=\"noreferrer noopener\" aria-label=\"Resoluci\u00f3n sobre compromisos de todo el Movimiento en materia de participaci\u00f3n comunitaria y rendici\u00f3n de cuentas  (opens in a new tab)\" href=\"https:\/\/rcrcconference.org\/app\/uploads\/2019\/07\/CD19-CEA-draft-zero-resolution_es.pdf\" target=\"_blank\"><strong>Resoluci\u00f3n sobre compromisos de todo el Movimiento en materia de participaci\u00f3n comunitaria y rendici\u00f3n de cuentas <\/strong><\/a><br> \u2022    \u201c<a rel=\"noreferrer noopener\" aria-label=\"Compromisos de todo el Movimiento en materia de participaci\u00f3n comunitaria y rendici\u00f3n de cuentas\u201d, documento de antecedentes (opens in a new tab)\" href=\"https:\/\/rcrcconference.org\/app\/uploads\/2019\/07\/CD19-CEA-Background-document_es.pdf\" target=\"_blank\"><strong>Compromisos de todo el Movimiento en materia de participaci\u00f3n comunitaria y rendici\u00f3n de cuentas\u201d, documento de antecedentes<\/strong><\/a><br> \u2022    Rese\u00f1a sobre los elementos clave para una participaci\u00f3n comunitaria exitosa \t\t\t\t\t<\/div>\n\t\t\t\t<\/li>\n\t\t\t\t\t\t\t<li class=\"accordion__item\">\n\t\t\t\t\t<div class=\"accordion__title\" role=\"button\" aria-expanded=\"false\" aria-label=\"2. Integridad y distribuci\u00f3n de riesgos\">\n\t\t\t\t\t\t<h3 class=\"accordion__title-h4\">2. Integridad y distribuci\u00f3n de riesgos<\/h3>\n\t\t\t\t\t<\/div>\n\t\t\t\t\t<div class=\"accordion__content\" role=\"region\" hidden>\n\t\t\t\t\t\tEl Movimiento es responsable de hacer todo lo posible por garantizar el ejercicio continuo de una acci\u00f3n humanitaria basada en principios. Sin embargo, dada la creciente complejidad del entorno operacional, es necesario intensificar los esfuerzos para que se cumplan los criterios m\u00ednimos de integridad. Esta sesi\u00f3n tiene como objetivo identificar las relaciones y los puntos de tensi\u00f3n en la experiencia de los actores humanitarios con respecto a la integridad e iniciar un di\u00e1logo sobre las medidas colectivas que se han de adoptar.  <br> \u2022    <strong><a rel=\"noreferrer noopener\" aria-label=\"Declaraci\u00f3n sobre integridad del Movimiento Internacional de la Cruz Roja y de la Media Luna Roja (opens in a new tab)\" href=\"https:\/\/rcrcconference.org\/app\/uploads\/2019\/10\/CD19-Integrity-statement-Working-draft-ES.pdf\" target=\"_blank\">Declaraci\u00f3n sobre integridad del Movimiento Internacional de la Cruz Roja y de la Media Luna Roja<\/a><\/strong> <br> \u2022    <a rel=\"noreferrer noopener\" aria-label=\"Estrategia 2030, cap\u00edtulo sobre fomento de la confianza y la rendici\u00f3n de cuentas (opens in a new tab)\" href=\"https:\/\/future-rcrc.com\/es\/tr3-trusted-organization\/\" target=\"_blank\"><strong>Estrategia 2030, cap\u00edtulo sobre fomento de la confianza y la rendici\u00f3n de cuentas<\/strong><\/a><br> <a rel=\"noreferrer noopener\" aria-label=\"ES (opens in a new tab)\" href=\"https:\/\/future-rcrc.com\/es\/tr3-trusted-organization\/\" target=\"_blank\"><strong>ES<\/strong><\/a>\t\t\t\t\t<\/div>\n\t\t\t\t<\/li>\n\t\t\t\t\t\t\t<li class=\"accordion__item\">\n\t\t\t\t\t<div class=\"accordion__title\" role=\"button\" aria-expanded=\"false\" aria-label=\"3. Crear un entorno propicio para la acci\u00f3n humanitaria basada en principios\">\n\t\t\t\t\t\t<h3 class=\"accordion__title-h4\">3. Crear un entorno propicio para la acci\u00f3n humanitaria basada en principios<\/h3>\n\t\t\t\t\t<\/div>\n\t\t\t\t\t<div class=\"accordion__content\" role=\"region\" hidden>\n\t\t\t\t\t\tEl objetivo de esta sesi\u00f3n es analizar c\u00f3mo se genera un entorno propicio para la acci\u00f3n humanitaria basada en principios a nivel mundial, nacional y local por medio del esclarecimiento del papel de los actores pertinentes. Se identificar\u00e1n dificultades y resultados clave, se expondr\u00e1n ejemplos de pr\u00e1cticas id\u00f3neas y se examinar\u00e1n posibles respuestas colectivas. <br> \u2022    <a rel=\"noreferrer noopener\" aria-label=\"Informe mundial sobre desastres, 2018 (opens in a new tab)\" href=\"https:\/\/media.ifrc.org\/ifrc\/wp-content\/uploads\/sites\/5\/2018\/11\/B-WDR-2018-EXECSUM-SP.pdf\" target=\"_blank\"><strong>Informe mundial sobre desastres, 2018<\/strong><\/a><br> <a rel=\"noreferrer noopener\" aria-label=\"SP (opens in a new tab)\" href=\"https:\/\/media.ifrc.org\/ifrc\/wp-content\/uploads\/sites\/5\/2018\/10\/B-WDR-SP%20web.pdf\" target=\"_blank\"><strong>SP<\/strong><\/a>\t\t\t\t\t<\/div>\n\t\t\t\t<\/li>\n\t\t\t\t\t<\/ul>\n\t<\/section>\n","protected":false},"excerpt":{"rendered":"","protected":false},"author":1,"featured_media":11093,"parent":507,"menu_order":0,"comment_status":"closed","ping_status":"closed","template":"","meta":{"_acf_changed":false,"footnotes":""},"class_list":["post-11148","page","type-page","status-publish","has-post-thumbnail","hentry"],"acf":[],"_links":{"self":[{"href":"https:\/\/rcrcconference.org\/es\/wp-json\/wp\/v2\/pages\/11148"}],"collection":[{"href":"https:\/\/rcrcconference.org\/es\/wp-json\/wp\/v2\/pages"}],"about":[{"href":"https:\/\/rcrcconference.org\/es\/wp-json\/wp\/v2\/types\/page"}],"author":[{"embeddable":true,"href":"https:\/\/rcrcconference.org\/es\/wp-json\/wp\/v2\/users\/1"}],"replies":[{"embeddable":true,"href":"https:\/\/rcrcconference.org\/es\/wp-json\/wp\/v2\/comments?post=11148"}],"version-history":[{"count":4,"href":"https:\/\/rcrcconference.org\/es\/wp-json\/wp\/v2\/pages\/11148\/revisions"}],"predecessor-version":[{"id":14352,"href":"https:\/\/rcrcconference.org\/es\/wp-json\/wp\/v2\/pages\/11148\/revisions\/14352"}],"up":[{"embeddable":true,"href":"https:\/\/rcrcconference.org\/es\/wp-json\/wp\/v2\/pages\/507"}],"wp:featuredmedia":[{"embeddable":true,"href":"https:\/\/rcrcconference.org\/es\/wp-json\/wp\/v2\/media\/11093"}],"wp:attachment":[{"href":"https:\/\/rcrcconference.org\/es\/wp-json\/wp\/v2\/media?parent=11148"}],"curies":[{"name":"wp","href":"https:\/\/api.w.org\/{rel}","templated":true}]}}